{"id":27051,"date":"2022-06-04T15:41:54","date_gmt":"2022-06-04T14:41:58","guid":{"rendered":"https:\/\/informacionturisticatenerife.com\/?post_type=product&#038;p=27051"},"modified":"2025-08-12T11:05:14","modified_gmt":"2025-08-12T10:05:14","slug":"excursion-vip-tour-teide-masca-copia","status":"publish","type":"product","link":"https:\/\/informacionturisticatenerife.com\/it\/producto\/excursion-vip-tour-teide-masca-copia\/","title":{"rendered":"Excursi\u00f3n Vip Tour Teide &#8211; Masca (copia)"},"content":{"rendered":"<div class=\"prewrap\">\n<div class=\"prewrap\">\n<p>Scopri il lusso di poter visitare un&#8217;isola meravigliosa come La Gomera a bordo di uno dei minivan di Tamar\u00e1n, spazioso e preparato per ricordare a lungo il tuo VIP Tour di La Gomera. Lascia che il team ti dica tutto su ci\u00f2 che stai visitando e immergiti completamente in un&#8217;isola che \u00e8 stata il preludio alla scoperta dell&#8217;America da parte di Cristoforo Colombo.<\/p>\n<p>Conosci i luoghi che rendono davvero speciale quest&#8217;isola, che ha l&#8217;onore di avere una lingua, il fischietto di Gomeran, dichiarata Patrimonio dell&#8217;Umanit\u00e0. Se vuoi scoprire tutto al riguardo, non perdere le spiegazioni del team di Tamar\u00e1n, che render\u00e0 il tuo VIP Tour di La Gomera un&#8217;esperienza che ti far\u00e0 sentire parte di un&#8217;isola piena di storia.<\/p>\n<p>Inizia la tua rotta in traghetto in grande stile: con un open bar di cibo e bevande mentre ti godi la brezza e le migliori viste sull&#8217;Atlantico. Quando arrivi a San Sebasti\u00e1n de La Gomera, proprio come fece Colombo pi\u00f9 di 500 anni fa, inizierai un viaggio che ti porter\u00e0 in luoghi da sogno come il belvedere di Vallehermoso, il Parco Nazionale di Garajonay con le sue foreste di alloro o il belvedere di Open .<\/p>\n<p>Torna all&#8217;origine al termine della giornata e fallo sorridente per una comoda passeggiata da ricordare da cui avrai estratto storia, curiosit\u00e0 culturali e naturali e un vasto repertorio di foto di una delle isole pi\u00f9 carismatiche dell&#8217;Atlantico.<\/p>\n<\/div>\n<div><b>Duraci\u00f3n :<\/b>\u00a0<strong>09:00 ore<\/strong><\/div>\n<div><\/div>\n<\/div>\n<div><\/div>\n<div>\n<div>\n<p><iframe loading=\"lazy\" title=\"YouTube video player\" src=\"https:\/\/www.youtube.com\/embed\/38XdeuAEFJg\" width=\"560\" height=\"315\" frameborder=\"0\" allowfullscreen=\"allowfullscreen\"><\/iframe><\/p>\n<p>&nbsp;<\/p>\n<\/div>\n<\/div>\n","protected":false},"excerpt":{"rendered":"<div class=\"prewrap\">\n<div class=\"prewrap\">\n<div class=\"prewrap\">\n<div class=\"prewrap\">\n<div class=\"prewrap\">\n<div class=\"prewrap\">\n<div class=\"prewrap\">\n<div class=\"prewrap\">\n<div class=\"prewrap\">\n<div class=\"prewrap\">\n<div class=\"prewrap\">\n<div class=\"prewrap\">\n<div class=\"prewrap\">\n<div class=\"prewrap\">\n<div class=\"prewrap\">\n<div class=\"prewrap\">\n<div class=\"prewrap\">\n<div class=\"prewrap\">\n<div class=\"prewrap\">\n<div class=\"prewrap\">\n<div class=\"prewrap\">\n<div class=\"prewrap\">\n<div class=\"prewrap\">\n<p>Scopri il lusso di poter visitare un&#8217;isola meravigliosa come La Gomera a bordo di uno dei minivan di Tamar\u00e1n, spazioso e preparato per ricordare a lungo il tuo VIP Tour di La Gomera. Lascia che il team ti dica tutto su ci\u00f2 che stai visitando e immergiti completamente in un&#8217;isola che \u00e8 stata il preludio alla scoperta dell&#8217;America da parte di Cristoforo Colombo.<\/p>\n<p>Conosci i luoghi che rendono davvero speciale quest&#8217;isola, che ha l&#8217;onore di avere una lingua, il fischietto di Gomeran, dichiarata Patrimonio dell&#8217;Umanit\u00e0. Se vuoi scoprire tutto al riguardo, non perdere le spiegazioni del team di Tamar\u00e1n, che render\u00e0 il tuo VIP Tour di La Gomera un&#8217;esperienza che ti far\u00e0 sentire parte di un&#8217;isola piena di storia.<\/p>\n<p><b>Duraci\u00f3n :<\/b>\u00a0<strong>09:00 ore<\/strong><\/p>\n<\/div>\n<\/div>\n<\/div>\n<\/div>\n<\/div>\n<\/div>\n<\/div>\n<\/div>\n<\/div>\n<\/div>\n<\/div>\n<\/div>\n<\/div>\n<\/div>\n<\/div>\n<\/div>\n<\/div>\n<\/div>\n<\/div>\n<\/div>\n<\/div>\n<\/div>\n<\/div>\n<p><iframe loading=\"lazy\" title=\"YouTube video player\" src=\"https:\/\/www.youtube.com\/embed\/38XdeuAEFJg\" width=\"560\" height=\"315\" frameborder=\"0\" allowfullscreen=\"allowfullscreen\"><\/iframe><\/p>\n","protected":false},"featured_media":27063,"comment_status":"open","ping_status":"closed","template":"","meta":[],"product_brand":[],"product_cat":[136],"product_tag":[104,105,106,107,108],"class_list":{"0":"post-27051","1":"product","2":"type-product","3":"status-publish","4":"has-post-thumbnail","6":"product_cat-jeep-tours-it","7":"product_tag-aventura-y-naturaleza-it","8":"product_tag-canarias-it","9":"product_tag-islas-canarias-it","10":"product_tag-multiaventuras-it","11":"product_tag-tenerife-it","13":"first","14":"instock","15":"virtual","16":"sold-individually","17":"taxable","18":"purchasable","19":"product-type-booking"},"_links":{"self":[{"href":"https:\/\/informacionturisticatenerife.com\/it\/wp-json\/wp\/v2\/product\/27051","targetHints":{"allow":["GET"]}}],"collection":[{"href":"https:\/\/informacionturisticatenerife.com\/it\/wp-json\/wp\/v2\/product"}],"about":[{"href":"https:\/\/informacionturisticatenerife.com\/it\/wp-json\/wp\/v2\/types\/product"}],"replies":[{"embeddable":true,"href":"https:\/\/informacionturisticatenerife.com\/it\/wp-json\/wp\/v2\/comments?post=27051"}],"wp:featuredmedia":[{"embeddable":true,"href":"https:\/\/informacionturisticatenerife.com\/it\/wp-json\/wp\/v2\/media\/27063"}],"wp:attachment":[{"href":"https:\/\/informacionturisticatenerife.com\/it\/wp-json\/wp\/v2\/media?parent=27051"}],"wp:term":[{"taxonomy":"product_brand","embeddable":true,"href":"https:\/\/informacionturisticatenerife.com\/it\/wp-json\/wp\/v2\/product_brand?post=27051"},{"taxonomy":"product_cat","embeddable":true,"href":"https:\/\/informacionturisticatenerife.com\/it\/wp-json\/wp\/v2\/product_cat?post=27051"},{"taxonomy":"product_tag","embeddable":true,"href":"https:\/\/informacionturisticatenerife.com\/it\/wp-json\/wp\/v2\/product_tag?post=27051"}],"curies":[{"name":"wp","href":"https:\/\/api.w.org\/{rel}","templated":true}]}}