{"id":17909,"date":"2020-08-09T19:48:30","date_gmt":"2020-09-09T18:48:33","guid":{"rendered":"https:\/\/informacionturisticatenerife.com\/?post_type=product&#038;p=17909"},"modified":"2024-05-28T09:37:48","modified_gmt":"2024-05-28T08:37:48","slug":"laboratorio-astronomico","status":"publish","type":"product","link":"https:\/\/informacionturisticatenerife.com\/it\/producto\/laboratorio-astronomico\/","title":{"rendered":"Osservazione astronomica sul Teide"},"content":{"rendered":"<p>Realizza il tuo sogno di goderti l&#8217;universo professionalmente e da uno dei posti migliori per vedere le stelle a Tenerife e nel mondo: il Monte Teide.<\/p>\n<p>In questo osservazione delle stelle a Tenerife ti aspettano guide accreditate che ti sveleranno i segreti dell&#8217;Universo, telescopi professionali che ti permetteranno di vedere con i tuoi occhi e da vicino quegli oggetti celesti che ti hanno affascinato per tanti anni e il cielo puro e pulito del Parco Nazionale del Teide, da cui \u00e8 possibile contemplare 83 delle 88 costellazioni ufficialmente riconosciute e da dove, in estate, si pu\u00f2 godere di una visuale nitida della Via Lattea<\/p>\n<p><strong>Un&#8217;affascinante osservazione astronomica sul Monte Teide per vedere le stelle a Tenerife<\/strong><br \/>\nTi chiedi sempre quale stella o corpo celeste \u00e8 l\u00ec che brilla cos\u00ec tanto o quanto grande o piccolo sembra?<\/p>\n<p>Con le nostre guide Starlight smetterai di chiedertelo, perch\u00e9 saranno loro a farti scoprire tutti i segreti dell&#8217;Universo in questa osservazione astronomica sul Monte Teide.<\/p>\n<p>Sei affascinato dal fatto che le antiche civilt\u00e0 fossero orientate dalle stelle e hai sempre desiderato poterlo fare anche tu?<\/p>\n<p>Le nostre guide ti insegneranno come orientarti grazie al cielo e, inoltre, se sei sempre stato un appassionato di mitologia greca e costellazioni, in questa esperienza per vedere le stelle sul Teide intravvederai gli elementi della mitologia ellenica che si nascondono dietro le costellazioni e le costellazioni relazione tra di loro.<\/p>\n<p>Approfitta dei nostri telescopi di ultima generazione per scoprire pianeti, galassie o ammassi come hai sempre sognato di fare e da uno dei tre posti migliori sulla Terra per farlo.<\/p>\n<p>Puoi utilizzare questi strumenti durante questo osservazione delle stelle a Tenerife per fare un tour notturno degli oggetti celesti pi\u00f9 interessanti e, inoltre, i nostri monitor ti forniranno informazioni di interesse sugli oggetti che osservi attraverso l&#8217;oculare.<br \/>\nLe stelle del Teide pi\u00f9 vicine a te con telescopi professionali<br \/>\nDurante questo osservazione delle stelle sul Monte Teide potrai goderti il \u200b\u200blimpido cielo stellato dal parcheggio della stazione a valle della Funivia, a quota 2.536 m, con potenti telescopi professionali.<\/p>\n<p>La strumentazione astronomica che avrete a portata di mano durante questa osservazione astronomica a Tenerife, insieme alla qualit\u00e0 e trasparenza del cielo di Tenerife dal Parco Nazionale del Teide, lontano dall&#8217;inquinamento luminoso delle grandi citt\u00e0, vi faranno godere, con sicurezza, di un&#8217;esperienza unica in cui sembrer\u00e0 che le star di Tenerife siano quasi al tuo fianco.<\/p>\n<p><strong>Goditi anche l&#8217;osservazione delle stelle a Tenerife se c&#8217;\u00e8 la luna piena<\/strong><br \/>\n\u00c8 inevitabile. La Luna attraversa diverse fasi durante la lunazione, il suo ciclo di 29 giorni.<\/p>\n<p>Cos\u00ec, almeno una volta al mese, la luminosit\u00e0 inebriante del satellite naturale del nostro pianeta Terra attenuer\u00e0 la debole luce dei corpi celesti lontani.<\/p>\n<p>Se prenoti la nostra osservazione astronomica sul Monte Teide e goditela in una notte di luna piena, approfitterai della sua radiosa presenza per deliziarti con la sua natura spettacolare: crateri, catene montuose e altre meraviglie lunari.<\/p>\n<p>Quali sono? Sulla luna ci sono le montagne di Tenerife, il Monte Pico e il cratere Piazzi Smyth.<\/p>\n<p>Se non lo sapevi e ti abbiamo lasciato a chiederti perch\u00e9 ricevono questi nomi, iscriviti alla domanda per chiedere alle nostre guide la notte della tua osservazione astronomica sul Monte Teide.<\/p>\n<p><strong>Durata: 1 ora ca<\/strong><\/p>\n<p>&nbsp;<\/p>\n<p>&nbsp;<\/p>\n<p>&nbsp;<\/p>\n<p><iframe loading=\"lazy\" title=\"YouTube video player\" src=\"https:\/\/www.youtube.com\/embed\/fPcuNfasTPw\" width=\"560\" height=\"315\" frameborder=\"0\" allowfullscreen=\"allowfullscreen\"><\/iframe><\/p>\n","protected":false},"excerpt":{"rendered":"<div class=\"prewrap\">\n<div class=\"prewrap\">\n<div class=\"prewrap\">\n<div class=\"prewrap\">\n<div class=\"prewrap\">\n<div class=\"prewrap\">\n<div class=\"prewrap\">\n<div class=\"prewrap\">\n<div class=\"prewrap\">\n<div class=\"prewrap\">\n<div class=\"prewrap\">\n<div class=\"prewrap\">\n<div class=\"prewrap\">\n<div class=\"prewrap\">\n<div class=\"prewrap\">\n<div class=\"prewrap\">\n<div class=\"prewrap\">\n<div class=\"prewrap\">\n<div class=\"prewrap\">\n<div class=\"prewrap\">\n<div class=\"prewrap\">\n<div class=\"prewrap\">\n<div class=\"prewrap\">\n<div class=\"prewrap\">\n<div class=\"prewrap\">\n<div class=\"prewrap\">\n<div class=\"prewrap\">\n<div class=\"prewrap\">\n<div class=\"prewrap\">\n<div class=\"prewrap\">\n<div class=\"prewrap\">\n<div class=\"prewrap\">\n<div class=\"prewrap\">\n<p>Realizza il tuo sogno di goderti l&#8217;universo professionalmente e da uno dei posti migliori per vedere le stelle a Tenerife e nel mondo: il Monte Teide.<\/p>\n<p>In questo osservazione delle stelle a Tenerife ti aspettano guide accreditate che ti sveleranno i segreti dell&#8217;Universo, telescopi professionali che ti permetteranno di vedere con i tuoi occhi e da vicino quegli oggetti celesti che ti hanno affascinato per tanti anni e il cielo puro e pulito del Parco Nazionale del Teide, da cui \u00e8 possibile contemplare 83 delle 88 costellazioni ufficialmente riconosciute e da dove, in estate, si pu\u00f2 godere di una visuale nitida della Via Lattea<\/p>\n<p><strong>Durata: 1 ora ca<\/strong><\/p>\n<\/div>\n<p>&nbsp;<\/p>\n<div class=\"prewrap\">\n<p>&nbsp;<\/p>\n<\/div>\n<\/div>\n<\/div>\n<\/div>\n<\/div>\n<\/div>\n<\/div>\n<\/div>\n<\/div>\n<\/div>\n<\/div>\n<\/div>\n<\/div>\n<\/div>\n<\/div>\n<\/div>\n<\/div>\n<\/div>\n<\/div>\n<\/div>\n<\/div>\n<\/div>\n<\/div>\n<\/div>\n<\/div>\n<\/div>\n<\/div>\n<\/div>\n<\/div>\n<\/div>\n<\/div>\n<\/div>\n<\/div>\n<p><iframe loading=\"lazy\" title=\"YouTube video player\" src=\"https:\/\/www.youtube.com\/embed\/fPcuNfasTPw\" width=\"560\" height=\"315\" frameborder=\"0\" allowfullscreen=\"allowfullscreen\"><\/iframe><\/p>\n","protected":false},"featured_media":13058,"comment_status":"open","ping_status":"closed","template":"","meta":[],"product_brand":[],"product_cat":[146],"product_tag":[105,106,108],"class_list":{"0":"post-17909","1":"product","2":"type-product","3":"status-publish","4":"has-post-thumbnail","6":"product_cat-terrestre-it","7":"product_tag-canarias-it","8":"product_tag-islas-canarias-it","9":"product_tag-tenerife-it","11":"first","12":"instock","13":"virtual","14":"sold-individually","15":"taxable","16":"purchasable","17":"product-type-booking"},"_links":{"self":[{"href":"https:\/\/informacionturisticatenerife.com\/it\/wp-json\/wp\/v2\/product\/17909","targetHints":{"allow":["GET"]}}],"collection":[{"href":"https:\/\/informacionturisticatenerife.com\/it\/wp-json\/wp\/v2\/product"}],"about":[{"href":"https:\/\/informacionturisticatenerife.com\/it\/wp-json\/wp\/v2\/types\/product"}],"replies":[{"embeddable":true,"href":"https:\/\/informacionturisticatenerife.com\/it\/wp-json\/wp\/v2\/comments?post=17909"}],"wp:featuredmedia":[{"embeddable":true,"href":"https:\/\/informacionturisticatenerife.com\/it\/wp-json\/wp\/v2\/media\/13058"}],"wp:attachment":[{"href":"https:\/\/informacionturisticatenerife.com\/it\/wp-json\/wp\/v2\/media?parent=17909"}],"wp:term":[{"taxonomy":"product_brand","embeddable":true,"href":"https:\/\/informacionturisticatenerife.com\/it\/wp-json\/wp\/v2\/product_brand?post=17909"},{"taxonomy":"product_cat","embeddable":true,"href":"https:\/\/informacionturisticatenerife.com\/it\/wp-json\/wp\/v2\/product_cat?post=17909"},{"taxonomy":"product_tag","embeddable":true,"href":"https:\/\/informacionturisticatenerife.com\/it\/wp-json\/wp\/v2\/product_tag?post=17909"}],"curies":[{"name":"wp","href":"https:\/\/api.w.org\/{rel}","templated":true}]}}