{"id":17568,"date":"2020-08-28T09:13:23","date_gmt":"2020-08-28T08:13:23","guid":{"rendered":"https:\/\/informacionturisticatenerife.com\/?post_type=product&#038;p=17568"},"modified":"2022-05-16T21:40:53","modified_gmt":"2022-05-16T20:40:53","slug":"escursione-di-pesca","status":"publish","type":"product","link":"https:\/\/informacionturisticatenerife.com\/it\/producto\/escursione-di-pesca\/","title":{"rendered":"Escursione di pesca a Tenerife"},"content":{"rendered":"<p>Offriamo diversi stili di pesca, sempre a seconda del tempo e di ci\u00f2 che \u00e8 stato catturato nei giorni precedenti il \u200b\u200bviaggio, come la pesca con esche vive, la pesca di fondo e la traina . Ogni pescatore ricever\u00e0 la propria canna e la licenza di pesca durante il viaggio.<\/p>\n<p>C&#8217;\u00e8 un&#8217;amaca sul flybridge per gli spettatori, un bagno di bordo e un frigorifero da cui possono prendere acqua, birra e bibite.<\/p>\n<p>C&#8217;\u00e8 anche la possibilit\u00e0 di fermarsi a nuotare in una baia e visitare le Scogliere di Masca. L&#8217;equipaggio cuciner\u00e0 il tuo pescato a bordo della barca oppure potrai portarlo a casa, pulirlo e sfilettarlo per cena!<\/p>\n<p>Tutte le bevande, i panini e gli snack sono inclusi.<\/p>\n<p>* Tutte le barche sono installate con un sonar e la migliore attrezzatura da pesca. Operiamo tutti i giorni. C&#8217;\u00e8 un&#8217;et\u00e0 minima di 4 anni per pescare, ma non c&#8217;\u00e8 un&#8217;et\u00e0 minima per l&#8217;osservazione.<\/p>\n<p><strong>Durata: 4 ore<\/strong><\/p>\n<p><iframe loading=\"lazy\" src=\"https:\/\/www.youtube.com\/embed\/EQPjs91aWM4\" width=\"560\" height=\"315\" frameborder=\"0\" allowfullscreen=\"allowfullscreen\"><span data-mce-type=\"bookmark\" style=\"display: inline-block; width: 0px; overflow: hidden; line-height: 0;\" class=\"mce_SELRES_start\">\ufeff<\/span><\/iframe><\/p>\n","protected":false},"excerpt":{"rendered":"<p>Offriamo diversi stili di pesca, sempre a seconda del tempo e di ci\u00f2 che \u00e8 stato catturato nei giorni precedenti il \u200b\u200bviaggio, come la pesca con esche vive, la pesca di fondo e la traina . Ogni pescatore ricever\u00e0 la propria canna e la licenza di pesca durante il viaggio.<\/p>\n<p>C&#8217;\u00e8 un&#8217;amaca sul flybridge per gli spettatori, un bagno di bordo e un frigorifero da cui possono prendere acqua, birra e bibite.<\/p>\n<p><strong>Durata: 4 ore<\/strong><\/p>\n<p>&nbsp;<\/p>\n<p>&nbsp;<\/p>\n<p><iframe loading=\"lazy\" title=\"YouTube video player\" src=\"https:\/\/www.youtube.com\/embed\/EQPjs91aWM4\" width=\"560\" height=\"315\" frameborder=\"0\" allowfullscreen=\"allowfullscreen\"><\/iframe><\/p>\n","protected":false},"featured_media":25991,"comment_status":"open","ping_status":"closed","template":"","meta":[],"product_brand":[],"product_cat":[215],"product_tag":[105,216,106,108],"class_list":{"0":"post-17568","1":"product","2":"type-product","3":"status-publish","4":"has-post-thumbnail","6":"product_cat-mare","7":"product_tag-canarias-it","8":"product_tag-excursiones-maritimas-it","9":"product_tag-islas-canarias-it","10":"product_tag-tenerife-it","12":"first","13":"instock","14":"virtual","15":"sold-individually","16":"taxable","17":"purchasable","18":"product-type-booking"},"_links":{"self":[{"href":"https:\/\/informacionturisticatenerife.com\/it\/wp-json\/wp\/v2\/product\/17568","targetHints":{"allow":["GET"]}}],"collection":[{"href":"https:\/\/informacionturisticatenerife.com\/it\/wp-json\/wp\/v2\/product"}],"about":[{"href":"https:\/\/informacionturisticatenerife.com\/it\/wp-json\/wp\/v2\/types\/product"}],"replies":[{"embeddable":true,"href":"https:\/\/informacionturisticatenerife.com\/it\/wp-json\/wp\/v2\/comments?post=17568"}],"wp:featuredmedia":[{"embeddable":true,"href":"https:\/\/informacionturisticatenerife.com\/it\/wp-json\/wp\/v2\/media\/25991"}],"wp:attachment":[{"href":"https:\/\/informacionturisticatenerife.com\/it\/wp-json\/wp\/v2\/media?parent=17568"}],"wp:term":[{"taxonomy":"product_brand","embeddable":true,"href":"https:\/\/informacionturisticatenerife.com\/it\/wp-json\/wp\/v2\/product_brand?post=17568"},{"taxonomy":"product_cat","embeddable":true,"href":"https:\/\/informacionturisticatenerife.com\/it\/wp-json\/wp\/v2\/product_cat?post=17568"},{"taxonomy":"product_tag","embeddable":true,"href":"https:\/\/informacionturisticatenerife.com\/it\/wp-json\/wp\/v2\/product_tag?post=17568"}],"curies":[{"name":"wp","href":"https:\/\/api.w.org\/{rel}","templated":true}]}}