{"id":13578,"date":"2019-05-13T17:24:11","date_gmt":"2019-05-13T15:24:11","guid":{"rendered":"http:\/\/informacionturisticatenerife.com\/producto\/senderismo-pico-del-teide\/"},"modified":"2024-05-25T14:48:39","modified_gmt":"2024-05-25T13:48:39","slug":"hiking-picco-di-teide","status":"publish","type":"product","link":"https:\/\/informacionturisticatenerife.com\/it\/producto\/hiking-picco-di-teide\/","title":{"rendered":"Ascensione alla Vetta del Teide + Funivia"},"content":{"rendered":"<div class=\"prewrap\">\n<div class=\"prewrap\">\n<div class=\"prewrap\">\n<p>Arrampicati sulla vetta pi\u00f9 alta di Spagna, il Pico del Teide, e prova la meravigliosa sensazione di toccare il cielo a 3.718 m.<\/p>\n<p>Questa escursione di senderismo comincia salendo dalla funivia fino alla stazione di base superiore. Da l\u00ec, faremo una passeggiata di circa un&#8217;ora, che culminer\u00e0 contemplando dal punto pi\u00f9 alto di Spagna le cime di Tenerife e le sagome delle isole vicine: La Gomera, El Hierro, La Palma e Gran Canaria.<\/p>\n<\/div>\n<div><strong>Difficolt\u00e0 Alta<\/strong><\/div>\n<div><\/div>\n<div>\n<p><iframe loading=\"lazy\" title=\"YouTube video player\" src=\"https:\/\/www.youtube.com\/embed\/d44SPBiqcng?si=Bz4ffS8p4vGYldJU\" width=\"560\" height=\"315\" frameborder=\"0\" allowfullscreen=\"allowfullscreen\"><\/iframe><\/p>\n<p>&nbsp;<\/p>\n<\/div>\n<\/div>\n<\/div>\n","protected":false},"excerpt":{"rendered":"<div class=\"prewrap\">\n<div class=\"prewrap\">\n<div class=\"prewrap\">\n<div class=\"prewrap\">\n<div class=\"prewrap\">\n<div class=\"prewrap\">\n<div class=\"prewrap\">\n<div class=\"prewrap\">\n<div class=\"prewrap\">\n<div class=\"prewrap\">\n<div class=\"prewrap\">\n<div class=\"prewrap\">\n<div class=\"prewrap\">\n<div class=\"prewrap\">\n<p>Arrampicati sulla vetta pi\u00f9 alta di Spagna, il Pico del Teide, e prova la meravigliosa sensazione di toccare il cielo a 3.718 m.<\/p>\n<p>Questa escursione di senderismo comincia salendo dalla funivia fino alla stazione di base superiore. Da l\u00ec, faremo una passeggiata di circa un&#8217;ora, che culminer\u00e0 contemplando dal punto pi\u00f9 alto di Spagna le cime di Tenerife e le sagome delle isole vicine: La Gomera, El Hierro, La Palma e Gran Canaria.<\/p>\n<\/div>\n<div><strong>Difficolt\u00e0 Alta<\/strong><\/div>\n<\/div>\n<div><\/div>\n<div class=\"prewrap\">\n<p>&nbsp;<\/p>\n<\/div>\n<\/div>\n<\/div>\n<\/div>\n<\/div>\n<\/div>\n<\/div>\n<\/div>\n<\/div>\n<\/div>\n<\/div>\n<\/div>\n<\/div>\n<p><iframe loading=\"lazy\" title=\"YouTube video player\" src=\"https:\/\/www.youtube.com\/embed\/d44SPBiqcng?si=Bz4ffS8p4vGYldJU\" width=\"560\" height=\"315\" frameborder=\"0\" allowfullscreen=\"allowfullscreen\"><\/iframe><\/p>\n","protected":false},"featured_media":27321,"comment_status":"open","ping_status":"closed","template":"","meta":[],"product_brand":[],"product_cat":[131],"product_tag":[105,106,132,108],"class_list":{"0":"post-13578","1":"product","2":"type-product","3":"status-publish","4":"has-post-thumbnail","6":"product_cat-escursionismo","7":"product_tag-canarias-it","8":"product_tag-islas-canarias-it","9":"product_tag-senderismo-it","10":"product_tag-tenerife-it","12":"first","13":"instock","14":"virtual","15":"sold-individually","16":"taxable","17":"purchasable","18":"product-type-booking"},"_links":{"self":[{"href":"https:\/\/informacionturisticatenerife.com\/it\/wp-json\/wp\/v2\/product\/13578","targetHints":{"allow":["GET"]}}],"collection":[{"href":"https:\/\/informacionturisticatenerife.com\/it\/wp-json\/wp\/v2\/product"}],"about":[{"href":"https:\/\/informacionturisticatenerife.com\/it\/wp-json\/wp\/v2\/types\/product"}],"replies":[{"embeddable":true,"href":"https:\/\/informacionturisticatenerife.com\/it\/wp-json\/wp\/v2\/comments?post=13578"}],"wp:featuredmedia":[{"embeddable":true,"href":"https:\/\/informacionturisticatenerife.com\/it\/wp-json\/wp\/v2\/media\/27321"}],"wp:attachment":[{"href":"https:\/\/informacionturisticatenerife.com\/it\/wp-json\/wp\/v2\/media?parent=13578"}],"wp:term":[{"taxonomy":"product_brand","embeddable":true,"href":"https:\/\/informacionturisticatenerife.com\/it\/wp-json\/wp\/v2\/product_brand?post=13578"},{"taxonomy":"product_cat","embeddable":true,"href":"https:\/\/informacionturisticatenerife.com\/it\/wp-json\/wp\/v2\/product_cat?post=13578"},{"taxonomy":"product_tag","embeddable":true,"href":"https:\/\/informacionturisticatenerife.com\/it\/wp-json\/wp\/v2\/product_tag?post=13578"}],"curies":[{"name":"wp","href":"https:\/\/api.w.org\/{rel}","templated":true}]}}