{"id":13573,"date":"2019-05-13T17:16:52","date_gmt":"2019-05-13T15:16:52","guid":{"rendered":"http:\/\/informacionturisticatenerife.com\/producto\/excursion-a-la-palma\/"},"modified":"2024-06-16T19:47:01","modified_gmt":"2024-06-16T18:47:01","slug":"la-palma-giro-dellisola","status":"publish","type":"product","link":"https:\/\/informacionturisticatenerife.com\/it\/producto\/la-palma-giro-dellisola\/","title":{"rendered":"La Palma Giro dell\u2019Isola"},"content":{"rendered":"<div class=\"prewrap\">\n<div class=\"prewrap\">\n<p>Vulcano La Palma:<\/p>\n<p>Una volta a La Palma. La prima tappa sar\u00e0 nella capitale per scoprire alcuni dei luoghi pi\u00f9 emblematici come:<\/p>\n<p>El Barco de la Virgen, una riproduzione della Santa Maria a bordo della quale Cristoforo Colombo scopr\u00ec l&#8217;America e fu costruita in memoria dei marinai di La Palma che salparono da qui con velieri fatti con il legno delle nostre montagne. All&#8217;interno si trova il museo navale con carte navali e riproduzioni di alcune delle navi realizzate sull&#8217;isola. Il Castello di Santa Catalina, che fu uno dei pi\u00f9 importanti della Spagna sulla rotta verso le Americhe. I tipici balconi che sono alcuni dei migliori insiemi di balconi o sporgenze di balconi conservati nelle Isole Canarie. Sono degni di nota i doppi balconi che sono stati costruiti per ventilare le case.<\/p>\n<p>La prossima fermata \u00e8 il Mirador de la Concepci\u00f3n. Si trova sulla parte pi\u00f9 alta del vulcano Caldereta &#8220;dichiarato spazio naturale&#8221; dove si pu\u00f2 vedere il cratere e la capitale della bella isola. Continuerete verso il tunnel del tempo, vedendo come cambia la vegetazione dell&#8217;isola, e poi andrete a sud-ovest, entrando nella zona interessata dal vulcano Cumbre Vieja.<\/p>\n<p>La prossima tappa sar\u00e0 nella zona di esclusione del distretto di Tacande dove si avr\u00e0 una prima visione del vulcano e poi si andr\u00e0 a Tazacorte, vedendo le colate di lava pi\u00f9 giovani della Spagna.<\/p>\n<p>Il pranzo sar\u00e0 servito in uno dei ristoranti tipici della zona alle 13:30 circa. Dopo il pranzo dal porto di Tazacorte vedrete la fajana o delta di lava.<\/p>\n<p>L&#8217;ultima fermata sar\u00e0 al belvedere di Tajuya dove avrete il tempo di osservare, in totale sicurezza a 2 km di distanza, l&#8217;ultimo vulcano delle Canarie che ancora non ha un nome<\/p>\n<\/div>\n<div><strong>Duraci\u00f3n : 08:00 ore<\/strong><\/div>\n<div><\/div>\n<\/div>\n","protected":false},"excerpt":{"rendered":"<div class=\"prewrap\">\n<div class=\"prewrap\">\n<div class=\"prewrap\">\n<div class=\"prewrap\">\n<div class=\"prewrap\">\n<div class=\"prewrap\">\n<div class=\"prewrap\">\n<div class=\"prewrap\">\n<div class=\"prewrap\">\n<div class=\"prewrap\">\n<div class=\"prewrap\">\n<div class=\"prewrap\">\n<div class=\"prewrap\">\n<div class=\"prewrap\">\n<p>Vulcano La Palma:<\/p>\n<p>Una volta a La Palma. La prima tappa sar\u00e0 nella capitale per scoprire alcuni dei luoghi pi\u00f9 emblematici come:<\/p>\n<p>El Barco de la Virgen, una riproduzione della Santa Maria a bordo della quale Cristoforo Colombo scopr\u00ec l&#8217;America e fu costruita in memoria dei marinai di La Palma che salparono da qui con velieri fatti con il legno delle nostre montagne. All&#8217;interno si trova il museo navale con carte navali e riproduzioni di alcune delle navi realizzate sull&#8217;isola. Il Castello di Santa Catalina, che fu uno dei pi\u00f9 importanti della Spagna sulla rotta verso le Americhe. I tipici balconi che sono alcuni dei migliori insiemi di balconi o sporgenze di balconi conservati nelle Isole Canarie. Sono degni di nota i doppi balconi che sono stati costruiti per ventilare le case.<\/p>\n<p>La prossima fermata \u00e8 il Mirador de la Concepci\u00f3n. Si trova sulla parte pi\u00f9 alta del vulcano Caldereta &#8220;dichiarato spazio naturale&#8221; dove si pu\u00f2 vedere il cratere e la capitale della bella isola. Continuerete verso il tunnel del tempo, vedendo come cambia la vegetazione dell&#8217;isola, e poi andrete a sud-ovest, entrando nella zona interessata dal vulcano Cumbre Vieja.<\/p>\n<p>La prossima tappa sar\u00e0 nella zona di esclusione del distretto di Tacande dove si avr\u00e0 una prima visione del vulcano e poi si andr\u00e0 a Tazacorte, vedendo le colate di lava pi\u00f9 giovani della Spagna.<\/p>\n<p>Il pranzo sar\u00e0 servito in uno dei ristoranti tipici della zona alle 13:30 circa. Dopo il pranzo dal porto di Tazacorte vedrete la fajana o delta di lava.<\/p>\n<p>L&#8217;ultima fermata sar\u00e0 al belvedere di Tajuya dove avrete il tempo di osservare, in totale sicurezza a 2 km di distanza, l&#8217;ultimo vulcano delle Canarie che ancora non ha un nome<\/p>\n<\/div>\n<div><strong>Duraci\u00f3n : 08:00 ore<\/strong><\/div>\n<\/div>\n<\/div>\n<\/div>\n<\/div>\n<\/div>\n<\/div>\n<\/div>\n<\/div>\n<\/div>\n<\/div>\n<\/div>\n<\/div>\n<\/div>\n","protected":false},"featured_media":13574,"comment_status":"open","ping_status":"closed","template":"","meta":[],"product_brand":[],"product_cat":[223],"product_tag":[105,106,224,108],"class_list":{"0":"post-13573","1":"product","2":"type-product","3":"status-publish","4":"has-post-thumbnail","6":"product_cat-verso-le-altre-isole","7":"product_tag-canarias-it","8":"product_tag-islas-canarias-it","9":"product_tag-otras-islas-it","10":"product_tag-tenerife-it","12":"first","13":"instock","14":"virtual","15":"sold-individually","16":"taxable","17":"purchasable","18":"product-type-booking"},"_links":{"self":[{"href":"https:\/\/informacionturisticatenerife.com\/it\/wp-json\/wp\/v2\/product\/13573","targetHints":{"allow":["GET"]}}],"collection":[{"href":"https:\/\/informacionturisticatenerife.com\/it\/wp-json\/wp\/v2\/product"}],"about":[{"href":"https:\/\/informacionturisticatenerife.com\/it\/wp-json\/wp\/v2\/types\/product"}],"replies":[{"embeddable":true,"href":"https:\/\/informacionturisticatenerife.com\/it\/wp-json\/wp\/v2\/comments?post=13573"}],"wp:featuredmedia":[{"embeddable":true,"href":"https:\/\/informacionturisticatenerife.com\/it\/wp-json\/wp\/v2\/media\/13574"}],"wp:attachment":[{"href":"https:\/\/informacionturisticatenerife.com\/it\/wp-json\/wp\/v2\/media?parent=13573"}],"wp:term":[{"taxonomy":"product_brand","embeddable":true,"href":"https:\/\/informacionturisticatenerife.com\/it\/wp-json\/wp\/v2\/product_brand?post=13573"},{"taxonomy":"product_cat","embeddable":true,"href":"https:\/\/informacionturisticatenerife.com\/it\/wp-json\/wp\/v2\/product_cat?post=13573"},{"taxonomy":"product_tag","embeddable":true,"href":"https:\/\/informacionturisticatenerife.com\/it\/wp-json\/wp\/v2\/product_tag?post=13573"}],"curies":[{"name":"wp","href":"https:\/\/api.w.org\/{rel}","templated":true}]}}