{"id":13489,"date":"2019-05-13T17:55:19","date_gmt":"2019-05-13T15:55:19","guid":{"rendered":"http:\/\/informacionturisticatenerife.com\/producto\/submarinismo-en-tenerife\/"},"modified":"2022-06-04T13:22:55","modified_gmt":"2022-06-04T12:22:55","slug":"battesimo-subacqueo","status":"publish","type":"product","link":"https:\/\/informacionturisticatenerife.com\/it\/producto\/battesimo-subacqueo\/","title":{"rendered":"Immersione di prova a Tenerife"},"content":{"rendered":"<p>Organizziamo immersioni per principianti in un posto bellissimo chiamato Bah\u00eda de las Rayas. Ci sono diversi tipi di strisce qui e nessuno di loro \u00e8 aggressivo. Al contrario, sono molto pacifici e amichevoli. Di solito non hanno paura dei subacquei, quindi spesso si avvicinano.<\/p>\n<p>Bah\u00eda de las Rayas ospita molte specie di animali sottomarini. Gran parte del fondo \u00e8 coperto da una barriera corallina vulcanica. \u00c8 un posto preferito per tutti i tipi di animali e pesci sottomarini. Durante l&#8217;immersione potremo osservare circa 15 specie di pesci, razze, tartarughe, granchi, murene, polpi, seppie, gamberetti e molti altri. Troviamo mante qui ogni giorno, anche se non lo garantiamo per ogni immersione. Le specie di razze che vivono nella nostra baia sono le razze Chuchos, Bishop e Butterfly.<\/p>\n<p>&nbsp;<\/p>\n<p><iframe loading=\"lazy\" src=\"https:\/\/www.youtube.com\/embed\/SwBmy_mmNo4\" width=\"560\" height=\"315\" frameborder=\"0\" allowfullscreen=\"allowfullscreen\"><\/iframe><\/p>\n","protected":false},"excerpt":{"rendered":"<p>Organizziamo immersioni per principianti in un posto bellissimo chiamato Bah\u00eda de las Rayas. Ci sono diversi tipi di strisce qui e nessuno di loro \u00e8 aggressivo. Al contrario, sono molto pacifici e amichevoli. Di solito non hanno paura dei subacquei, quindi spesso si avvicinano.<\/p>\n<p>Bah\u00eda de las Rayas ospita molte specie di animali sottomarini. Gran parte del fondo \u00e8 coperto da una barriera corallina vulcanica. \u00c8 un posto preferito per tutti i tipi di animali e pesci sottomarini. Durante l&#8217;immersione potremo osservare circa 15 specie di pesci, razze, tartarughe, granchi, murene, polpi, seppie, gamberetti e molti altri. Troviamo mante qui ogni giorno, anche se non lo garantiamo per ogni immersione. Le specie di razze che vivono nella nostra baia sono le razze Chuchos, Bishop e Butterfly.<\/p>\n<p>&nbsp;<\/p>\n<p>&nbsp;<\/p>\n<p><iframe loading=\"lazy\" title=\"YouTube video player\" src=\"https:\/\/www.youtube.com\/embed\/SwBmy_mmNo4\" width=\"560\" height=\"315\" frameborder=\"0\" allowfullscreen=\"allowfullscreen\"><\/iframe><\/p>\n","protected":false},"featured_media":13490,"comment_status":"open","ping_status":"closed","template":"","meta":[],"product_brand":[],"product_cat":[115],"product_tag":[105,106,107,108],"class_list":{"0":"post-13489","1":"product","2":"type-product","3":"status-publish","4":"has-post-thumbnail","6":"product_cat-sport-acquatici","7":"product_tag-canarias-it","8":"product_tag-islas-canarias-it","9":"product_tag-multiaventuras-it","10":"product_tag-tenerife-it","12":"first","13":"instock","14":"virtual","15":"sold-individually","16":"taxable","17":"purchasable","18":"product-type-booking"},"_links":{"self":[{"href":"https:\/\/informacionturisticatenerife.com\/it\/wp-json\/wp\/v2\/product\/13489","targetHints":{"allow":["GET"]}}],"collection":[{"href":"https:\/\/informacionturisticatenerife.com\/it\/wp-json\/wp\/v2\/product"}],"about":[{"href":"https:\/\/informacionturisticatenerife.com\/it\/wp-json\/wp\/v2\/types\/product"}],"replies":[{"embeddable":true,"href":"https:\/\/informacionturisticatenerife.com\/it\/wp-json\/wp\/v2\/comments?post=13489"}],"wp:featuredmedia":[{"embeddable":true,"href":"https:\/\/informacionturisticatenerife.com\/it\/wp-json\/wp\/v2\/media\/13490"}],"wp:attachment":[{"href":"https:\/\/informacionturisticatenerife.com\/it\/wp-json\/wp\/v2\/media?parent=13489"}],"wp:term":[{"taxonomy":"product_brand","embeddable":true,"href":"https:\/\/informacionturisticatenerife.com\/it\/wp-json\/wp\/v2\/product_brand?post=13489"},{"taxonomy":"product_cat","embeddable":true,"href":"https:\/\/informacionturisticatenerife.com\/it\/wp-json\/wp\/v2\/product_cat?post=13489"},{"taxonomy":"product_tag","embeddable":true,"href":"https:\/\/informacionturisticatenerife.com\/it\/wp-json\/wp\/v2\/product_tag?post=13489"}],"curies":[{"name":"wp","href":"https:\/\/api.w.org\/{rel}","templated":true}]}}