{"id":13480,"date":"2019-05-13T18:03:43","date_gmt":"2019-05-13T16:03:43","guid":{"rendered":"http:\/\/informacionturisticatenerife.com\/producto\/excursion-vip-tour-teide\/"},"modified":"2022-06-04T12:20:19","modified_gmt":"2022-06-04T11:20:19","slug":"excursion-vip-tour-teide","status":"publish","type":"product","link":"https:\/\/informacionturisticatenerife.com\/it\/producto\/excursion-vip-tour-teide\/","title":{"rendered":"Excursi\u00f3n Vip Tour Teide &#8211; Masca"},"content":{"rendered":"<div class=\"prewrap\">\n<div class=\"prewrap\">\n<p>Lasciati trasportare da questo tour di Masca e del Parco Nazionale del Teide, che ti sorprender\u00e0 dall&#8217;inizio alla fine per i paesaggi, le strade, le storie, la natura e la comodit\u00e0 di farlo a bordo di un minivan a quattro ruote motrici e con aria condizionata, accompagnato solo da altri sette passeggeri<\/p>\n<p>Il veicolo ti verr\u00e0 a prendere al tuo alloggio o in un punto vicino e ti porter\u00e0, dopo essere andato al punto di incontro a Puerto de la Cruz, in luoghi impressionanti come il Mirador de San Pedro o Garachico, una citt\u00e0 che \u00e8 risorta dalle sue ceneri dopo essere devastato da un vulcano nel 18\u00b0 secolo. Ma non \u00e8 tutto: prima di avventurarti a pieno nel Parco Nazionale del Teide, attraverserai Masca, una delle citt\u00e0 pi\u00f9 affascinanti e carismatiche dell&#8217;isola di Tenerife per i suoi casali e le costruzioni rurali d&#8217;epoca.<\/p>\n<p>Dopo Masca andrai ad assaggiare la gastronomia delle Canarie sotto forma di piatti locali e poi ti dirigerai verso il Parco Nazionale del Teide, dichiarato Patrimonio dell&#8217;Umanit\u00e0. Goditi i paesaggi pieni di colore e i vulcani dormienti come il Pico Viejo, che ha un cratere di 800 metri di diametro con un sorprendente gal\u00e0 cromatico.<\/p>\n<p>Vedrai anche altri elementi caratteristici del Teide come Roques de Garc\u00eda prima di dirigerti verso La Orotava, una citt\u00e0 con edifici coloniali che porr\u00e0 fine a un tour che ti avvicina al pi\u00f9 selvaggio e autentico del nord di Tenerife.<\/p>\n<\/div>\n<div><b>Duraci\u00f3n :<\/b>\u00a0<strong>08:00 ore<\/strong><\/div>\n<div><\/div>\n<\/div>\n<div><\/div>\n<div>\n<div>\n<p><iframe loading=\"lazy\" title=\"YouTube video player\" src=\"https:\/\/www.youtube.com\/embed\/FuWlbsWu-x0\" width=\"560\" height=\"315\" frameborder=\"0\" allowfullscreen=\"allowfullscreen\"><\/iframe><\/p>\n<p>&nbsp;<\/p>\n<\/div>\n<\/div>\n","protected":false},"excerpt":{"rendered":"<div class=\"prewrap\">\n<div class=\"prewrap\">\n<div class=\"prewrap\">\n<div class=\"prewrap\">\n<div class=\"prewrap\">\n<div class=\"prewrap\">\n<div class=\"prewrap\">\n<div class=\"prewrap\">\n<div class=\"prewrap\">\n<div class=\"prewrap\">\n<div class=\"prewrap\">\n<div class=\"prewrap\">\n<div class=\"prewrap\">\n<div class=\"prewrap\">\n<div class=\"prewrap\">\n<div class=\"prewrap\">\n<div class=\"prewrap\">\n<div class=\"prewrap\">\n<div class=\"prewrap\">\n<div class=\"prewrap\">\n<div class=\"prewrap\">\n<div class=\"prewrap\">\n<p>Lasciati trasportare da questo tour di Masca e del Parco Nazionale del Teide, che ti sorprender\u00e0 dall&#8217;inizio alla fine per i paesaggi, le strade, le storie, la natura e la comodit\u00e0 di farlo a bordo di un minivan a quattro ruote motrici e con aria condizionata, accompagnato solo da altri sette passeggeri<\/p>\n<p>Il veicolo ti verr\u00e0 a prendere al tuo alloggio o in un punto vicino e ti porter\u00e0, dopo essere andato al punto di incontro a Puerto de la Cruz, in luoghi impressionanti come il Mirador de San Pedro o Garachico, una citt\u00e0 che \u00e8 risorta dalle sue ceneri dopo essere devastato da un vulcano nel 18\u00b0 secolo. Ma non \u00e8 tutto: prima di avventurarti a pieno nel Parco Nazionale del Teide, attraverserai Masca, una delle citt\u00e0 pi\u00f9 affascinanti e carismatiche dell&#8217;isola di Tenerife per i suoi casali e le costruzioni rurali d&#8217;epoca.<\/p>\n<p><b>Duraci\u00f3n :<\/b>\u00a0<strong>08:00 ore<\/strong><\/p>\n<\/div>\n<\/div>\n<\/div>\n<\/div>\n<\/div>\n<\/div>\n<\/div>\n<\/div>\n<\/div>\n<\/div>\n<\/div>\n<\/div>\n<\/div>\n<\/div>\n<\/div>\n<\/div>\n<\/div>\n<\/div>\n<\/div>\n<\/div>\n<\/div>\n<\/div>\n<p><iframe loading=\"lazy\" title=\"YouTube video player\" src=\"https:\/\/www.youtube.com\/embed\/FuWlbsWu-x0\" width=\"560\" height=\"315\" frameborder=\"0\" allowfullscreen=\"allowfullscreen\"><\/iframe><\/p>\n","protected":false},"featured_media":13482,"comment_status":"open","ping_status":"closed","template":"","meta":[],"product_brand":[],"product_cat":[54,136],"product_tag":[104,55,105,25,106,41,107,47,24,108],"class_list":{"0":"post-13480","1":"product","2":"type-product","3":"status-publish","4":"has-post-thumbnail","6":"product_cat-jeep-tours","7":"product_cat-jeep-tours-it","8":"product_tag-aventura-y-naturaleza-it","9":"product_tag-aventura-y-naturaleza","10":"product_tag-canarias-it","11":"product_tag-canarias","12":"product_tag-islas-canarias-it","13":"product_tag-islas-canarias","14":"product_tag-multiaventuras-it","15":"product_tag-multiaventuras","16":"product_tag-tenerife","17":"product_tag-tenerife-it","19":"first","20":"instock","21":"virtual","22":"sold-individually","23":"taxable","24":"purchasable","25":"product-type-booking"},"_links":{"self":[{"href":"https:\/\/informacionturisticatenerife.com\/it\/wp-json\/wp\/v2\/product\/13480","targetHints":{"allow":["GET"]}}],"collection":[{"href":"https:\/\/informacionturisticatenerife.com\/it\/wp-json\/wp\/v2\/product"}],"about":[{"href":"https:\/\/informacionturisticatenerife.com\/it\/wp-json\/wp\/v2\/types\/product"}],"replies":[{"embeddable":true,"href":"https:\/\/informacionturisticatenerife.com\/it\/wp-json\/wp\/v2\/comments?post=13480"}],"wp:featuredmedia":[{"embeddable":true,"href":"https:\/\/informacionturisticatenerife.com\/it\/wp-json\/wp\/v2\/media\/13482"}],"wp:attachment":[{"href":"https:\/\/informacionturisticatenerife.com\/it\/wp-json\/wp\/v2\/media?parent=13480"}],"wp:term":[{"taxonomy":"product_brand","embeddable":true,"href":"https:\/\/informacionturisticatenerife.com\/it\/wp-json\/wp\/v2\/product_brand?post=13480"},{"taxonomy":"product_cat","embeddable":true,"href":"https:\/\/informacionturisticatenerife.com\/it\/wp-json\/wp\/v2\/product_cat?post=13480"},{"taxonomy":"product_tag","embeddable":true,"href":"https:\/\/informacionturisticatenerife.com\/it\/wp-json\/wp\/v2\/product_tag?post=13480"}],"curies":[{"name":"wp","href":"https:\/\/api.w.org\/{rel}","templated":true}]}}