{"id":13457,"date":"2019-05-13T18:27:44","date_gmt":"2019-05-13T16:27:44","guid":{"rendered":"http:\/\/informacionturisticatenerife.com\/producto\/excursion-jeep-safari-gomera\/"},"modified":"2022-06-04T09:32:34","modified_gmt":"2022-06-04T08:32:34","slug":"excursion-jeep-safari-gomera","status":"publish","type":"product","link":"https:\/\/informacionturisticatenerife.com\/it\/producto\/excursion-jeep-safari-gomera\/","title":{"rendered":"Escursione in Jeep a La Gomera da Tenerife"},"content":{"rendered":"<div class=\"prewrap\">\n<div class=\"prewrap\">\n<p>L&#8217;escursione Jeep a Gomera ti d\u00e0 l&#8217;opportunit\u00e0 di visitare l&#8217;isola in un modo diverso. Lasceremo da sud di Tenerife, sulla barca di San Sebasti\u00e1n de la Gomera, l&#8217;isola ha molto da offrire colombiano: scoprire paesaggi, la sua unica Garajonay National Park, la storia di una lingua d&#8217;origine: The Whistle Gomero. Hai anche il tempo di gustare la cucina e villaggi tipici. I nostri autisti vi informer\u00e0 in ogni momento i luoghi che visiter\u00e0 e vi dar\u00e0 informazioni complete su ogni fermata, scoprendo l&#8217;isola che \u00e8 stata un ponte verso la scoperta del nuovo mondo.<\/p>\n<\/div>\n<div><\/div>\n<div><strong>Duraci\u00f3n : 09:00 ore\u00a0<\/strong><\/div>\n<div><\/div>\n<\/div>\n<p><iframe loading=\"lazy\" title=\"YouTube video player\" src=\"https:\/\/www.youtube.com\/embed\/hVry-zgpWWs\" width=\"560\" height=\"315\" frameborder=\"0\" allowfullscreen=\"allowfullscreen\"><\/iframe><\/p>\n","protected":false},"excerpt":{"rendered":"<div class=\"prewrap\">\n<div class=\"prewrap\">\n<div class=\"prewrap\">\n<div class=\"prewrap\">\n<div class=\"prewrap\">\n<div class=\"prewrap\">\n<div class=\"prewrap\">\n<div class=\"prewrap\">\n<div class=\"prewrap\">\n<div class=\"prewrap\">\n<div class=\"prewrap\">\n<div class=\"prewrap\">\n<div class=\"prewrap\">\n<div class=\"prewrap\">\n<div class=\"prewrap\">\n<div class=\"prewrap\">\n<div class=\"prewrap\">\n<div class=\"prewrap\">\n<div class=\"prewrap\">\n<div class=\"prewrap\">\n<div class=\"prewrap\">\n<div class=\"prewrap\">\n<div class=\"prewrap\">\n<div class=\"prewrap\">\n<div class=\"prewrap\">\n<p>L&#8217;escursione Jeep a Gomera ti d\u00e0 l&#8217;opportunit\u00e0 di visitare l&#8217;isola in un modo diverso. Lasceremo da sud di Tenerife, sulla barca di San Sebasti\u00e1n de la Gomera, l&#8217;isola ha molto da offrire colombiano: scoprire paesaggi, la sua unica Garajonay National Park, la storia di una lingua d&#8217;origine: The Whistle Gomero. Hai anche il tempo di gustare la cucina e villaggi tipici. I nostri autisti vi informer\u00e0 in ogni momento i luoghi che visiter\u00e0 e vi dar\u00e0 informazioni complete su ogni fermata, scoprendo l&#8217;isola che \u00e8 stata un ponte verso la scoperta del nuovo mondo.<\/p>\n<\/div>\n<div><\/div>\n<div><strong>Duraci\u00f3n : 09:00 ore\u00a0<\/strong><\/div>\n<\/div>\n<\/div>\n<\/div>\n<\/div>\n<\/div>\n<\/div>\n<\/div>\n<\/div>\n<\/div>\n<\/div>\n<\/div>\n<\/div>\n<\/div>\n<\/div>\n<\/div>\n<\/div>\n<\/div>\n<\/div>\n<\/div>\n<\/div>\n<\/div>\n<\/div>\n<\/div>\n<\/div>\n<p><iframe loading=\"lazy\" title=\"YouTube video player\" src=\"https:\/\/www.youtube.com\/embed\/hVry-zgpWWs\" width=\"560\" height=\"315\" frameborder=\"0\" allowfullscreen=\"allowfullscreen\"><\/iframe><\/p>\n","protected":false},"featured_media":13458,"comment_status":"open","ping_status":"closed","template":"","meta":[],"product_brand":[],"product_cat":[54,136],"product_tag":[55,104,105,25,106,41,107,47,24,108],"class_list":{"0":"post-13457","1":"product","2":"type-product","3":"status-publish","4":"has-post-thumbnail","6":"product_cat-jeep-tours","7":"product_cat-jeep-tours-it","8":"product_tag-aventura-y-naturaleza","9":"product_tag-aventura-y-naturaleza-it","10":"product_tag-canarias-it","11":"product_tag-canarias","12":"product_tag-islas-canarias-it","13":"product_tag-islas-canarias","14":"product_tag-multiaventuras-it","15":"product_tag-multiaventuras","16":"product_tag-tenerife","17":"product_tag-tenerife-it","19":"first","20":"instock","21":"virtual","22":"sold-individually","23":"taxable","24":"purchasable","25":"product-type-booking"},"_links":{"self":[{"href":"https:\/\/informacionturisticatenerife.com\/it\/wp-json\/wp\/v2\/product\/13457","targetHints":{"allow":["GET"]}}],"collection":[{"href":"https:\/\/informacionturisticatenerife.com\/it\/wp-json\/wp\/v2\/product"}],"about":[{"href":"https:\/\/informacionturisticatenerife.com\/it\/wp-json\/wp\/v2\/types\/product"}],"replies":[{"embeddable":true,"href":"https:\/\/informacionturisticatenerife.com\/it\/wp-json\/wp\/v2\/comments?post=13457"}],"wp:featuredmedia":[{"embeddable":true,"href":"https:\/\/informacionturisticatenerife.com\/it\/wp-json\/wp\/v2\/media\/13458"}],"wp:attachment":[{"href":"https:\/\/informacionturisticatenerife.com\/it\/wp-json\/wp\/v2\/media?parent=13457"}],"wp:term":[{"taxonomy":"product_brand","embeddable":true,"href":"https:\/\/informacionturisticatenerife.com\/it\/wp-json\/wp\/v2\/product_brand?post=13457"},{"taxonomy":"product_cat","embeddable":true,"href":"https:\/\/informacionturisticatenerife.com\/it\/wp-json\/wp\/v2\/product_cat?post=13457"},{"taxonomy":"product_tag","embeddable":true,"href":"https:\/\/informacionturisticatenerife.com\/it\/wp-json\/wp\/v2\/product_tag?post=13457"}],"curies":[{"name":"wp","href":"https:\/\/api.w.org\/{rel}","templated":true}]}}