{"id":13393,"date":"2019-05-13T19:11:28","date_gmt":"2019-05-13T17:11:28","guid":{"rendered":"http:\/\/informacionturisticatenerife.com\/producto\/piramides-de-guimar-medio-dia\/"},"modified":"2022-05-25T12:19:34","modified_gmt":"2022-05-25T11:19:34","slug":"parco-etnografico-piramides-di-guimar","status":"publish","type":"product","link":"https:\/\/informacionturisticatenerife.com\/it\/producto\/parco-etnografico-piramides-di-guimar\/","title":{"rendered":"Parco Etnografico le Piramidi di G\u00fc\u00edmar"},"content":{"rendered":"<div class=\"prewrap\">\n<div class=\"prewrap\">\n<p>Il Parco Etnografico le Piramidi di Guimar \u00e8 un complesso di strutture piramidali, astronomicamente orientate verso i solstizi estivi e invernali, e quindi di grande valore culturale, storico e archeologico. Il parco offre ai visitatori la possibilit\u00e0 di vedere queste costruzioni incredibili, molto simili a quelle trovate in Egitto, Mesopotamia, Sardegna, Sicilia, Sud America e altrove.<\/p>\n<p>Al suo interno una proiezione mostra le possibili migrazioni umane in tempi antichi e le similitudini tra le culture delle due sponde dell\u2019Atlantico. Questo documentario racconta anche le spedizioni dell\u2019antropologo norvegese Thor Heyerdahl, il pioniere dello studio delle Piramidi di Guimar.<\/p>\n<p>Il museo, situato nel Manor House Ciaccona, completa l\u2019offerta del parco con le repliche di sculture, ceramiche, fotografie, modelli e altre prove importanti, che suggeriscono parallelismi tra le antiche civilt\u00e0 di entrambe le parti di Atlantico.<\/p>\n<p>Il parco Piramidi di Guimar \u00e8 un meraviglioso luogo culturale, dove si pu\u00f2 godere di uno splendido museo, un teatro, una zona relax, una sala di navigazione, una sala espositiva, uno spazio per piccoli esploratori, attivit\u00e0 culturali, eventi speciali e pi\u00f9. Nello spazio dedicato ai primi navigatori, ci sono le riproduzioni delle navi che sono state utilizzate da Thor Heyerdahl per attraversare l\u2019Oceano Atlantico, Indiano e Pacifico, costruite dai nativi Aymara Totora della Bolivia.<\/p>\n<p>Il parco \u00e8 pronto a ricevere adulti e bambini, che possono giocare e divertirsi, imparando i segreti di antiche civilt\u00e0. Il Parco Etnografico le Piramidi di Guimar \u00e8 situato vicino la citta di Guimar sull\u2019isola di Tenerife.<\/p>\n<\/div>\n<div><\/div>\n<\/div>\n<p><iframe loading=\"lazy\" title=\"YouTube video player\" src=\"https:\/\/www.youtube.com\/embed\/Fa9V8mXDQlM\" width=\"560\" height=\"315\" frameborder=\"0\" allowfullscreen=\"allowfullscreen\"><\/iframe><\/p>\n","protected":false},"excerpt":{"rendered":"<div class=\"prewrap\">\n<div class=\"prewrap\">\n<div class=\"prewrap\">\n<div class=\"prewrap\">\n<div class=\"prewrap\">\n<div class=\"prewrap\">\n<div class=\"prewrap\">\n<div class=\"prewrap\">\n<div class=\"prewrap\">\n<div class=\"prewrap\">\n<div class=\"prewrap\">\n<div class=\"prewrap\">\n<div class=\"prewrap\">\n<div class=\"prewrap\">\n<div class=\"prewrap\">\n<div class=\"prewrap\">\n<div class=\"prewrap\">\n<div class=\"prewrap\">\n<div class=\"prewrap\">\n<div class=\"prewrap\">\n<div class=\"prewrap\">\n<div class=\"prewrap\">\n<div class=\"prewrap\">\n<div class=\"prewrap\">\n<div class=\"prewrap\">\n<div class=\"prewrap\">\n<div class=\"prewrap\">\n<div class=\"prewrap\">\n<div class=\"prewrap\">\n<div class=\"prewrap\">\n<div class=\"prewrap\">\n<div class=\"prewrap\">\n<div class=\"prewrap\">\n<div class=\"prewrap\">\n<p>Il Parco Etnografico le Piramidi di Guimar \u00e8 un complesso di strutture piramidali, astronomicamente orientate verso i solstizi estivi e invernali, e quindi di grande valore culturale, storico e archeologico. Il parco offre ai visitatori la possibilit\u00e0 di vedere queste costruzioni incredibili, molto simili a quelle trovate in Egitto, Mesopotamia, Sardegna, Sicilia, Sud America e altrove.<\/p>\n<p>Il parco \u00e8 pronto a ricevere adulti e bambini, che possono giocare e divertirsi, imparando i segreti di antiche civilt\u00e0. Il Parco Etnografico le Piramidi di Guimar \u00e8 situato vicino la citta di Guimar sull\u2019isola di Tenerife.<\/p>\n<\/div>\n<\/div>\n<\/div>\n<\/div>\n<\/div>\n<\/div>\n<\/div>\n<\/div>\n<\/div>\n<\/div>\n<\/div>\n<\/div>\n<\/div>\n<\/div>\n<\/div>\n<\/div>\n<\/div>\n<\/div>\n<\/div>\n<\/div>\n<\/div>\n<\/div>\n<\/div>\n<\/div>\n<\/div>\n<\/div>\n<\/div>\n<\/div>\n<\/div>\n<\/div>\n<\/div>\n<\/div>\n<\/div>\n<\/div>\n<p><iframe loading=\"lazy\" title=\"YouTube video player\" src=\"https:\/\/www.youtube.com\/embed\/Fa9V8mXDQlM\" width=\"560\" height=\"315\" frameborder=\"0\" allowfullscreen=\"allowfullscreen\"><\/iframe><\/p>\n","protected":false},"featured_media":26839,"comment_status":"open","ping_status":"closed","template":"","meta":[],"product_brand":[],"product_cat":[159,49],"product_tag":[105,25,106,41,50,160,24,108],"class_list":{"0":"post-13393","1":"product","2":"type-product","3":"status-publish","4":"has-post-thumbnail","6":"product_cat-parchi-a-tema","7":"product_cat-parques-tematicos","8":"product_tag-canarias-it","9":"product_tag-canarias","10":"product_tag-islas-canarias-it","11":"product_tag-islas-canarias","12":"product_tag-parques-tematicos","13":"product_tag-parques-tematicos-it","14":"product_tag-tenerife","15":"product_tag-tenerife-it","17":"first","18":"instock","19":"virtual","20":"sold-individually","21":"taxable","22":"purchasable","23":"product-type-booking"},"_links":{"self":[{"href":"https:\/\/informacionturisticatenerife.com\/it\/wp-json\/wp\/v2\/product\/13393","targetHints":{"allow":["GET"]}}],"collection":[{"href":"https:\/\/informacionturisticatenerife.com\/it\/wp-json\/wp\/v2\/product"}],"about":[{"href":"https:\/\/informacionturisticatenerife.com\/it\/wp-json\/wp\/v2\/types\/product"}],"replies":[{"embeddable":true,"href":"https:\/\/informacionturisticatenerife.com\/it\/wp-json\/wp\/v2\/comments?post=13393"}],"wp:featuredmedia":[{"embeddable":true,"href":"https:\/\/informacionturisticatenerife.com\/it\/wp-json\/wp\/v2\/media\/26839"}],"wp:attachment":[{"href":"https:\/\/informacionturisticatenerife.com\/it\/wp-json\/wp\/v2\/media?parent=13393"}],"wp:term":[{"taxonomy":"product_brand","embeddable":true,"href":"https:\/\/informacionturisticatenerife.com\/it\/wp-json\/wp\/v2\/product_brand?post=13393"},{"taxonomy":"product_cat","embeddable":true,"href":"https:\/\/informacionturisticatenerife.com\/it\/wp-json\/wp\/v2\/product_cat?post=13393"},{"taxonomy":"product_tag","embeddable":true,"href":"https:\/\/informacionturisticatenerife.com\/it\/wp-json\/wp\/v2\/product_tag?post=13393"}],"curies":[{"name":"wp","href":"https:\/\/api.w.org\/{rel}","templated":true}]}}