{"id":13386,"date":"2019-05-13T19:15:56","date_gmt":"2019-05-13T17:15:56","guid":{"rendered":"http:\/\/informacionturisticatenerife.com\/producto\/teleferico-del-teide\/"},"modified":"2024-05-25T14:41:59","modified_gmt":"2024-05-25T13:41:59","slug":"teleferica-del-teide","status":"publish","type":"product","link":"https:\/\/informacionturisticatenerife.com\/it\/producto\/teleferica-del-teide\/","title":{"rendered":"Salita sulla Vetta del Teide con biglietto Funivia"},"content":{"rendered":"<div class=\"prewrap\">\n<div class=\"prewrap\">\n<p>Salire sulla vetta del Teide \u00e8 un&#8217;esperienza unica da non perdere durante la visita di Tenerife.<\/p>\n<p>Con l\u2019aiuto della Funivia, dopo una camminata di un\u2019ora circa, raggiungerai il cratere del Teide e, se le condizioni meteorologiche lo permettono, ti piacer\u00e0 immensamente contemplare il profilo delle sommit\u00e0 delle isole vicine a Tenerife dal punto pi\u00f9 alto della Spagna: La Gomera, El Hierro, La Palma e Gran Canaria.<\/p>\n<p>Usa la Funivia del Teide per colmare il dislivello di 1.999 m che separa la stazione base dalla stazione superiore, situata a 3.555 m di altitudine, che \u00e8 il punto di partenza dell\u2019 emozionante sentiero a piedi lungo il sentiero num. 10 del Parco Nazionale, il sentiero Telesforo Bravo, che ti condurr\u00e0 fino all\u2019imponente cratere del Teide per godere di uno dei paesaggi pi\u00f9 spettacolari del mondo.<\/p>\n<p>Ricorda che il permesso per salire sul cratere del Teide \u00e8 incluso quando prenoti l&#8217;attivit\u00e0.<\/p>\n<\/div>\n<\/div>\n<div>\n<div><\/div>\n<div><\/div>\n<\/div>\n<p><iframe loading=\"lazy\" title=\"YouTube video player\" src=\"https:\/\/www.youtube.com\/embed\/AYvNkEThPNU\" width=\"560\" height=\"315\" frameborder=\"0\" allowfullscreen=\"allowfullscreen\"><\/iframe><\/p>\n","protected":false},"excerpt":{"rendered":"<div class=\"prewrap\">\n<div class=\"prewrap\">\n<div class=\"prewrap\">\n<div class=\"prewrap\">\n<div class=\"prewrap\">\n<div class=\"prewrap\">\n<div class=\"prewrap\">\n<div class=\"prewrap\">\n<div class=\"prewrap\">\n<div class=\"prewrap\">\n<div class=\"prewrap\">\n<div class=\"prewrap\">\n<div class=\"prewrap\">\n<div class=\"prewrap\">\n<div class=\"prewrap\">\n<div class=\"prewrap\">\n<div class=\"prewrap\">\n<div class=\"prewrap\">\n<div class=\"prewrap\">\n<div class=\"prewrap\">\n<div class=\"prewrap\">\n<div class=\"prewrap\">\n<div class=\"prewrap\">\n<div class=\"prewrap\">\n<div class=\"prewrap\">\n<div class=\"prewrap\">\n<div class=\"prewrap\">\n<div class=\"prewrap\">\n<div class=\"prewrap\">\n<div class=\"prewrap\">\n<div class=\"prewrap\">\n<div class=\"prewrap\">\n<div class=\"prewrap\">\n<p>Salire sulla vetta del Teide \u00e8 un&#8217;esperienza unica da non perdere durante la visita di Tenerife.<\/p>\n<p>Con l\u2019aiuto della Funivia, dopo una camminata di un\u2019ora circa, raggiungerai il cratere del Teide e, se le condizioni meteorologiche lo permettono, ti piacer\u00e0 immensamente contemplare il profilo delle sommit\u00e0 delle isole vicine a Tenerife dal punto pi\u00f9 alto della Spagna: La Gomera, El Hierro, La Palma e Gran Canaria.<\/p>\n<p>Ricorda che il permesso per salire sul cratere del Teide \u00e8 incluso quando prenoti l&#8217;attivit\u00e0.<\/p>\n<\/div>\n<p>&nbsp;<\/p>\n<\/div>\n<\/div>\n<\/div>\n<\/div>\n<\/div>\n<\/div>\n<\/div>\n<\/div>\n<\/div>\n<\/div>\n<\/div>\n<\/div>\n<\/div>\n<\/div>\n<\/div>\n<\/div>\n<\/div>\n<\/div>\n<\/div>\n<\/div>\n<\/div>\n<\/div>\n<\/div>\n<\/div>\n<\/div>\n<\/div>\n<\/div>\n<\/div>\n<\/div>\n<\/div>\n<\/div>\n<\/div>\n<p><iframe loading=\"lazy\" title=\"YouTube video player\" src=\"https:\/\/www.youtube.com\/embed\/AYvNkEThPNU\" width=\"560\" height=\"315\" frameborder=\"0\" allowfullscreen=\"allowfullscreen\"><\/iframe><\/p>\n","protected":false},"featured_media":26793,"comment_status":"open","ping_status":"closed","template":"","meta":[],"product_brand":[],"product_cat":[146],"product_tag":[105,106,160,108],"class_list":{"0":"post-13386","1":"product","2":"type-product","3":"status-publish","4":"has-post-thumbnail","6":"product_cat-terrestre-it","7":"product_tag-canarias-it","8":"product_tag-islas-canarias-it","9":"product_tag-parques-tematicos-it","10":"product_tag-tenerife-it","12":"first","13":"instock","14":"virtual","15":"sold-individually","16":"taxable","17":"purchasable","18":"product-type-booking"},"_links":{"self":[{"href":"https:\/\/informacionturisticatenerife.com\/it\/wp-json\/wp\/v2\/product\/13386","targetHints":{"allow":["GET"]}}],"collection":[{"href":"https:\/\/informacionturisticatenerife.com\/it\/wp-json\/wp\/v2\/product"}],"about":[{"href":"https:\/\/informacionturisticatenerife.com\/it\/wp-json\/wp\/v2\/types\/product"}],"replies":[{"embeddable":true,"href":"https:\/\/informacionturisticatenerife.com\/it\/wp-json\/wp\/v2\/comments?post=13386"}],"wp:featuredmedia":[{"embeddable":true,"href":"https:\/\/informacionturisticatenerife.com\/it\/wp-json\/wp\/v2\/media\/26793"}],"wp:attachment":[{"href":"https:\/\/informacionturisticatenerife.com\/it\/wp-json\/wp\/v2\/media?parent=13386"}],"wp:term":[{"taxonomy":"product_brand","embeddable":true,"href":"https:\/\/informacionturisticatenerife.com\/it\/wp-json\/wp\/v2\/product_brand?post=13386"},{"taxonomy":"product_cat","embeddable":true,"href":"https:\/\/informacionturisticatenerife.com\/it\/wp-json\/wp\/v2\/product_cat?post=13386"},{"taxonomy":"product_tag","embeddable":true,"href":"https:\/\/informacionturisticatenerife.com\/it\/wp-json\/wp\/v2\/product_tag?post=13386"}],"curies":[{"name":"wp","href":"https:\/\/api.w.org\/{rel}","templated":true}]}}