{"id":13243,"date":"2019-04-15T20:42:27","date_gmt":"2019-04-15T18:42:27","guid":{"rendered":"http:\/\/informacionturisticatenerife.com\/producto\/visita-a-las-bodegas-monje\/"},"modified":"2019-11-22T12:02:36","modified_gmt":"2019-11-22T12:02:36","slug":"monje-cantine-tour","status":"publish","type":"product","link":"https:\/\/informacionturisticatenerife.com\/it\/producto\/monje-cantine-tour\/","title":{"rendered":"Monje Cantine Tour"},"content":{"rendered":"<div class=\"prewrap\">\n<div class=\"prewrap\">\n<div class=\"prewrap\">\n<div class=\"prewrap\">\n<p>Incontra il vino e la gastronomia di Tenerife visitando le cantine di Monje. Dalla nostra cantina, il panorama \u00e8 un dono: vigneti, montagne, mare, sole: il luogo ideale per vivere e prendersi cura dei nostri vini. Costruito nel 1956 e ammodernato nel 1983, conserva ancora le vecchie botti di rovere di quasi 200 anni, nelle quali continuiamo a fermentare e allevare il rosso tradizionale; Uniamo, quindi, le pratiche pi\u00f9 antiche con la tecnologia attuale. La cantina, con una capacit\u00e0 di 160.000 litri, \u00e8 sufficiente per elaborare il nostro raccolto. Dieci persone formano la squadra umana che rende possibile continuare con la filosofia e l&#8217;amore che questa vocazione merita. (Visita in cantina e pranzo). Trasporto non incluso<\/p>\n<p><strong>Disponibile: domenica, luned\u00ec, marted\u00ec, mercoled\u00ec, gioved\u00ec, venerd\u00ec, sabato <\/strong><\/p>\n<p><strong>Durata: 02:00 Circa<\/strong><\/p>\n<p><strong>Prezzo adulto<\/strong>: \u20ac 35,00 <strong>Prezzo bambino<\/strong>: \u20ac 17,50<\/p>\n<\/div>\n<\/div>\n<\/div>\n<\/div>\n","protected":false},"excerpt":{"rendered":"<div class=\"prewrap\">\n<p>Incontra il vino e la gastronomia di Tenerife visitando le cantine di Monje. Dalla nostra cantina, il panorama \u00e8 un dono: vigneti, montagne, mare, sole: il luogo ideale per vivere e prendersi cura dei nostri vini. Costruito nel 1956 e ammodernato nel 1983, conserva ancora le vecchie botti di rovere di quasi 200 anni, nelle quali continuiamo a fermentare e allevare il rosso tradizionale; Uniamo, quindi, le pratiche pi\u00f9 antiche con la tecnologia attuale. La cantina, con una capacit\u00e0 di 160.000 litri, \u00e8 sufficiente per elaborare il nostro raccolto. Dieci persone formano la squadra umana che rende possibile continuare con la filosofia e l&#8217;amore che questa vocazione merita. (Visita in cantina e pranzo). Trasporto non incluso<\/p>\n<p><strong>Disponibile: domenica, luned\u00ec, marted\u00ec, mercoled\u00ec, gioved\u00ec, venerd\u00ec, sabato <\/strong><\/p>\n<p><strong>Durata: 02:00 Circa<\/strong><\/p>\n<p><strong>Prezzo adulto<\/strong>: \u20ac 35,00 <strong>Prezzo bambino<\/strong>: \u20ac 17,50<\/p>\n<\/div>\n","protected":false},"featured_media":13245,"comment_status":"open","ping_status":"closed","template":"","meta":[],"product_brand":[],"product_cat":[146],"product_tag":[192,105,108,148],"class_list":{"0":"post-13243","1":"product","2":"type-product","3":"status-publish","4":"has-post-thumbnail","6":"product_cat-terrestre-it","7":"product_tag-bodegas-monje-it","8":"product_tag-canarias-it","9":"product_tag-tenerife-it","10":"product_tag-tour-it","12":"first","13":"instock","14":"virtual","15":"sold-individually","16":"taxable","17":"purchasable","18":"product-type-booking"},"_links":{"self":[{"href":"https:\/\/informacionturisticatenerife.com\/it\/wp-json\/wp\/v2\/product\/13243","targetHints":{"allow":["GET"]}}],"collection":[{"href":"https:\/\/informacionturisticatenerife.com\/it\/wp-json\/wp\/v2\/product"}],"about":[{"href":"https:\/\/informacionturisticatenerife.com\/it\/wp-json\/wp\/v2\/types\/product"}],"replies":[{"embeddable":true,"href":"https:\/\/informacionturisticatenerife.com\/it\/wp-json\/wp\/v2\/comments?post=13243"}],"wp:featuredmedia":[{"embeddable":true,"href":"https:\/\/informacionturisticatenerife.com\/it\/wp-json\/wp\/v2\/media\/13245"}],"wp:attachment":[{"href":"https:\/\/informacionturisticatenerife.com\/it\/wp-json\/wp\/v2\/media?parent=13243"}],"wp:term":[{"taxonomy":"product_brand","embeddable":true,"href":"https:\/\/informacionturisticatenerife.com\/it\/wp-json\/wp\/v2\/product_brand?post=13243"},{"taxonomy":"product_cat","embeddable":true,"href":"https:\/\/informacionturisticatenerife.com\/it\/wp-json\/wp\/v2\/product_cat?post=13243"},{"taxonomy":"product_tag","embeddable":true,"href":"https:\/\/informacionturisticatenerife.com\/it\/wp-json\/wp\/v2\/product_tag?post=13243"}],"curies":[{"name":"wp","href":"https:\/\/api.w.org\/{rel}","templated":true}]}}