{"id":13080,"date":"2019-07-08T17:28:10","date_gmt":"2019-07-08T15:28:10","guid":{"rendered":"http:\/\/informacionturisticatenerife.com\/producto\/excursion-jeep-vip-tour-la-laguna\/"},"modified":"2022-05-23T10:12:35","modified_gmt":"2022-05-23T09:12:35","slug":"jeep-vip-tour-la-laguna","status":"publish","type":"product","link":"https:\/\/informacionturisticatenerife.com\/it\/producto\/jeep-vip-tour-la-laguna\/","title":{"rendered":"Vip Tour La Laguna"},"content":{"rendered":"<div class=\"prewrap\">\n<div class=\"prewrap\">\n<p>Scopri due dei volti pi\u00f9 affascinanti di Tenerife con questo tour VIP attraverso Anaga e La Laguna, forse due degli emblemi pi\u00f9 autentici dell&#8217;isola. Fallo comodamente a bordo di un minivan con trazione integrale e aria condizionata, accompagnato solo da altre sette persone.<\/p>\n<p>Quando il minivan ti verr\u00e0 a prendere al tuo alloggio o in un punto vicino, ti dirigerai a San Crist\u00f3bal de La Laguna, una citt\u00e0 dichiarata Patrimonio dell&#8217;Umanit\u00e0 che combina tradizioni, leggende e bellezza in ciascuno dei suoi angoli. Scopri tutto ci\u00f2 che riguarda questa popolazione unica con le spiegazioni del team di Tamar\u00e1n, che ti accompagna anche in un&#8217;escursione ad Anaga.<\/p>\n<p>Anaga \u00e8 una formazione vulcanica di et\u00e0 compresa tra 7 e 9 milioni di anni. Possiede la foresta di alloro, dragon tree e cardones pi\u00f9 importante del mondo e ad ogni metro che percorrerai ti sentirai sempre pi\u00f9 parte di un&#8217;atmosfera semplicemente magica. Anaga ha qualcosa di speciale e te ne accorgerai non appena arriverai.<\/p>\n<p>Questo VIP Tour di Anaga e La Laguna non lascia nulla alle spalle: ti porta anche a Playa de las Teresitas e a mangiare a Taganana, cos\u00ec puoi gustare la cucina delle Canarie: ha tutto! Entra in questa avventura molto confortevole su quattro ruote e senti cosa significa essere parte del nord.<\/p>\n<\/div>\n<p><strong>Durata: 08:00 ore circa<\/strong><\/p>\n<\/div>\n<div>\n<div><\/div>\n<div><\/div>\n<div class=\"prewrap\">\n<p>&nbsp;<\/p>\n<\/div>\n<\/div>\n","protected":false},"excerpt":{"rendered":"<div class=\"prewrap\">\n<div class=\"prewrap\">\n<div class=\"prewrap\">\n<div class=\"prewrap\">\n<div class=\"prewrap\">\n<div class=\"prewrap\">\n<div class=\"prewrap\">\n<div class=\"prewrap\">\n<div class=\"prewrap\">\n<div class=\"prewrap\">\n<div class=\"prewrap\">\n<div class=\"prewrap\">\n<div class=\"prewrap\">\n<div class=\"prewrap\">\n<div class=\"prewrap\">\n<div class=\"prewrap\">\n<div class=\"prewrap\">\n<div class=\"prewrap\">\n<div class=\"prewrap\">\n<div class=\"prewrap\">\n<div class=\"prewrap\">\n<div class=\"prewrap\">\n<div class=\"prewrap\">\n<p>Scopri due dei volti pi\u00f9 affascinanti di Tenerife con questo tour VIP attraverso Anaga e La Laguna, forse due degli emblemi pi\u00f9 autentici dell&#8217;isola. Fallo comodamente a bordo di un minivan con trazione integrale e aria condizionata, accompagnato solo da altre sette persone.<\/p>\n<p>Questo VIP Tour di Anaga e La Laguna non lascia nulla alle spalle: ti porta anche a Playa de las Teresitas e a mangiare a Taganana, cos\u00ec puoi gustare la cucina delle Canarie: ha tutto! Entra in questa avventura molto confortevole su quattro ruote e senti cosa significa essere parte del nord.<\/p>\n<\/div>\n<p><strong>Durata: 08:00 ore circa<\/strong><\/p>\n<\/div>\n<\/div>\n<\/div>\n<\/div>\n<\/div>\n<\/div>\n<\/div>\n<\/div>\n<\/div>\n<\/div>\n<\/div>\n<\/div>\n<\/div>\n<\/div>\n<\/div>\n<\/div>\n<\/div>\n<\/div>\n<\/div>\n<\/div>\n<\/div>\n<\/div>\n","protected":false},"featured_media":26425,"comment_status":"open","ping_status":"closed","template":"","meta":[],"product_brand":[],"product_cat":[54,136],"product_tag":[104,55,106,41,108,24],"class_list":{"0":"post-13080","1":"product","2":"type-product","3":"status-publish","4":"has-post-thumbnail","6":"product_cat-jeep-tours","7":"product_cat-jeep-tours-it","8":"product_tag-aventura-y-naturaleza-it","9":"product_tag-aventura-y-naturaleza","10":"product_tag-islas-canarias-it","11":"product_tag-islas-canarias","12":"product_tag-tenerife-it","13":"product_tag-tenerife","15":"first","16":"instock","17":"virtual","18":"sold-individually","19":"taxable","20":"purchasable","21":"product-type-booking"},"_links":{"self":[{"href":"https:\/\/informacionturisticatenerife.com\/it\/wp-json\/wp\/v2\/product\/13080","targetHints":{"allow":["GET"]}}],"collection":[{"href":"https:\/\/informacionturisticatenerife.com\/it\/wp-json\/wp\/v2\/product"}],"about":[{"href":"https:\/\/informacionturisticatenerife.com\/it\/wp-json\/wp\/v2\/types\/product"}],"replies":[{"embeddable":true,"href":"https:\/\/informacionturisticatenerife.com\/it\/wp-json\/wp\/v2\/comments?post=13080"}],"wp:featuredmedia":[{"embeddable":true,"href":"https:\/\/informacionturisticatenerife.com\/it\/wp-json\/wp\/v2\/media\/26425"}],"wp:attachment":[{"href":"https:\/\/informacionturisticatenerife.com\/it\/wp-json\/wp\/v2\/media?parent=13080"}],"wp:term":[{"taxonomy":"product_brand","embeddable":true,"href":"https:\/\/informacionturisticatenerife.com\/it\/wp-json\/wp\/v2\/product_brand?post=13080"},{"taxonomy":"product_cat","embeddable":true,"href":"https:\/\/informacionturisticatenerife.com\/it\/wp-json\/wp\/v2\/product_cat?post=13080"},{"taxonomy":"product_tag","embeddable":true,"href":"https:\/\/informacionturisticatenerife.com\/it\/wp-json\/wp\/v2\/product_tag?post=13080"}],"curies":[{"name":"wp","href":"https:\/\/api.w.org\/{rel}","templated":true}]}}