{"id":16903,"date":"2019-04-15T13:19:08","date_gmt":"2019-04-15T11:19:08","guid":{"rendered":"http:\/\/informacionturisticatenerife.com\/aviso-legal-politica-de-privacidad-y-politica-de-cookies\/"},"modified":"2019-04-15T13:19:08","modified_gmt":"2019-04-15T11:19:08","slug":"aviso-legal-politica-de-privacidad-y-politica-de-cookies","status":"publish","type":"page","link":"https:\/\/informacionturisticatenerife.com\/it\/aviso-legal-politica-de-privacidad-y-politica-de-cookies\/","title":{"rendered":"Aviso Legal, Pol\u00edtica de Privacidad y Pol\u00edtica de Cookies"},"content":{"rendered":"\r\n<h3 class=\"wp-block-heading\">\u00a0<\/h3>\r\n<h3>Aviso Legal, Pol\u00edtica de Privacidad y Pol\u00edtica de Cookies<\/h3>\r\n<p>&nbsp;<\/p>\r\n<p><strong>DATOS IDENTIFICATIVOS DEL TITULAR DE LA WEB<\/strong><br \/>En cumplimiento del deber de informaci\u00f3n, <a href=\"http:\/\/www.informacionturisticatenerife.com\" target=\"_blank\" rel=\"noopener noreferrer\" data-saferedirecturl=\"https:\/\/www.google.com\/url?q=http:\/\/www.informacionturisticatenerife.com&amp;source=gmail&amp;ust=1581011813006000&amp;usg=AFQjCNHCofbkLgxwdfvCzmA7Imb7XOl0LQ\">www.<wbr \/>informacionturisticatenerife.<wbr \/>com<\/a> (en lo sucesivo EL TITULAR) en calidad de titular del web site hjww (en lo sucesivo LA WEB) procede a comunicarles los datos identificativos:<br \/>Denominaci\u00f3n social: <a href=\"http:\/\/www.informacionturisticatenerife.com\" target=\"_blank\" rel=\"noopener noreferrer\" data-saferedirecturl=\"https:\/\/www.google.com\/url?q=http:\/\/www.informacionturisticatenerife.com&amp;source=gmail&amp;ust=1581011813006000&amp;usg=AFQjCNHCofbkLgxwdfvCzmA7Imb7XOl0LQ\">www.<wbr \/>informacionturisticatenerife.<wbr \/>com<\/a><br \/>Direcci\u00f3n de correo electr\u00f3nico: <a href=\"mailto:info@informacionturisticatenerife.com\" target=\"_blank\" rel=\"noopener noreferrer\">info@<wbr \/>informacionturisticatenerife.<wbr \/>com<\/a><br \/>Domicilio: Camino Las Cabras 8, 38400 Puerto de La Cruz<br \/>La presente informaci\u00f3n conforma y regula las condiciones de uso, las limitaciones de responsabilidad y las obligaciones que los usuarios de la p\u00e1gina Web que se publica bajo el nombre de dominio http:\/\/informacionturisticatenerife.com\/\u00a0asumen y se comprometen a respetar.<\/p>\r\n<p><br \/><strong>DEFINICIONES<\/strong><br \/>\u201cP\u00e1gina\u201d Dominio hjww que se pone a disposici\u00f3n de los Usuarios de Internet.<br \/>\u201cUsuario\u201d Persona f\u00edsica o jur\u00eddica que utiliza o navega por la P\u00e1gina.<br \/>\u201cContenido\u201d Son las p\u00e1ginas que conforman la totalidad del dominio, las cuales conforman la informaci\u00f3n y los servicios que EL TITULAR pone a disposici\u00f3n de los Usuarios de Internet. En ellas se contienen los mensajes, textos, fotograf\u00edas, gr\u00e1ficos, iconos, logos, tecnolog\u00eda, links, texturas, dibujos, archivos de sonido y\/o imagen, grabaciones, software, aspecto, dise\u00f1o gr\u00e1fico y c\u00f3digos fuente y, en general, cualquier clase de material contenido en la P\u00e1gina.<br \/>\u201cWeb\u201d Palabra t\u00e9cnica que describe el sistema de acceso a la informaci\u00f3n v\u00eda Internet, que se configura por medio de p\u00e1ginas confeccionadas con lenguaje HTML, ASP, o similar, y mecanismos de programaci\u00f3n tales como java, javascript, PHP, u otros, etc\u2026 En estas p\u00e1ginas dise\u00f1adas y publicadas bajo un nombre de dominio Internet son el resultado de la informaci\u00f3n que el titular pone a disposici\u00f3n de los Usuarios de Internet.<br \/>\u201cEnlaces, Links, V\u00ednculos, etc.\u201d T\u00e9cnica por la cual un Usuario puede navegar por diferentes p\u00e1ginas de la Web, o por Internet, con un simple click sobre el texto, icono, bot\u00f3n o indicativo que<br \/>contiene el enlace.<br \/>\u201cCookies\u201d Medio t\u00e9cnico para la trazabilidad y seguimiento de la navegaci\u00f3n en los sitios Web. Son peque\u00f1os ficheros de texto que se escriben en el ordenador del Usuario.<\/p>\r\n<p><br \/><strong>CONDICIONES DE USO<\/strong><br \/>La simple y mera utilizaci\u00f3n de la P\u00e1gina otorga la condici\u00f3n de Usuario, bien sea persona f\u00edsica o jur\u00eddica, y obligatoriamente implica la aceptaci\u00f3n completa, plena y sin reservas de todas y cada una de las cl\u00e1usulas y condiciones generales incluidas en el Aviso Legal. Si el Usuario no estuviera conforme con las cl\u00e1usulas y condiciones de uso de este Aviso Legal, se abstendr\u00e1 de utilizar la P\u00e1gina.<br \/>Este Aviso Legal est\u00e1 sujeto a cambios y actualizaciones por lo que la versi\u00f3n publicada por EL TITULAR puede ser diferente en cada momento en que el Usuario acceda al Portal. Por tanto, el Usuario debe leer el Aviso Legal en todas y cada una de las ocasiones en que acceda a la P\u00e1gina.<br \/>A trav\u00e9s de la P\u00e1gina, EL TITULAR facilita a los Usuarios el acceso y la utilizaci\u00f3n de diversos Contenidos publicados por medio de Internet por EL TITULAR o por terceros autorizados.<br \/>El Usuario est\u00e1 obligado y se compromete a utilizar la P\u00e1gina y los Contenidos de conformidad con la legislaci\u00f3n vigente, el Aviso Legal, y cualquier otro aviso o instrucciones puestos en su conocimiento, bien sea por medio de este aviso legal o en cualquier otro lugar dentro de los contenidos que conforman la P\u00e1gina, as\u00ed como con las normas de convivencia, la moral y buenas costumbres generalmente aceptadas.<\/p>\r\n<p><br \/>A tal efecto, el Usuario se obliga y compromete a NO utilizar cualquiera de los Contenidos con fines o efectos il\u00edcitos, prohibidos en el Aviso Legal o por la legislaci\u00f3n vigente, lesivos de los derechos e intereses de terceros, o que de cualquier forma puedan da\u00f1ar, inutilizar, sobrecargar, deteriorar o impedir la normal utilizaci\u00f3n de los Contenidos, los equipos inform\u00e1ticos o los documentos, archivos y toda clase de contenidos almacenados en cualquier equipo inform\u00e1tico propios o contratados por EL TITULAR, de otros Usuarios o de cualquier usuario de Internet (hardware y software).<br \/>El Usuario se obliga y se compromete a no transmitir, difundir o poner a disposici\u00f3n de terceros cualquier clase de material contenido en la P\u00e1gina, tales como informaciones, textos, datos,<br \/>contenidos, mensajes, gr\u00e1ficos, dibujos, archivos de sonido y\/o imagen, fotograf\u00edas, grabaciones, software, logotipos, marcas, iconos, tecnolog\u00eda, fotograf\u00edas, software, enlaces, dise\u00f1o gr\u00e1fico y c\u00f3digos fuente, o cualquier otro material al que tuviera acceso en su condici\u00f3n de Usuario de la P\u00e1gina, sin que esta enumeraci\u00f3n tenga car\u00e1cter limitativo.<br \/>Asimismo, de conformidad con todo ello, el Usuario no podr\u00e1:<br \/>&#8211; Reproducir, copiar, distribuir, poner a disposici\u00f3n de cualquier forma, comunicar p\u00fablicamente, transformar o modificar los Contenidos, a menos que se cuente con la autorizaci\u00f3n escrita y expl\u00edcita de EL TITULAR, que es responsable de los correspondientes derechos, o bien que ello resulte legalmente permitido.<br \/>&#8211; Suprimir, manipular o de cualquier forma, alterar el &#8220;copyright&#8221; y dem\u00e1s datos identificativos de la reserva de derechos de EL TITULAR o de sus titulares, de las huellas y\/o identificadores digitales, o de cualesquiera otros medios t\u00e9cnicos establecidos para su reconocimiento.<br \/>El Usuario deber\u00e1 abstenerse de obtener e incluso de intentar obtenerlos Contenidos empleando para ello medios o procedimientos distintos de los que, seg\u00fan los casos, se hayan puesto a su disposici\u00f3n o se hayan indicado en las p\u00e1ginas Web donde se encuentren los mismos o, en general, de los que se empleen habitualmente en Internet a este efecto, siempre que no entra\u00f1en un riesgo de da\u00f1o o inutilizaci\u00f3n de la P\u00e1gina, y\/o de los Contenidos.<\/p>\r\n<p><br \/><strong>DISPONIBILIDAD DE LA P\u00c1GINA<\/strong><br \/>EL TITULAR no garantiza la inexistencia de interrupciones o errores en el acceso a la P\u00e1gina o a sus Contenidos, ni que \u00e9stos se encuentren actualizados, aunque desarrollar\u00e1 sus mejores esfuerzos para, en su caso, evitarlos, subsanarlos o actualizarlos. Por consiguiente, EL TITULAR no se responsabiliza de los da\u00f1os o perjuicios de cualquier tipo producidos en el Usuario que tengan causa de fallos o desconexiones en las redes de telecomunicaciones que produzcan la suspensi\u00f3n, cancelaci\u00f3n o interrupci\u00f3n del servicio del Portal durante la prestaci\u00f3n del mismo o con car\u00e1cter previo.<br \/>EL TITULAR excluye, con las excepciones contempladas en la legislaci\u00f3n vigente, cualquier responsabilidad por los da\u00f1os y perjuicios de toda naturaleza que puedan deberse a la falta de<br \/>disponibilidad, continuidad o calidad del funcionamiento de la P\u00e1gina y de los Contenidos, al no cumplimiento de la expectativa de utilidad que los Usuarios hubieren podido atribuir a la P\u00e1gina y a los Contenidos.<br \/>La funci\u00f3n de los links, enlaces, etc., que aparecen en esta Web es exclusivamente la de informar al Usuario acerca de la existencia de otras Web que contienen informaci\u00f3n sobre la materia. Esto no constituye sugerencia ni recomendaci\u00f3n alguna.<br \/>EL TITULAR no se hace responsable de los contenidos de dichas p\u00e1ginas enlazadas, del funcionamiento, utilidad o resultado de los Hiperenlaces, ni garantiza la ausencia de virus u otros<br \/>elementos en los mismos que puedan producir alteraciones en el sistema inform\u00e1tico (hardware y software), documentos o los ficheros del Usuario, excluyendo cualquier responsabilidad por los da\u00f1os causados al Usuario por cualquiera de estos motivos.<br \/>El acceso a la P\u00e1gina no implica la obligaci\u00f3n por parte de EL TITULAR de controlar la ausencia de virus, gusanos o cualquier otro elemento inform\u00e1tico da\u00f1ino. Corresponde al Usuario, en todo caso, la disponibilidad de herramientas adecuadas para la detecci\u00f3n y desinfecci\u00f3n de programas inform\u00e1ticos da\u00f1inos. Por lo tanto, EL TITULAR no se hace responsable de los posibles errores de seguridad que se puedan producir durante la prestaci\u00f3n del servicio de la P\u00e1gina, ni de los posibles da\u00f1os que puedan causarse al sistema inform\u00e1tico del usuario o de terceros (hardware y software), los ficheros o documentos almacenados en el mismo, como consecuencia de la presencia de virus en el ordenador del usuario utilizado para la conexi\u00f3n a los servicios y contenidos de la Web, de un mal funcionamiento del navegador o del uso de versiones no actualizadas del mismo.<\/p>\r\n<p><br \/><strong>LIMITACI\u00d3N DE RESPONSABILIDAD<\/strong><br \/>EL TITULAR excluye toda responsabilidad por las decisiones que el Usuario pueda tomar basado en esta informaci\u00f3n, as\u00ed como por los posibles errores tipogr\u00e1ficos que puedan contener los documentos y gr\u00e1ficos de la P\u00e1gina. La informaci\u00f3n est\u00e1 sometida a posibles cambios peri\u00f3dicos sin previo aviso de su contenido por ampliaci\u00f3n, mejora, correcci\u00f3n o actualizaci\u00f3n de los Contenidos.<\/p>\r\n<p><br \/><strong>DISPONIBILIDAD DE LOS CONTENIDOS<\/strong><br \/>La prestaci\u00f3n del servicio de la P\u00e1gina y de los Contenidos tiene, en principio, duraci\u00f3n indefinida. EL TITULAR, no obstante, podr\u00e1 dar por terminada o suspender la prestaci\u00f3n del servicio de la p\u00e1gina y\/o de cualquiera de los contenidos en cualquier momento.<\/p>\r\n<p><br \/><strong>COOKIES<\/strong><br \/>Con la finalidad de agilizar el servicio ofrecido, EL TITULAR utilizar\u00e1 o podr\u00e1 utilizar &#8220;cookies&#8221;, para ofrecerle un servicio mejor y m\u00e1s personalizado. Esta &#8220;cookie&#8221; se instala cuando comienza la sesi\u00f3n de navegaci\u00f3n por la web. Si el Usuario no desea que se instale en su disco duro la &#8220;cookie&#8221;, debe configurar su navegador para no recibirlas, utilizando para este procedimiento el recomendado por su navegador, o bien, eliminarla directamente en su ordenador. En este caso, la rapidez y calidad en el funcionamiento de los servicios de EL TITULAR puede disminuir. Siempre que no haya activado la opci\u00f3n que impida la instalaci\u00f3n de cookies en su disco duro puede explorar el mismo siguiendo el manual de instrucciones y ayuda de su sistema operativo para conocer cada servidor desde donde se env\u00edan las &#8220;cookies&#8221;. EL TITULAR va a guardar su ruta de navegaci\u00f3n t\u00edpica para adaptar nuestros servicios lo m\u00e1ximo posible a sus preferencias. El Usuario consiente expresamente la utilizaci\u00f3n de &#8220;cookies&#8221; por EL TITULAR, sin que sea necesario de nuevo solicitarle su consentimiento cada vez que entre en nuestro site. Los nombres de los servidores que transmiten o activan los procedimientos autom\u00e1ticos de recogida de datos se encuentran bajo el dominio de la web de EL TITULAR.<\/p>\r\n<p><br \/><strong>PROTECCI\u00d3N DE DATOS DE CAR\u00c1CTER PERSONAL<\/strong><br \/>Durante la navegaci\u00f3n a trav\u00e9s de LA WEB es posible s\u00e9 que soliciten datos de car\u00e1cter personal a trav\u00e9s de diferentes formularios web dispuestos al efecto o por correo electr\u00f3nico. Dichos datos formar\u00e1n parte de los pertinentes ficheros en funci\u00f3n de la finalidad determinada y concreta que motiva el recabo de los mismos.<br \/>De esta forma, la informaci\u00f3n particular de cada tratamiento de datos se aportar\u00e1 junto a los formularios web o correo electr\u00f3nico, siendo com\u00fan a todos ellos el responsable del fichero:<br \/><a href=\"http:\/\/www.informacionturisticatenerife.com\" target=\"_blank\" rel=\"noopener noreferrer\" data-saferedirecturl=\"https:\/\/www.google.com\/url?q=http:\/\/www.informacionturisticatenerife.com&amp;source=gmail&amp;ust=1581011813006000&amp;usg=AFQjCNHCofbkLgxwdfvCzmA7Imb7XOl0LQ\">www.<wbr \/>informacionturisticatenerife.<wbr \/>com<\/a> REF: Protecci\u00f3n de Datos \/ Camino Las Cabras 8, 38400 Puerto de La Cruz.<br \/>Menores de edad:<br \/>En el supuesto que algunos de los servicios vayan dirigidos espec\u00edficamente a menores de edad, EL TITULAR solicitar\u00e1 la conformidad de los padres o tutores para la recogida de los datos personales o, en su caso, para el tratamiento automatizado de los datos.<br \/>Exactitud y veracidad de los datos facilitados:<br \/>El Usuario es el \u00fanico responsable de la veracidad y correcci\u00f3n de los datos incluidos, exoner\u00e1ndose EL TITULAR de cualquier responsabilidad al respecto. Los usuarios garantizan y responden, en cualquier caso, de la exactitud, vigencia y autenticidad de los datos personales facilitados, y se comprometen a mantenerlos debidamente actualizados. El usuario acepta proporcionar informaci\u00f3n completa y correcta en el formulario de registro o suscripci\u00f3n. EL TITULAR no responde de la veracidad de las informaciones que no sean de elaboraci\u00f3n propia y de las que indique otra fuente, por lo que tampoco asume responsabilidad alguna en cuanto a hipot\u00e9ticos perjuicios que pudieran originarse por el uso de dicha informaci\u00f3n. EL TITULAR se reserva el derecho a actualizar, modificar o eliminar la informaci\u00f3n contenida en sus p\u00e1ginas web pudiendo incluso limitar o no permitir el acceso a tal informaci\u00f3n. Se exonera a EL TITULAR de responsabilidad ante cualquier da\u00f1o o perjuicio que pudiera sufrir el Usuario como consecuencia de errores, defectos u omisiones, en la informaci\u00f3n facilitada por<br \/>EL TITULAR siempre que proceda de fuentes ajenas a la misma.<\/p>\r\n<p><br \/><strong>Cesi\u00f3n de datos a terceros<\/strong>:<br \/>EL TITULAR no realizar\u00e1 cesi\u00f3n de datos de los usuarios a terceros. Ejercicio de derechos de acceso, rectificaci\u00f3n, cancelaci\u00f3n y oposici\u00f3n:<br \/>Podr\u00e1 dirigir sus comunicaciones y ejercitar los derechos de acceso, rectificaci\u00f3n, cancelaci\u00f3n y oposici\u00f3n en la direcci\u00f3n de correo electr\u00f3nico: <a href=\"mailto:info@informacionturisticatenerife.com\" target=\"_blank\" rel=\"noopener noreferrer\">info@<wbr \/>informacionturisticatenerife.<wbr \/>com<\/a>, o bien por correo ordinario dirigido a <a href=\"http:\/\/www.informacionturisticatenerife.com\" target=\"_blank\" rel=\"noopener noreferrer\" data-saferedirecturl=\"https:\/\/www.google.com\/url?q=http:\/\/www.informacionturisticatenerife.com&amp;source=gmail&amp;ust=1581011813007000&amp;usg=AFQjCNGZAazT8w96yPUQQ8ySOMTEf-ilSg\">www.<wbr \/>informacionturisticatenerife.<wbr \/>com<\/a> \/ Camino Las Cabras 8, 38400 Puerto de La Cruz. Para ejercer dichos derechos y en cumplimiento Ley Org\u00e1nica de Protecci\u00f3n de Datos, es necesario que usted acredite su personalidad frente a EL TITULAR mediante el env\u00edo de fotocopia de Documento Nacional de Identidad o cualquier otro documento de identidad v\u00e1lido en Derecho.<br \/>Medidas de seguridad:<br \/>EL TITULAR ha adoptado los niveles de seguridad de protecci\u00f3n de los Datos Personales legalmente requeridos, y procuran instalar aquellos otros medios y medidas t\u00e9cnicas adicionales a su alcance para evitar la p\u00e9rdida, mal uso, alteraci\u00f3n, acceso no autorizado y robo de los Datos Personales facilitados. EL TITULAR no ser\u00e1 responsable de posibles da\u00f1os o perjuicios que se pudieran derivar de interferencias, omisiones, interrupciones, virus inform\u00e1ticos, aver\u00edas telef\u00f3nicas o desconexiones en el funcionamiento operativo de este sistema electr\u00f3nico, motivadas por causas ajenas a EL TITULAR; de retrasos o bloqueos en el uso del presente sistema electr\u00f3nico causados por deficiencias o sobrecargas de l\u00edneas telef\u00f3nicas o sobrecargas en el Centro de Procesos de Datos, en el sistema de Internet o en otros sistemas electr\u00f3nicos, as\u00ed como de da\u00f1os que puedan ser causados por terceras personas mediante<br \/>intromisiones ileg\u00edtimas fuera del control de EL TITULAR. No obstante, el Usuario debe ser consciente de que las medidas de seguridad no son inexpugnables.<br \/>Aceptaci\u00f3n y Consentimiento:<br \/>El Usuario declara haber sido informado de las condiciones sobre protecci\u00f3n de datos personales, aceptando y consintiendo el tratamiento automatizado de los mismos por parte de EL TITULAR, en la forma y para las finalidades indicadas en la presente Pol\u00edtica de Protecci\u00f3n de Datos Personales.<br \/>Ciertos servicios prestados en el Portal pueden contener condiciones particulares con previsiones espec\u00edficas en materia de protecci\u00f3n de Datos Personales.<\/p>\r\n<p><br \/><strong>JURISDICCI\u00d3N<\/strong><br \/>Para cuantas cuestiones se susciten sobre la interpretaci\u00f3n, aplicaci\u00f3n y cumplimiento de este Aviso Legal, as\u00ed como de las reclamaciones que puedan derivarse de su uso, todos las partes intervinientes se someten a los Jueces y Tribunales de S\/C de Tenerife, renunciando de forma expresa a cualquier otro fuero que pudiera corresponderles.<\/p>\r\n<p><br \/><strong>LEGISLACI\u00d3N APLICABLE<\/strong><br \/>El Aviso Legal se rige por la ley espa\u00f1ola. Reservados todos los derechos de autor por las leyes y tratados internacionales de propiedad intelectual. Queda expresamente prohibida su copia, reproducci\u00f3n o difusi\u00f3n, total o parcial, por cualquier medio.<\/p>\r\n","protected":false},"excerpt":{"rendered":"<p>\u00a0 Aviso Legal, Pol\u00edtica de Privacidad y Pol\u00edtica de Cookies &nbsp; DATOS IDENTIFICATIVOS DEL TITULAR DE LA WEBEn cumplimiento del deber de informaci\u00f3n, www.informacionturisticatenerife.com (en lo sucesivo EL TITULAR) en<\/p>\n","protected":false},"author":1,"featured_media":0,"parent":0,"menu_order":0,"comment_status":"closed","ping_status":"open","template":"","meta":{"footnotes":""},"class_list":["post-16903","page","type-page","status-publish","hentry"],"_links":{"self":[{"href":"https:\/\/informacionturisticatenerife.com\/it\/wp-json\/wp\/v2\/pages\/16903","targetHints":{"allow":["GET"]}}],"collection":[{"href":"https:\/\/informacionturisticatenerife.com\/it\/wp-json\/wp\/v2\/pages"}],"about":[{"href":"https:\/\/informacionturisticatenerife.com\/it\/wp-json\/wp\/v2\/types\/page"}],"author":[{"embeddable":true,"href":"https:\/\/informacionturisticatenerife.com\/it\/wp-json\/wp\/v2\/users\/1"}],"replies":[{"embeddable":true,"href":"https:\/\/informacionturisticatenerife.com\/it\/wp-json\/wp\/v2\/comments?post=16903"}],"version-history":[{"count":0,"href":"https:\/\/informacionturisticatenerife.com\/it\/wp-json\/wp\/v2\/pages\/16903\/revisions"}],"wp:attachment":[{"href":"https:\/\/informacionturisticatenerife.com\/it\/wp-json\/wp\/v2\/media?parent=16903"}],"curies":[{"name":"wp","href":"https:\/\/api.w.org\/{rel}","templated":true}]}}