{"id":27050,"date":"2022-06-04T15:41:54","date_gmt":"2022-06-04T14:41:57","guid":{"rendered":"https:\/\/informacionturisticatenerife.com\/?post_type=product&#038;p=27050"},"modified":"2025-08-12T11:05:52","modified_gmt":"2025-08-12T10:05:52","slug":"vip-tour-au-teide-et-a-masca-copia","status":"publish","type":"product","link":"https:\/\/informacionturisticatenerife.com\/fr\/producto\/vip-tour-au-teide-et-a-masca-copia\/","title":{"rendered":"VIP Tour au La Gomera"},"content":{"rendered":"<div class=\"prewrap\">\n<p>D\u00e9couvrez le luxe de pouvoir visiter un \u00eele aussi belle que La Gomera \u00e0 bord d\u2019un des monospaces de Tamar\u00e1n, spacieux et fait pour que vous vous souveniez de votre VIP Tour \u00e0 travers La Gomera pendant longtemps. Laissez l\u2019\u00e9quipe tout vous raconter sur ce que vous visiterez et immergez-vous enti\u00e8rement dans une \u00eele qui fut l\u2019antichambre de la d\u00e9couverte de l\u2019Am\u00e9rique par Christophe Colomb.<\/p>\n<p>Ce tour vous m\u00e8ne de votre logement \u2013 ou point proche \u2013 jusqu\u2019aux lieux qui rendent cette \u00eele r\u00e9ellement particuli\u00e8re, une \u00eele qui a le privil\u00e8ge de compter une langue, le silbo gomero, d\u00e9clar\u00e9e patrimoine mondial de l\u2019humanit\u00e9. Si vous voulez tout d\u00e9couvrir sur cette derni\u00e8re, ne ratez pas les explications de l\u2019\u00e9quipe de Tamar\u00e1n qui fera de votre VIP Tour \u00e0 travers La Gomera une exp\u00e9rience dans laquelle vous vous sentirez faire partie d\u2019une \u00eele pleine d\u2019histoire.<\/p>\n<p>Commencez votre excursion de Tenerife \u00e0 La Gomera en ferry de fa\u00e7on grandiose : avec open bar de nourriture et de boissons tout en profitant de la brise et des plus belles vues sur l\u2019Atlantique. Lorsque vous arriverez \u00e0 San Sebasti\u00e1n de La Gomera de la m\u00eame fa\u00e7on que l\u2019a fait Christophe Colomb il y a plus de 500 ans, vous d\u00e9buterez un parcours qui vous m\u00e8nera dans des endroits de r\u00eave comme au point de vue de Vallehermoso, au parc national de Garajonay parmi les for\u00eats de laurisylve ou au point de vue d\u2019Abrante.<\/p>\n<p>Lorsque la journ\u00e9e de votre Tour Tenerife \u2013 La Gomera se termine, reprenez le cap vers le point de d\u00e9part et faites-le le sourire aux l\u00e8vres avec une promenade confortable tout en vous souvenant des histoires que vous emporterez avec vous, des curiosit\u00e9s culturelles et d\u2019un r\u00e9pertoire \u00e9tendu de photos d\u2019une des \u00eeles les plus charismatiques de l\u2019Atlantique.<\/p>\n<\/div>\n<div><strong>Dur\u00e9e: 09:00 heures environ<\/strong><\/div>\n<div><\/div>\n<div>\n<div>\n<p><iframe loading=\"lazy\" title=\"YouTube video player\" src=\"https:\/\/www.youtube.com\/embed\/38XdeuAEFJg\" width=\"560\" height=\"315\" frameborder=\"0\" allowfullscreen=\"allowfullscreen\"><\/iframe><\/p>\n<p>&nbsp;<\/p>\n<\/div>\n<\/div>\n","protected":false},"excerpt":{"rendered":"<div class=\"prewrap\">\n<div class=\"prewrap\">\n<div class=\"prewrap\">\n<div class=\"prewrap\">\n<div class=\"prewrap\">\n<div class=\"prewrap\">\n<div class=\"prewrap\">\n<div class=\"prewrap\">\n<div class=\"prewrap\">\n<div class=\"prewrap\">\n<div class=\"prewrap\">\n<div class=\"prewrap\">\n<div class=\"prewrap\">\n<div class=\"prewrap\">\n<div class=\"prewrap\">\n<div class=\"prewrap\">\n<div class=\"prewrap\">\n<div class=\"prewrap\">\n<div class=\"prewrap\">\n<div class=\"prewrap\">\n<div class=\"prewrap\">\n<div class=\"prewrap\">\n<p>D\u00e9couvrez le luxe de pouvoir visiter un \u00eele aussi belle que La Gomera \u00e0 bord d\u2019un des monospaces de Tamar\u00e1n, spacieux et fait pour que vous vous souveniez de votre VIP Tour \u00e0 travers La Gomera pendant longtemps. Laissez l\u2019\u00e9quipe tout vous raconter sur ce que vous visiterez et immergez-vous enti\u00e8rement dans une \u00eele qui fut l\u2019antichambre de la d\u00e9couverte de l\u2019Am\u00e9rique par Christophe Colomb.<\/p>\n<p>Ce tour vous m\u00e8ne de votre logement \u2013 ou point proche \u2013 jusqu\u2019aux lieux qui rendent cette \u00eele r\u00e9ellement particuli\u00e8re, une \u00eele qui a le privil\u00e8ge de compter une langue, le silbo gomero, d\u00e9clar\u00e9e patrimoine mondial de l\u2019humanit\u00e9. Si vous voulez tout d\u00e9couvrir sur cette derni\u00e8re, ne ratez pas les explications de l\u2019\u00e9quipe de Tamar\u00e1n qui fera de votre VIP Tour \u00e0 travers La Gomera une exp\u00e9rience dans laquelle vous vous sentirez faire partie d\u2019une \u00eele pleine d\u2019histoire.<\/p>\n<p><strong>Dur\u00e9e: 09:00 heures environ<\/strong><\/p>\n<\/div>\n<\/div>\n<\/div>\n<\/div>\n<\/div>\n<\/div>\n<\/div>\n<\/div>\n<\/div>\n<\/div>\n<\/div>\n<\/div>\n<\/div>\n<\/div>\n<\/div>\n<\/div>\n<\/div>\n<\/div>\n<\/div>\n<\/div>\n<\/div>\n<\/div>\n<p><iframe loading=\"lazy\" title=\"YouTube video player\" src=\"https:\/\/www.youtube.com\/embed\/38XdeuAEFJg\" width=\"560\" height=\"315\" frameborder=\"0\" allowfullscreen=\"allowfullscreen\"><\/iframe><\/p>\n","protected":false},"featured_media":27061,"comment_status":"open","ping_status":"closed","template":"","meta":[],"product_brand":[],"product_cat":[134],"product_tag":[92,93,94,95,96],"class_list":{"0":"post-27050","1":"product","2":"type-product","3":"status-publish","4":"has-post-thumbnail","6":"product_cat-jeep-tours-fr","7":"product_tag-aventura-y-naturaleza-fr","8":"product_tag-canarias-fr","9":"product_tag-islas-canarias-fr","10":"product_tag-multiaventuras-fr","11":"product_tag-tenerife-fr","13":"first","14":"instock","15":"virtual","16":"sold-individually","17":"taxable","18":"purchasable","19":"product-type-booking"},"_links":{"self":[{"href":"https:\/\/informacionturisticatenerife.com\/fr\/wp-json\/wp\/v2\/product\/27050","targetHints":{"allow":["GET"]}}],"collection":[{"href":"https:\/\/informacionturisticatenerife.com\/fr\/wp-json\/wp\/v2\/product"}],"about":[{"href":"https:\/\/informacionturisticatenerife.com\/fr\/wp-json\/wp\/v2\/types\/product"}],"replies":[{"embeddable":true,"href":"https:\/\/informacionturisticatenerife.com\/fr\/wp-json\/wp\/v2\/comments?post=27050"}],"wp:featuredmedia":[{"embeddable":true,"href":"https:\/\/informacionturisticatenerife.com\/fr\/wp-json\/wp\/v2\/media\/27061"}],"wp:attachment":[{"href":"https:\/\/informacionturisticatenerife.com\/fr\/wp-json\/wp\/v2\/media?parent=27050"}],"wp:term":[{"taxonomy":"product_brand","embeddable":true,"href":"https:\/\/informacionturisticatenerife.com\/fr\/wp-json\/wp\/v2\/product_brand?post=27050"},{"taxonomy":"product_cat","embeddable":true,"href":"https:\/\/informacionturisticatenerife.com\/fr\/wp-json\/wp\/v2\/product_cat?post=27050"},{"taxonomy":"product_tag","embeddable":true,"href":"https:\/\/informacionturisticatenerife.com\/fr\/wp-json\/wp\/v2\/product_tag?post=27050"}],"curies":[{"name":"wp","href":"https:\/\/api.w.org\/{rel}","templated":true}]}}