{"id":17908,"date":"2020-08-09T19:48:30","date_gmt":"2020-09-09T18:48:30","guid":{"rendered":"https:\/\/informacionturisticatenerife.com\/?post_type=product&#038;p=17908"},"modified":"2024-05-28T09:34:37","modified_gmt":"2024-05-28T08:34:37","slug":"atelier-astronomique","status":"publish","type":"product","link":"https:\/\/informacionturisticatenerife.com\/fr\/producto\/atelier-astronomique\/","title":{"rendered":"Observation astronomique au Teide"},"content":{"rendered":"<p>R\u00e9alisez votre r\u00eave de profiter de l&rsquo;univers professionnellement et de l&rsquo;un des meilleurs endroits pour voir les \u00e9toiles de Tenerife et du monde: le mont Teide.<\/p>\n<p>Dans cette observation des \u00e9toiles \u00e0 Tenerife, des guides accr\u00e9dit\u00e9s vous attendent qui vous d\u00e9voileront les secrets de l&rsquo;Univers, des t\u00e9lescopes professionnels qui vous permettront de voir de vos propres yeux et de pr\u00e8s ces objets c\u00e9lestes qui vous fascinent depuis tant d&rsquo;ann\u00e9es et le ciel pur et propre du Parc National. del Teide, \u00e0 partir duquel il est possible de contempler 83 des 88 constellations officiellement reconnues et d&rsquo;o\u00f9, en \u00e9t\u00e9, vous pourrez profiter d&rsquo;une vue d\u00e9gag\u00e9e sur la Voie lact\u00e9e<\/p>\n<p><strong>Une observation astronomique fascinante sur le mont Teide pour voir des \u00e9toiles \u00e0 Tenerife<\/strong><br \/>\nVous demandez-vous toujours quelle \u00e9toile ou quel corps c\u00e9leste est-ce l\u00e0 qui brille autant ou \u00e0 quel point il est grand ou petit?<\/p>\n<p>Avec nos guides Starlight vous arr\u00eaterez de vous poser des questions, car ils se chargeront de vous d\u00e9couvrir tous les secrets de l&rsquo;Univers dans cette observation astronomique sur le Teide.<\/p>\n<p>\u00cates-vous fascin\u00e9 par le fait que les civilisations anciennes \u00e9taient orient\u00e9es par les \u00e9toiles et avez-vous toujours voulu pouvoir le faire aussi?<\/p>\n<p>Nos guides vous apprendront \u00e0 vous orienter gr\u00e2ce au ciel et, aussi, si vous avez toujours \u00e9t\u00e9 passionn\u00e9 par la mythologie grecque et les constellations, dans cette exp\u00e9rience de voir les \u00e9toiles du Teide vous apercevrez les \u00e9l\u00e9ments de la mythologie hell\u00e9nique qui se cachent derri\u00e8re les constellations et le relation entre eux.<\/p>\n<p>Profitez de nos t\u00e9lescopes de derni\u00e8re g\u00e9n\u00e9ration pour d\u00e9couvrir des plan\u00e8tes, des galaxies ou des amas comme vous avez toujours r\u00eav\u00e9 de le faire et depuis l&rsquo;un des trois meilleurs endroits au monde pour le faire.<\/p>\n<p>Vous pouvez utiliser ces instruments lors de cette observation des \u00e9toiles \u00e0 Tenerife pour faire une visite nocturne des objets c\u00e9lestes les plus int\u00e9ressants et, en outre, nos moniteurs vous fourniront des informations int\u00e9ressantes sur les objets que vous observez \u00e0 travers l&rsquo;oculaire.<br \/>\n<strong>Les \u00e9toiles du Teide plus proches de vous avec des t\u00e9lescopes professionnels<\/strong><br \/>\nAu cours de cette observation des \u00e9toiles sur le Teide, vous pourrez profiter du ciel \u00e9toil\u00e9 clair depuis le parking de la station de base du t\u00e9l\u00e9ph\u00e9rique, \u00e0 une altitude de 2536 m, avec des t\u00e9lescopes professionnels \u00e0 large port\u00e9e.<\/p>\n<p>L&rsquo;instrumentation astronomique que vous aurez \u00e0 port\u00e9e de main lors de cette observation astronomique \u00e0 Tenerife, ainsi que la qualit\u00e9 et la transparence du ciel de Tenerife depuis le parc national du Teide, loin de la pollution lumineuse des grandes villes, vous feront profiter, en toute s\u00e9curit\u00e9, de une exp\u00e9rience unique dans laquelle il semblera que les stars de Tenerife sont presque \u00e0 vos c\u00f4t\u00e9s.<\/p>\n<p>Profitez \u00e9galement de votre observation des \u00e9toiles \u00e0 Tenerife s&rsquo;il y a une pleine lune<br \/>\nEst in\u00e9vitable. La Lune passe par diff\u00e9rentes phases pendant la lunaison, son cycle de 29 jours.<\/p>\n<p>Ainsi, au moins une fois par mois, la luminosit\u00e9 enivrante du satellite naturel de notre plan\u00e8te Terre \u00e9moussera la faible lumi\u00e8re des astres lointains.<\/p>\n<p>Si vous r\u00e9servez notre observation astronomique sur le mont Teide et en profitez une nuit de pleine lune, vous profiterez de sa pr\u00e9sence rayonnante pour vous d\u00e9lecter de sa nature spectaculaire: crat\u00e8res, cha\u00eenes de montagnes et autres merveilles lunaires.<\/p>\n<p>Que sont-ils? Sur la Lune se trouvent les montagnes de Tenerife, le mont Pico et le crat\u00e8re Piazzi Smyth.<\/p>\n<p>Si vous ne le saviez pas et que nous vous avons laiss\u00e9 vous demander pourquoi ils re\u00e7oivent ces noms, inscrivez-vous \u00e0 la question \u00e0 poser \u00e0 nos guides la nuit de votre observation astronomique sur le mont Teide.<\/p>\n<p><strong>Dur\u00e9e : 1 heure<\/strong><\/p>\n<p><iframe loading=\"lazy\" title=\"YouTube video player\" src=\"https:\/\/www.youtube.com\/embed\/fPcuNfasTPw\" width=\"560\" height=\"315\" frameborder=\"0\" allowfullscreen=\"allowfullscreen\"><\/iframe><\/p>\n","protected":false},"excerpt":{"rendered":"<div class=\"prewrap\">\n<div class=\"prewrap\">\n<div class=\"prewrap\">\n<div class=\"prewrap\">\n<div class=\"prewrap\">\n<div class=\"prewrap\">\n<div class=\"prewrap\">\n<div class=\"prewrap\">\n<div class=\"prewrap\">\n<div class=\"prewrap\">\n<div class=\"prewrap\">\n<div class=\"prewrap\">\n<div class=\"prewrap\">\n<div class=\"prewrap\">\n<div class=\"prewrap\">\n<div class=\"prewrap\">\n<div class=\"prewrap\">\n<div class=\"prewrap\">\n<div class=\"prewrap\">\n<div class=\"prewrap\">\n<div class=\"prewrap\">\n<div class=\"prewrap\">\n<div class=\"prewrap\">\n<div class=\"prewrap\">\n<div class=\"prewrap\">\n<div class=\"prewrap\">\n<div class=\"prewrap\">\n<div class=\"prewrap\">\n<div class=\"prewrap\">\n<div class=\"prewrap\">\n<div class=\"prewrap\">\n<div class=\"prewrap\">\n<div class=\"prewrap\">\n<p>R\u00e9alisez votre r\u00eave de profiter de l&rsquo;univers professionnellement et de l&rsquo;un des meilleurs endroits pour voir les \u00e9toiles de Tenerife et du monde: le mont Teide.<\/p>\n<p>Dans cette observation des \u00e9toiles \u00e0 Tenerife, des guides accr\u00e9dit\u00e9s vous attendent qui vous d\u00e9voileront les secrets de l&rsquo;Univers, des t\u00e9lescopes professionnels qui vous permettront de voir de vos propres yeux et de pr\u00e8s ces objets c\u00e9lestes qui vous fascinent depuis tant d&rsquo;ann\u00e9es et le ciel pur et propre du Parc National. del Teide, \u00e0 partir duquel il est possible de contempler 83 des 88 constellations officiellement reconnues et d&rsquo;o\u00f9, en \u00e9t\u00e9, vous pourrez profiter d&rsquo;une vue d\u00e9gag\u00e9e sur la Voie lact\u00e9e<\/p>\n<p>&nbsp;<\/p>\n<p><strong>Dur\u00e9e : 1 heure<\/strong><\/p>\n<p>&nbsp;<\/p>\n<\/div>\n<\/div>\n<\/div>\n<\/div>\n<\/div>\n<\/div>\n<\/div>\n<\/div>\n<\/div>\n<\/div>\n<\/div>\n<\/div>\n<\/div>\n<\/div>\n<\/div>\n<\/div>\n<\/div>\n<\/div>\n<\/div>\n<\/div>\n<\/div>\n<\/div>\n<\/div>\n<\/div>\n<\/div>\n<\/div>\n<\/div>\n<\/div>\n<\/div>\n<\/div>\n<\/div>\n<\/div>\n<\/div>\n<p><iframe loading=\"lazy\" title=\"YouTube video player\" src=\"https:\/\/www.youtube.com\/embed\/fPcuNfasTPw\" width=\"560\" height=\"315\" frameborder=\"0\" allowfullscreen=\"allowfullscreen\"><\/iframe><\/p>\n","protected":false},"featured_media":13054,"comment_status":"open","ping_status":"closed","template":"","meta":[],"product_brand":[],"product_cat":[140],"product_tag":[93,94,96],"class_list":{"0":"post-17908","1":"product","2":"type-product","3":"status-publish","4":"has-post-thumbnail","6":"product_cat-terrestre-fr","7":"product_tag-canarias-fr","8":"product_tag-islas-canarias-fr","9":"product_tag-tenerife-fr","11":"first","12":"instock","13":"virtual","14":"sold-individually","15":"taxable","16":"purchasable","17":"product-type-booking"},"_links":{"self":[{"href":"https:\/\/informacionturisticatenerife.com\/fr\/wp-json\/wp\/v2\/product\/17908","targetHints":{"allow":["GET"]}}],"collection":[{"href":"https:\/\/informacionturisticatenerife.com\/fr\/wp-json\/wp\/v2\/product"}],"about":[{"href":"https:\/\/informacionturisticatenerife.com\/fr\/wp-json\/wp\/v2\/types\/product"}],"replies":[{"embeddable":true,"href":"https:\/\/informacionturisticatenerife.com\/fr\/wp-json\/wp\/v2\/comments?post=17908"}],"wp:featuredmedia":[{"embeddable":true,"href":"https:\/\/informacionturisticatenerife.com\/fr\/wp-json\/wp\/v2\/media\/13054"}],"wp:attachment":[{"href":"https:\/\/informacionturisticatenerife.com\/fr\/wp-json\/wp\/v2\/media?parent=17908"}],"wp:term":[{"taxonomy":"product_brand","embeddable":true,"href":"https:\/\/informacionturisticatenerife.com\/fr\/wp-json\/wp\/v2\/product_brand?post=17908"},{"taxonomy":"product_cat","embeddable":true,"href":"https:\/\/informacionturisticatenerife.com\/fr\/wp-json\/wp\/v2\/product_cat?post=17908"},{"taxonomy":"product_tag","embeddable":true,"href":"https:\/\/informacionturisticatenerife.com\/fr\/wp-json\/wp\/v2\/product_tag?post=17908"}],"curies":[{"name":"wp","href":"https:\/\/api.w.org\/{rel}","templated":true}]}}