{"id":17880,"date":"2020-09-09T19:17:09","date_gmt":"2020-09-09T18:17:09","guid":{"rendered":"https:\/\/informacionturisticatenerife.com\/?post_type=product&#038;p=17880"},"modified":"2022-05-17T20:04:42","modified_gmt":"2022-05-17T19:04:42","slug":"kayak-a-los-gigantes","status":"publish","type":"product","link":"https:\/\/informacionturisticatenerife.com\/fr\/producto\/kayak-a-los-gigantes\/","title":{"rendered":"Kayak \u00e0 Los Gigantes"},"content":{"rendered":"<div class=\"prewrap\">\n<p><strong>DESCRIPTION DE LA ROUTE<\/strong><\/p>\n<p>Nous partons de la marina de Los Gigantes le long des impressionnantes falaises de Los Gigantes pour un aller-retour accompagn\u00e9 de nos moniteurs qui vous guideront et vous montreront quelques singularit\u00e9s de ce paysage incroyable.<\/p>\n<p>Pour votre s\u00e9curit\u00e9, bien que la navigation dans ces eaux soit toujours calme et s\u00fbre, nous serons accompagn\u00e9s \u00e0 tout moment d&rsquo;un bateau de soutien et d&rsquo;assistance en cas d&rsquo;\u00e9ventualit\u00e9.<\/p>\n<p>Les kayaks que nous utilisons sont biplace, pour les d\u00e9butants, tr\u00e8s faciles \u00e0 \u00abmanipuler\u00bb m\u00eame si vous n&rsquo;en avez jamais essay\u00e9 auparavant. Nous avons \u00e9galement des kayaks individuels au cas o\u00f9 le groupe serait \u00e9trange.<\/p>\n<p><strong>FICHE TECHNIQUE:<\/strong><\/p>\n<p>Dur\u00e9e: 2 heures environ<\/p>\n<p>Difficult\u00e9: faible.<\/p>\n<p>Heure et point de rendez-vous: 15 min avant le d\u00e9but du parcours dans notre magasin, \u00e0 PANTAL\u00c1N 6. PUERTO DE LOS GIGANTES.<\/p>\n<p>\u0152il! Partez bien \u00e0 l&rsquo;avance, il est difficile de se garer ici, surtout en ao\u00fbt. La marina elle-m\u00eame est un parking payant.<\/p>\n<p><strong>LA ROUTE COMPREND:<\/strong><br \/>\nKayak, dossier, pagaie et gilet \u00e0 vidage automatique.<br \/>\nBateau de soutien.<br \/>\n1 boisson gazeuse \/ bi\u00e8re. Nous avons \u00e9galement un distributeur d&rsquo;eau gratuit dans le magasin si vous apportez votre propre cantine.<br \/>\nLivre photo num\u00e9rique.<\/p>\n<p><strong>CE QU&rsquo;IL FAUT APPORTER?<\/strong><\/p>\n<p>Maillot de bain, protection solaire et rien d&rsquo;autre. Le reste de vos effets personnels sera conserv\u00e9 pour vous dans nos locaux ou sur le bateau d&rsquo;assistance.<br \/>\nThermos \/ cantine. Dans notre magasin, nous avons un distributeur d&rsquo;eau pour les remplir. Et aussi des bouteilles \u00e0 vendre. Nous devons r\u00e9duire l&rsquo;utilisation de plastique !!<\/p>\n<p><strong>LIRE ATTENTIVEMENT:<\/strong><\/p>\n<p>Se garer \u00e0 Los Gigantes n&rsquo;est g\u00e9n\u00e9ralement pas facile et nous devons \u00eatre ponctuels avec l&rsquo;horaire \u00e9tabli. Veuillez garder cela \u00e0 l&rsquo;esprit lors de la planification de votre itin\u00e9raire.<br \/>\nPour l&rsquo;excursion en kayak, vous n&rsquo;avez besoin que d&rsquo;un maillot de bain et d&rsquo;une protection solaire. Vous pouvez porter des lunettes, nous les garderons pour vous lors de votre baignade.<br \/>\nPour participer \u00e0 nos activit\u00e9s nautiques il est essentiel de savoir nager et d&rsquo;\u00eatre en bonne condition physique et mentale.<br \/>\nNous ne sommes pas responsables de la perte ou de la d\u00e9t\u00e9rioration du mat\u00e9riel que vous transportez dans le kayak.<\/p>\n<p><b>Dur\u00e9e: 2 hrs<\/b><\/p>\n<p><iframe loading=\"lazy\" title=\"YouTube video player\" src=\"https:\/\/www.youtube.com\/embed\/C0DlvaY18l4\" width=\"560\" height=\"315\" frameborder=\"0\" allowfullscreen=\"allowfullscreen\"><\/iframe><\/p>\n<\/div>\n","protected":false},"excerpt":{"rendered":"<div class=\"prewrap\">\n<div class=\"prewrap\">\n<div class=\"prewrap\">\n<div class=\"prewrap\">\n<div class=\"prewrap\">\n<div class=\"prewrap\">\n<div class=\"prewrap\">\n<div class=\"prewrap\">\n<div class=\"prewrap\">\n<div class=\"prewrap\">\n<div class=\"prewrap\">\n<div class=\"prewrap\">\n<div class=\"prewrap\">\n<div class=\"prewrap\">\n<div class=\"prewrap\">\n<div class=\"prewrap\">\n<div class=\"prewrap\">\n<div class=\"prewrap\">\n<div class=\"prewrap\">\n<div class=\"prewrap\">\n<div class=\"prewrap\">\n<div class=\"prewrap\">\n<div class=\"prewrap\">\n<div class=\"prewrap\">\n<div class=\"prewrap\">\n<div class=\"prewrap\">\n<div class=\"prewrap\">\n<div class=\"prewrap\">\n<div class=\"prewrap\">\n<div class=\"prewrap\">\n<div class=\"prewrap\">\n<div class=\"prewrap\">\n<div class=\"prewrap\">\n<p>Profitez de cette activit\u00e9 de kayak inoubliable dans le sud de Tenerife profitant du paysage, des falaises et de sa grande biodiversit\u00e9.<\/p>\n<p><b>Dur\u00e9e: 2 hrs<\/b><\/p>\n<p>&nbsp;<\/p>\n<p>&nbsp;<\/p>\n<\/div>\n<\/div>\n<\/div>\n<\/div>\n<\/div>\n<p><iframe loading=\"lazy\" title=\"YouTube video player\" src=\"https:\/\/www.youtube.com\/embed\/C0DlvaY18l4\" width=\"560\" height=\"315\" frameborder=\"0\" allowfullscreen=\"allowfullscreen\"><\/iframe><\/p>\n<\/div>\n<\/div>\n<\/div>\n<\/div>\n<\/div>\n<\/div>\n<\/div>\n<\/div>\n<\/div>\n<\/div>\n<\/div>\n<\/div>\n<\/div>\n<\/div>\n<\/div>\n<\/div>\n<\/div>\n<\/div>\n<\/div>\n<\/div>\n<\/div>\n<\/div>\n<\/div>\n<\/div>\n<\/div>\n<\/div>\n<\/div>\n<\/div>\n","protected":false},"featured_media":25970,"comment_status":"open","ping_status":"closed","template":"","meta":[],"product_brand":[],"product_cat":[111,56],"product_tag":[93,25,94,41,24,96,112,57],"class_list":{"0":"post-17880","1":"product","2":"type-product","3":"status-publish","4":"has-post-thumbnail","6":"product_cat-sports-nautiques","7":"product_cat-water-sports","8":"product_tag-canarias-fr","9":"product_tag-canarias","10":"product_tag-islas-canarias-fr","11":"product_tag-islas-canarias","12":"product_tag-tenerife","13":"product_tag-tenerife-fr","14":"product_tag-water-sports-fr","15":"product_tag-water-sports","17":"first","18":"instock","19":"virtual","20":"sold-individually","21":"taxable","22":"purchasable","23":"product-type-booking"},"_links":{"self":[{"href":"https:\/\/informacionturisticatenerife.com\/fr\/wp-json\/wp\/v2\/product\/17880","targetHints":{"allow":["GET"]}}],"collection":[{"href":"https:\/\/informacionturisticatenerife.com\/fr\/wp-json\/wp\/v2\/product"}],"about":[{"href":"https:\/\/informacionturisticatenerife.com\/fr\/wp-json\/wp\/v2\/types\/product"}],"replies":[{"embeddable":true,"href":"https:\/\/informacionturisticatenerife.com\/fr\/wp-json\/wp\/v2\/comments?post=17880"}],"wp:featuredmedia":[{"embeddable":true,"href":"https:\/\/informacionturisticatenerife.com\/fr\/wp-json\/wp\/v2\/media\/25970"}],"wp:attachment":[{"href":"https:\/\/informacionturisticatenerife.com\/fr\/wp-json\/wp\/v2\/media?parent=17880"}],"wp:term":[{"taxonomy":"product_brand","embeddable":true,"href":"https:\/\/informacionturisticatenerife.com\/fr\/wp-json\/wp\/v2\/product_brand?post=17880"},{"taxonomy":"product_cat","embeddable":true,"href":"https:\/\/informacionturisticatenerife.com\/fr\/wp-json\/wp\/v2\/product_cat?post=17880"},{"taxonomy":"product_tag","embeddable":true,"href":"https:\/\/informacionturisticatenerife.com\/fr\/wp-json\/wp\/v2\/product_tag?post=17880"}],"curies":[{"name":"wp","href":"https:\/\/api.w.org\/{rel}","templated":true}]}}