{"id":17567,"date":"2020-08-28T09:13:23","date_gmt":"2020-08-28T08:13:25","guid":{"rendered":"https:\/\/informacionturisticatenerife.com\/?post_type=product&#038;p=17567"},"modified":"2022-05-16T21:39:11","modified_gmt":"2022-05-16T20:39:11","slug":"bateau-de-peche-a-tenerife","status":"publish","type":"product","link":"https:\/\/informacionturisticatenerife.com\/fr\/producto\/bateau-de-peche-a-tenerife\/","title":{"rendered":"Bateau de p\u00eache \u00e0 Tenerife"},"content":{"rendered":"<p><b>N<\/b>ous proposons diff\u00e9rents styles de p\u00eache, toujours en fonction de la m\u00e9t\u00e9o et de ce qui a \u00e9t\u00e9 p\u00each\u00e9 dans les jours pr\u00e9c\u00e9dant le voyage, comme la p\u00eache aux app\u00e2ts vivants, la p\u00eache de fond et la p\u00eache \u00e0 la tra\u00eene . Chaque p\u00eacheur recevra sa propre canne et son permis de p\u00eache pendant le voyage.<\/p>\n<p>Il y a un hamac sur le flybridge pour les spectateurs, des toilettes \u00e0 bord et un r\u00e9frig\u00e9rateur dans lequel ils peuvent obtenir de l&rsquo;eau, de la bi\u00e8re et des boissons gazeuses.<\/p>\n<p>Il y a aussi la possibilit\u00e9 de s&rsquo;arr\u00eater pour nager dans une baie et visiter les falaises de Masca. L&rsquo;\u00e9quipage cuisinera vos prises \u00e0 bord du bateau ou vous pourrez les ramener \u00e0 la maison et les nettoyer et les fileter pour le d\u00eener!<\/p>\n<p>Toutes les boissons, sandwichs et collations sont inclus.<\/p>\n<p>* Tous les bateaux sont install\u00e9s avec un sonar et le meilleur \u00e9quipement de p\u00eache. Nous op\u00e9rons tous les jours. Il y a un \u00e2ge minimum de 4 ans pour p\u00eacher, mais il n&rsquo;y a pas d&rsquo;\u00e2ge minimum pour l&rsquo;observation.<\/p>\n<p><strong>Dur\u00e9e : 4 heures<\/strong><\/p>\n<p><iframe loading=\"lazy\" src=\"https:\/\/www.youtube.com\/embed\/EQPjs91aWM4\" width=\"560\" height=\"315\" frameborder=\"0\" allowfullscreen=\"allowfullscreen\"><\/iframe><\/p>\n","protected":false},"excerpt":{"rendered":"<p><b>N<\/b>ous proposons diff\u00e9rents styles de p\u00eache, toujours en fonction de la m\u00e9t\u00e9o et de ce qui a \u00e9t\u00e9 p\u00each\u00e9 dans les jours pr\u00e9c\u00e9dant le voyage, comme la p\u00eache aux app\u00e2ts vivants, la p\u00eache de fond et la p\u00eache \u00e0 la tra\u00eene . Chaque p\u00eacheur recevra sa propre canne et son permis de p\u00eache pendant le voyage.<\/p>\n<p><strong>Dur\u00e9e : 4 heures<\/strong><\/p>\n<p>&nbsp;<\/p>\n<p>&nbsp;<\/p>\n<p><iframe loading=\"lazy\" title=\"YouTube video player\" src=\"https:\/\/www.youtube.com\/embed\/EQPjs91aWM4\" width=\"560\" height=\"315\" frameborder=\"0\" allowfullscreen=\"allowfullscreen\"><\/iframe><\/p>\n","protected":false},"featured_media":25989,"comment_status":"open","ping_status":"closed","template":"","meta":[],"product_brand":[],"product_cat":[211],"product_tag":[93,212,94,96],"class_list":{"0":"post-17567","1":"product","2":"type-product","3":"status-publish","4":"has-post-thumbnail","6":"product_cat-maritime","7":"product_tag-canarias-fr","8":"product_tag-excursiones-maritimas-fr","9":"product_tag-islas-canarias-fr","10":"product_tag-tenerife-fr","12":"first","13":"instock","14":"virtual","15":"sold-individually","16":"taxable","17":"purchasable","18":"product-type-booking"},"_links":{"self":[{"href":"https:\/\/informacionturisticatenerife.com\/fr\/wp-json\/wp\/v2\/product\/17567","targetHints":{"allow":["GET"]}}],"collection":[{"href":"https:\/\/informacionturisticatenerife.com\/fr\/wp-json\/wp\/v2\/product"}],"about":[{"href":"https:\/\/informacionturisticatenerife.com\/fr\/wp-json\/wp\/v2\/types\/product"}],"replies":[{"embeddable":true,"href":"https:\/\/informacionturisticatenerife.com\/fr\/wp-json\/wp\/v2\/comments?post=17567"}],"wp:featuredmedia":[{"embeddable":true,"href":"https:\/\/informacionturisticatenerife.com\/fr\/wp-json\/wp\/v2\/media\/25989"}],"wp:attachment":[{"href":"https:\/\/informacionturisticatenerife.com\/fr\/wp-json\/wp\/v2\/media?parent=17567"}],"wp:term":[{"taxonomy":"product_brand","embeddable":true,"href":"https:\/\/informacionturisticatenerife.com\/fr\/wp-json\/wp\/v2\/product_brand?post=17567"},{"taxonomy":"product_cat","embeddable":true,"href":"https:\/\/informacionturisticatenerife.com\/fr\/wp-json\/wp\/v2\/product_cat?post=17567"},{"taxonomy":"product_tag","embeddable":true,"href":"https:\/\/informacionturisticatenerife.com\/fr\/wp-json\/wp\/v2\/product_tag?post=17567"}],"curies":[{"name":"wp","href":"https:\/\/api.w.org\/{rel}","templated":true}]}}