{"id":17391,"date":"2020-08-27T17:54:42","date_gmt":"2020-08-27T16:54:42","guid":{"rendered":"https:\/\/informacionturisticatenerife.com\/?post_type=product&#038;p=17391"},"modified":"2024-03-13T10:28:37","modified_gmt":"2024-03-13T10:28:37","slug":"snorkel","status":"publish","type":"product","link":"https:\/\/informacionturisticatenerife.com\/fr\/producto\/snorkel\/","title":{"rendered":"Plong\u00e9e en apn\u00e9e avec les tortues"},"content":{"rendered":"<p>Tenerife est l\u2019endroit id\u00e9al pour faire du snorkeling. Gr\u00e2ce \u00e0 l\u2019orographie de l\u2019\u00eele et \u00e0 son orientation vers la mer, les c\u00f4tes sud sont g\u00e9n\u00e9ralement calmes, ce qui en fait un lieu s\u00fbr pour pratiquer ce sport.<\/p>\n<p>Les eaux sont limpides et offrent une bonne visibilit\u00e9, avec des temp\u00e9ratures allant de 17 \u00e0 24 degr\u00e9s Celsius. Les fonds de roches volcaniques et les r\u00e9cifs regorgent de vie et sont les nurseries de poissons tels que les labres, les fulmars et les oliviers.<br \/>\nL\u2019objectif du snorkeling \u00e0 Tenerife est d\u2019avoir la possibilit\u00e9 de voir la vie sous-marine des \u00eeles Canaries sans effort dans un environnement naturel. (<span class=\"Y2IQFc\" lang=\"fr\">Les observations de tortues ne sont pas garanties)<\/span><\/p>\n<p><strong>Dur\u00e9e: 50 min environ<\/strong><\/p>\n<p>&nbsp;<\/p>\n<p><iframe loading=\"lazy\" title=\"YouTube video player\" src=\"https:\/\/www.youtube.com\/embed\/7Mf15OYKqMg\" width=\"560\" height=\"315\" frameborder=\"0\" allowfullscreen=\"allowfullscreen\"><\/iframe><\/p>\n","protected":false},"excerpt":{"rendered":"<div class=\"prewrap\">\n<p>Tenerife est l\u2019endroit id\u00e9al pour faire du snorkeling. Gr\u00e2ce \u00e0 l\u2019orographie de l\u2019\u00eele et \u00e0 son orientation vers la mer, les c\u00f4tes sud sont g\u00e9n\u00e9ralement calmes, ce qui en fait un lieu s\u00fbr pour pratiquer ce sport. (<span class=\"Y2IQFc\" lang=\"fr\">Les observations de tortues ne sont pas garanties)<\/span><\/p>\n<p><strong>Dur\u00e9e: 50 min environ<\/strong><\/p>\n<\/div>\n<p>&nbsp;<\/p>\n<p><iframe loading=\"lazy\" title=\"YouTube video player\" src=\"https:\/\/www.youtube.com\/embed\/7Mf15OYKqMg\" width=\"560\" height=\"315\" frameborder=\"0\" allowfullscreen=\"allowfullscreen\"><\/iframe><\/p>\n","protected":false},"featured_media":17407,"comment_status":"open","ping_status":"closed","template":"","meta":[],"product_brand":[],"product_cat":[111],"product_tag":[93,94,95,96],"class_list":{"0":"post-17391","1":"product","2":"type-product","3":"status-publish","4":"has-post-thumbnail","6":"product_cat-sports-nautiques","7":"product_tag-canarias-fr","8":"product_tag-islas-canarias-fr","9":"product_tag-multiaventuras-fr","10":"product_tag-tenerife-fr","12":"first","13":"instock","14":"virtual","15":"sold-individually","16":"taxable","17":"purchasable","18":"product-type-booking"},"_links":{"self":[{"href":"https:\/\/informacionturisticatenerife.com\/fr\/wp-json\/wp\/v2\/product\/17391","targetHints":{"allow":["GET"]}}],"collection":[{"href":"https:\/\/informacionturisticatenerife.com\/fr\/wp-json\/wp\/v2\/product"}],"about":[{"href":"https:\/\/informacionturisticatenerife.com\/fr\/wp-json\/wp\/v2\/types\/product"}],"replies":[{"embeddable":true,"href":"https:\/\/informacionturisticatenerife.com\/fr\/wp-json\/wp\/v2\/comments?post=17391"}],"wp:featuredmedia":[{"embeddable":true,"href":"https:\/\/informacionturisticatenerife.com\/fr\/wp-json\/wp\/v2\/media\/17407"}],"wp:attachment":[{"href":"https:\/\/informacionturisticatenerife.com\/fr\/wp-json\/wp\/v2\/media?parent=17391"}],"wp:term":[{"taxonomy":"product_brand","embeddable":true,"href":"https:\/\/informacionturisticatenerife.com\/fr\/wp-json\/wp\/v2\/product_brand?post=17391"},{"taxonomy":"product_cat","embeddable":true,"href":"https:\/\/informacionturisticatenerife.com\/fr\/wp-json\/wp\/v2\/product_cat?post=17391"},{"taxonomy":"product_tag","embeddable":true,"href":"https:\/\/informacionturisticatenerife.com\/fr\/wp-json\/wp\/v2\/product_tag?post=17391"}],"curies":[{"name":"wp","href":"https:\/\/api.w.org\/{rel}","templated":true}]}}