{"id":13576,"date":"2019-05-13T17:24:11","date_gmt":"2019-05-13T15:24:11","guid":{"rendered":"http:\/\/informacionturisticatenerife.com\/producto\/senderismo-pico-del-teide\/"},"modified":"2024-05-25T14:46:28","modified_gmt":"2024-05-25T13:46:28","slug":"randonnee-jusquau-pic-du-teide","status":"publish","type":"product","link":"https:\/\/informacionturisticatenerife.com\/fr\/producto\/randonnee-jusquau-pic-du-teide\/","title":{"rendered":"Randonn\u00e9e au Pic du Teide + T\u00e9l\u00e9ph\u00e9rique"},"content":{"rendered":"<div class=\"prewrap\">\n<div class=\"prewrap\">\n<p>Montez sur le plus haut sommet d&rsquo;Espagne, le Pico del Teide, et ressentez la merveilleuse sensation de toucher le ciel \u00e0 3 718 m.<\/p>\n<p>Cette randonn\u00e9e commence par l&rsquo;ascension du t\u00e9l\u00e9ph\u00e9rique jusqu&rsquo;\u00e0 la station sup\u00e9rieure. \u00c0 partir de l\u00e0, nous ferons une promenade d&rsquo;environ une heure, qui culminera en contemplant du plus haut point d&rsquo;Espagne les sommets de Tenerife et les silhouettes des \u00eeles voisines: La Gomera, El Hierro, La Palma et Gran Canaria.<\/p>\n<p><strong>Difficult\u00e9 \u00e9lev\u00e9e<\/strong><\/p>\n<p>&nbsp;<\/p>\n<div><iframe loading=\"lazy\" title=\"YouTube video player\" src=\"https:\/\/www.youtube.com\/embed\/d44SPBiqcng?si=Bz4ffS8p4vGYldJU\" width=\"560\" height=\"315\" frameborder=\"0\" allowfullscreen=\"allowfullscreen\"><\/iframe><\/div>\n<\/div>\n<\/div>\n","protected":false},"excerpt":{"rendered":"<div class=\"prewrap\">\n<div class=\"prewrap\">\n<div class=\"prewrap\">\n<div class=\"prewrap\">\n<div class=\"prewrap\">\n<div class=\"prewrap\">\n<div class=\"prewrap\">\n<div class=\"prewrap\">\n<div class=\"prewrap\">\n<div class=\"prewrap\">\n<div class=\"prewrap\">\n<div class=\"prewrap\">\n<p>Montez sur le plus haut sommet d&rsquo;Espagne, le Pico del Teide, et ressentez la merveilleuse sensation de toucher le ciel \u00e0 3 718 m.<\/p>\n<p>Cette randonn\u00e9e commence par l&rsquo;ascension du t\u00e9l\u00e9ph\u00e9rique jusqu&rsquo;\u00e0 la station sup\u00e9rieure. \u00c0 partir de l\u00e0, nous ferons une promenade d&rsquo;environ une heure, qui culminera en contemplant du plus haut point d&rsquo;Espagne les sommets de Tenerife et les silhouettes des \u00eeles voisines: La Gomera, El Hierro, La Palma et Gran Canaria.<\/p>\n<p><strong>Difficult\u00e9 \u00e9lev\u00e9e<\/strong><\/p>\n<\/div>\n<\/div>\n<\/div>\n<\/div>\n<\/div>\n<\/div>\n<\/div>\n<\/div>\n<\/div>\n<\/div>\n<\/div>\n<\/div>\n<p><iframe loading=\"lazy\" title=\"YouTube video player\" src=\"https:\/\/www.youtube.com\/embed\/d44SPBiqcng?si=Bz4ffS8p4vGYldJU\" width=\"560\" height=\"315\" frameborder=\"0\" allowfullscreen=\"allowfullscreen\"><\/iframe><\/p>\n","protected":false},"featured_media":27319,"comment_status":"open","ping_status":"closed","template":"","meta":[],"product_brand":[],"product_cat":[127],"product_tag":[93,94,128,96],"class_list":{"0":"post-13576","1":"product","2":"type-product","3":"status-publish","4":"has-post-thumbnail","6":"product_cat-randonnee","7":"product_tag-canarias-fr","8":"product_tag-islas-canarias-fr","9":"product_tag-senderismo-fr","10":"product_tag-tenerife-fr","12":"first","13":"instock","14":"virtual","15":"sold-individually","16":"taxable","17":"purchasable","18":"product-type-booking"},"_links":{"self":[{"href":"https:\/\/informacionturisticatenerife.com\/fr\/wp-json\/wp\/v2\/product\/13576","targetHints":{"allow":["GET"]}}],"collection":[{"href":"https:\/\/informacionturisticatenerife.com\/fr\/wp-json\/wp\/v2\/product"}],"about":[{"href":"https:\/\/informacionturisticatenerife.com\/fr\/wp-json\/wp\/v2\/types\/product"}],"replies":[{"embeddable":true,"href":"https:\/\/informacionturisticatenerife.com\/fr\/wp-json\/wp\/v2\/comments?post=13576"}],"wp:featuredmedia":[{"embeddable":true,"href":"https:\/\/informacionturisticatenerife.com\/fr\/wp-json\/wp\/v2\/media\/27319"}],"wp:attachment":[{"href":"https:\/\/informacionturisticatenerife.com\/fr\/wp-json\/wp\/v2\/media?parent=13576"}],"wp:term":[{"taxonomy":"product_brand","embeddable":true,"href":"https:\/\/informacionturisticatenerife.com\/fr\/wp-json\/wp\/v2\/product_brand?post=13576"},{"taxonomy":"product_cat","embeddable":true,"href":"https:\/\/informacionturisticatenerife.com\/fr\/wp-json\/wp\/v2\/product_cat?post=13576"},{"taxonomy":"product_tag","embeddable":true,"href":"https:\/\/informacionturisticatenerife.com\/fr\/wp-json\/wp\/v2\/product_tag?post=13576"}],"curies":[{"name":"wp","href":"https:\/\/api.w.org\/{rel}","templated":true}]}}