{"id":13569,"date":"2019-05-13T17:16:52","date_gmt":"2019-05-13T15:16:52","guid":{"rendered":"http:\/\/informacionturisticatenerife.com\/producto\/excursion-a-la-palma\/"},"modified":"2024-06-16T19:45:37","modified_gmt":"2024-06-16T18:45:37","slug":"la-palma-tour-de-lile","status":"publish","type":"product","link":"https:\/\/informacionturisticatenerife.com\/fr\/producto\/la-palma-tour-de-lile\/","title":{"rendered":"La Palma Tour de l&rsquo;\u00eele"},"content":{"rendered":"<div class=\"prewrap\">\n<p>Une fois \u00e0 La Palma. Le premier arr\u00eat se fera dans la capitale afin que nous puissions d\u00e9couvrir certains des lieux les plus embl\u00e9matiques tels que :<\/p>\n<p>El Barco de la Virgen, une reproduction de la Santa Maria \u00e0 bord de laquelle Christophe Colomb a d\u00e9couvert l&rsquo;Am\u00e9rique et qui a \u00e9t\u00e9 construite en m\u00e9moire des marins de La Palma qui sont partis d&rsquo;ici avec des voiliers fabriqu\u00e9s avec le bois de nos montagnes. \u00c0 l&rsquo;int\u00e9rieur se trouve le mus\u00e9e naval avec des cartes navales et des reproductions de certains des navires construits sur l&rsquo;\u00eele. Le ch\u00e2teau de Santa Catalina, qui \u00e9tait l&rsquo;un des plus importants d&rsquo;Espagne sur la route des Am\u00e9riques. Les balcons typiques qui sont parmi les meilleurs ensembles de balcons ou de surplombs de balcons conserv\u00e9s dans les \u00eeles Canaries. Les doubles balcons qui ont \u00e9t\u00e9 construits pour ventiler les maisons m\u00e9ritent d&rsquo;\u00eatre mentionn\u00e9s.<\/p>\n<p>L&rsquo;arr\u00eat suivant est le Mirador de la Concepci\u00f3n. Il est situ\u00e9 sur la partie la plus \u00e9lev\u00e9e du volcan Caldereta \u00ab\u00a0d\u00e9clar\u00e9 espace naturel\u00a0\u00bb d&rsquo;o\u00f9 l&rsquo;on peut voir le crat\u00e8re et la capitale de la belle \u00eele. Vous continuerez vers le tunnel du temps, en voyant comment la v\u00e9g\u00e9tation de l&rsquo;\u00eele change, puis vous irez vers le sud-ouest, en entrant dans la zone affect\u00e9e par le volcan Cumbre Vieja.<\/p>\n<p>L&rsquo;\u00e9tape suivante sera la zone d&rsquo;exclusion du quartier de Tacande, o\u00f9 vous aurez une premi\u00e8re vue du volcan, puis vous vous rendrez \u00e0 Tazacorte, o\u00f9 vous verrez les plus jeunes coul\u00e9es de lave d&rsquo;Espagne.<\/p>\n<p>Le d\u00e9jeuner sera servi dans l&rsquo;un des restaurants typiques de la r\u00e9gion vers 13h30. Apr\u00e8s le d\u00e9jeuner, depuis le port de Tazacorte, vous verrez le fajana ou delta de lave.<\/p>\n<p>Le dernier arr\u00eat se fera au mirador de Tajuya o\u00f9 vous aurez le temps d&rsquo;observer, en toute s\u00e9curit\u00e9 \u00e0 une distance de 2 km, le dernier volcan des Canaries qui n&rsquo;a toujours pas de nom<\/p>\n<\/div>\n<div>\n<p><strong>Dur\u00e9e: 08:00 heures environ<\/strong><\/p>\n<\/div>\n","protected":false},"excerpt":{"rendered":"<div class=\"prewrap\">\n<div class=\"prewrap\">\n<div class=\"prewrap\">\n<div class=\"prewrap\">\n<div class=\"prewrap\">\n<div class=\"prewrap\">\n<div class=\"prewrap\">\n<div class=\"prewrap\">\n<div class=\"prewrap\">\n<div class=\"prewrap\">\n<div class=\"prewrap\">\n<div class=\"prewrap\">\n<div class=\"prewrap\">\n<div class=\"prewrap\">\n<p>Une fois \u00e0 La Palma. Le premier arr\u00eat se fera dans la capitale afin que nous puissions d\u00e9couvrir certains des lieux les plus embl\u00e9matiques tels que :<\/p>\n<p>El Barco de la Virgen, une reproduction de la Santa Maria \u00e0 bord de laquelle Christophe Colomb a d\u00e9couvert l&rsquo;Am\u00e9rique et qui a \u00e9t\u00e9 construite en m\u00e9moire des marins de La Palma qui sont partis d&rsquo;ici avec des voiliers fabriqu\u00e9s avec le bois de nos montagnes. \u00c0 l&rsquo;int\u00e9rieur se trouve le mus\u00e9e naval avec des cartes navales et des reproductions de certains des navires construits sur l&rsquo;\u00eele. Le ch\u00e2teau de Santa Catalina, qui \u00e9tait l&rsquo;un des plus importants d&rsquo;Espagne sur la route des Am\u00e9riques. Les balcons typiques qui sont parmi les meilleurs ensembles de balcons ou de surplombs de balcons conserv\u00e9s dans les \u00eeles Canaries. Les doubles balcons qui ont \u00e9t\u00e9 construits pour ventiler les maisons m\u00e9ritent d&rsquo;\u00eatre mentionn\u00e9s.<\/p>\n<p>L&rsquo;arr\u00eat suivant est le Mirador de la Concepci\u00f3n. Il est situ\u00e9 sur la partie la plus \u00e9lev\u00e9e du volcan Caldereta \u00ab\u00a0d\u00e9clar\u00e9 espace naturel\u00a0\u00bb d&rsquo;o\u00f9 l&rsquo;on peut voir le crat\u00e8re et la capitale de la belle \u00eele. Vous continuerez vers le tunnel du temps, en voyant comment la v\u00e9g\u00e9tation de l&rsquo;\u00eele change, puis vous irez vers le sud-ouest, en entrant dans la zone affect\u00e9e par le volcan Cumbre Vieja.<\/p>\n<p>L&rsquo;\u00e9tape suivante sera la zone d&rsquo;exclusion du quartier de Tacande, o\u00f9 vous aurez une premi\u00e8re vue du volcan, puis vous vous rendrez \u00e0 Tazacorte, o\u00f9 vous verrez les plus jeunes coul\u00e9es de lave d&rsquo;Espagne.<\/p>\n<p>Le d\u00e9jeuner sera servi dans l&rsquo;un des restaurants typiques de la r\u00e9gion vers 13h30. Apr\u00e8s le d\u00e9jeuner, depuis le port de Tazacorte, vous verrez le fajana ou delta de lave.<\/p>\n<p>Le dernier arr\u00eat se fera au mirador de Tajuya o\u00f9 vous aurez le temps d&rsquo;observer, en toute s\u00e9curit\u00e9 \u00e0 une distance de 2 km, le dernier volcan des Canaries qui n&rsquo;a toujours pas de nom<\/p>\n<\/div>\n<div><strong>Dur\u00e9e: 08:00 heures environ<\/strong><\/div>\n<\/div>\n<\/div>\n<\/div>\n<\/div>\n<\/div>\n<\/div>\n<\/div>\n<\/div>\n<\/div>\n<\/div>\n<\/div>\n<\/div>\n<\/div>\n","protected":false},"featured_media":13570,"comment_status":"open","ping_status":"closed","template":"","meta":[],"product_brand":[],"product_cat":[219],"product_tag":[93,94,220,96],"class_list":{"0":"post-13569","1":"product","2":"type-product","3":"status-publish","4":"has-post-thumbnail","6":"product_cat-vers-dautres-iles","7":"product_tag-canarias-fr","8":"product_tag-islas-canarias-fr","9":"product_tag-otras-islas-fr","10":"product_tag-tenerife-fr","12":"first","13":"instock","14":"virtual","15":"sold-individually","16":"taxable","17":"purchasable","18":"product-type-booking"},"_links":{"self":[{"href":"https:\/\/informacionturisticatenerife.com\/fr\/wp-json\/wp\/v2\/product\/13569","targetHints":{"allow":["GET"]}}],"collection":[{"href":"https:\/\/informacionturisticatenerife.com\/fr\/wp-json\/wp\/v2\/product"}],"about":[{"href":"https:\/\/informacionturisticatenerife.com\/fr\/wp-json\/wp\/v2\/types\/product"}],"replies":[{"embeddable":true,"href":"https:\/\/informacionturisticatenerife.com\/fr\/wp-json\/wp\/v2\/comments?post=13569"}],"wp:featuredmedia":[{"embeddable":true,"href":"https:\/\/informacionturisticatenerife.com\/fr\/wp-json\/wp\/v2\/media\/13570"}],"wp:attachment":[{"href":"https:\/\/informacionturisticatenerife.com\/fr\/wp-json\/wp\/v2\/media?parent=13569"}],"wp:term":[{"taxonomy":"product_brand","embeddable":true,"href":"https:\/\/informacionturisticatenerife.com\/fr\/wp-json\/wp\/v2\/product_brand?post=13569"},{"taxonomy":"product_cat","embeddable":true,"href":"https:\/\/informacionturisticatenerife.com\/fr\/wp-json\/wp\/v2\/product_cat?post=13569"},{"taxonomy":"product_tag","embeddable":true,"href":"https:\/\/informacionturisticatenerife.com\/fr\/wp-json\/wp\/v2\/product_tag?post=13569"}],"curies":[{"name":"wp","href":"https:\/\/api.w.org\/{rel}","templated":true}]}}