{"id":13550,"date":"2019-05-10T21:01:07","date_gmt":"2019-05-10T19:01:07","guid":{"rendered":"http:\/\/informacionturisticatenerife.com\/producto\/excursion-a-la-gomera\/"},"modified":"2026-01-30T09:56:47","modified_gmt":"2026-01-30T09:56:47","slug":"la-gomera-tour-de-lile","status":"publish","type":"product","link":"https:\/\/informacionturisticatenerife.com\/fr\/producto\/la-gomera-tour-de-lile\/","title":{"rendered":"La Gomera Tour de l&rsquo;\u00eele"},"content":{"rendered":"<div class=\"prewrap\">\n<div class=\"prewrap\">\n<div class=\"prewrap\">\n<div class=\"prewrap\">\n<div class=\"prewrap\">\n<div class=\"prewrap\">\n<div class=\"prewrap\">\n<div class=\"prewrap\">\n<div class=\"prewrap\">\n<div class=\"prewrap\">\n<div class=\"prewrap\">\n<div class=\"prewrap\">\n<p>Nous partirons de Puerto de los Cristianos \u00e0 Tenerife et prendrons le ferry pour San Sebasti\u00e1n de La Gomera, la capitale de l&rsquo;\u00eele. L\u00e0, nous monterons dans le bus pour visiter notre premier arr\u00eat : la vall\u00e9e d&rsquo;Hermigua.<\/p>\n<p>Nous continuerons la route en passant par La Palmita et arriverons au hameau de Agulo. Vous aurez le temps de d\u00e9jeuner dans un restaurant typique et, si la disponibilit\u00e9 le permet, d&rsquo;assister \u00e0 une d\u00e9monstration en direct du \u00ab\u00a0silbo gomero\u00a0\u00bb (sifflet de La Gomera).<\/p>\n<p>Apr\u00e8s le d\u00e9jeuner, nous commencerons notre ascension vers le parc national de Garajonay, un paradis de for\u00eats de lauriers et une r\u00e9serve naturelle d\u00e9clar\u00e9e patrimoine mondial par l&rsquo;UNESCO. Nous ferons un arr\u00eat sp\u00e9cial \u00e0 la Laguna Grande, o\u00f9 vous pourrez explorer les environs o\u00f9 l&rsquo;on dit que les anciennes sorci\u00e8res de l&rsquo;\u00eele se r\u00e9unissaient.<\/p>\n<p>Sur le chemin du retour, nous nous arr\u00eaterons pour admirer l&rsquo;imposant Roque de Agando, une formation de lave volcanique impressionnante et accident\u00e9e. Enfin, nous retournerons \u00e0 Saint-S\u00e9bastien, o\u00f9 vous pourrez voir les derniers vestiges historiques du passage de Christophe Colomb avant son d\u00e9part pour le continent am\u00e9ricain, comme la Torre del Conde ou la Casa de Col\u00f3n.<\/p>\n<\/div>\n<div>\n<p><strong>Dur\u00e9e: 08:00 heures environ<\/strong><\/p>\n<\/div>\n<\/div>\n<\/div>\n<\/div>\n<\/div>\n<\/div>\n<\/div>\n<\/div>\n<\/div>\n<\/div>\n<\/div>\n<\/div>\n<p><iframe loading=\"lazy\" title=\"YouTube video player\" src=\"https:\/\/www.youtube.com\/embed\/BYZS9WWYftg\" width=\"560\" height=\"315\" frameborder=\"0\" allowfullscreen=\"allowfullscreen\"><\/iframe><\/p>\n","protected":false},"excerpt":{"rendered":"<div class=\"prewrap\">\n<div class=\"prewrap\">\n<p>Nous partirons de Puerto de los Cristianos \u00e0 Tenerife et prendrons le ferry pour San Sebasti\u00e1n de La Gomera, la capitale de l&rsquo;\u00eele. L\u00e0, nous monterons dans le bus pour visiter notre premier arr\u00eat : la vall\u00e9e d&rsquo;Hermigua.<\/p>\n<p>Nous continuerons la route en passant par La Palmita et arriverons au hameau de Agulo. Vous aurez le temps de d\u00e9jeuner dans un restaurant typique et, si la disponibilit\u00e9 le permet, d&rsquo;assister \u00e0 une d\u00e9monstration en direct du \u00ab\u00a0silbo gomero\u00a0\u00bb (sifflet de La Gomera).<\/p>\n<p>Apr\u00e8s le d\u00e9jeuner, nous commencerons notre ascension vers le parc national de Garajonay, un paradis de for\u00eats de lauriers et une r\u00e9serve naturelle d\u00e9clar\u00e9e patrimoine mondial par l&rsquo;UNESCO. Nous ferons un arr\u00eat sp\u00e9cial \u00e0 la Laguna Grande, o\u00f9 vous pourrez explorer les environs o\u00f9 l&rsquo;on dit que les anciennes sorci\u00e8res de l&rsquo;\u00eele se r\u00e9unissaient.<\/p>\n<p>Sur le chemin du retour, nous nous arr\u00eaterons pour admirer l&rsquo;imposant Roque de Agando, une formation de lave volcanique impressionnante et accident\u00e9e. Enfin, nous retournerons \u00e0 Saint-S\u00e9bastien, o\u00f9 vous pourrez voir les derniers vestiges historiques du passage de Christophe Colomb avant son d\u00e9part pour le continent am\u00e9ricain, comme la Torre del Conde ou la Casa de Col\u00f3n.<\/p>\n<\/div>\n<div><strong>Dur\u00e9e: 08:00 heures environ<\/strong><\/div>\n<\/div>\n<p><iframe loading=\"lazy\" title=\"YouTube video player\" src=\"https:\/\/www.youtube.com\/embed\/BYZS9WWYftg\" width=\"560\" height=\"315\" frameborder=\"0\" allowfullscreen=\"allowfullscreen\"><\/iframe><\/p>\n","protected":false},"featured_media":13552,"comment_status":"open","ping_status":"closed","template":"","meta":[],"product_brand":[],"product_cat":[219],"product_tag":[93,94,220,96],"class_list":{"0":"post-13550","1":"product","2":"type-product","3":"status-publish","4":"has-post-thumbnail","6":"product_cat-vers-dautres-iles","7":"product_tag-canarias-fr","8":"product_tag-islas-canarias-fr","9":"product_tag-otras-islas-fr","10":"product_tag-tenerife-fr","12":"first","13":"instock","14":"virtual","15":"sold-individually","16":"taxable","17":"purchasable","18":"product-type-booking"},"_links":{"self":[{"href":"https:\/\/informacionturisticatenerife.com\/fr\/wp-json\/wp\/v2\/product\/13550","targetHints":{"allow":["GET"]}}],"collection":[{"href":"https:\/\/informacionturisticatenerife.com\/fr\/wp-json\/wp\/v2\/product"}],"about":[{"href":"https:\/\/informacionturisticatenerife.com\/fr\/wp-json\/wp\/v2\/types\/product"}],"replies":[{"embeddable":true,"href":"https:\/\/informacionturisticatenerife.com\/fr\/wp-json\/wp\/v2\/comments?post=13550"}],"wp:featuredmedia":[{"embeddable":true,"href":"https:\/\/informacionturisticatenerife.com\/fr\/wp-json\/wp\/v2\/media\/13552"}],"wp:attachment":[{"href":"https:\/\/informacionturisticatenerife.com\/fr\/wp-json\/wp\/v2\/media?parent=13550"}],"wp:term":[{"taxonomy":"product_brand","embeddable":true,"href":"https:\/\/informacionturisticatenerife.com\/fr\/wp-json\/wp\/v2\/product_brand?post=13550"},{"taxonomy":"product_cat","embeddable":true,"href":"https:\/\/informacionturisticatenerife.com\/fr\/wp-json\/wp\/v2\/product_cat?post=13550"},{"taxonomy":"product_tag","embeddable":true,"href":"https:\/\/informacionturisticatenerife.com\/fr\/wp-json\/wp\/v2\/product_tag?post=13550"}],"curies":[{"name":"wp","href":"https:\/\/api.w.org\/{rel}","templated":true}]}}