{"id":13527,"date":"2019-05-13T17:28:03","date_gmt":"2019-05-13T15:28:03","guid":{"rendered":"http:\/\/informacionturisticatenerife.com\/producto\/senderismo-anaga-caserio-de-chinamada\/"},"modified":"2022-06-06T21:13:26","modified_gmt":"2022-06-06T20:13:26","slug":"randonnee-anaga-caserio-de-chinamada","status":"publish","type":"product","link":"https:\/\/informacionturisticatenerife.com\/fr\/producto\/randonnee-anaga-caserio-de-chinamada\/","title":{"rendered":"Randonn\u00e9e Anaga: Caserio de Chinamada"},"content":{"rendered":"<div class=\"prewrap\">\n<p>Randonn\u00e9e, 3h30. Petites mont\u00e9es et descentes faciles, la plupart du temps douces. 8 kilom\u00e8tres, for\u00eats de Laurisilva, larges vues sur les vall\u00e9es et l&rsquo;oc\u00e9an Atlantique. Excursion idyllique, dans le massif d&rsquo;Anaga. A d\u00e9guster au coeur du massif.<\/p>\n<\/div>\n<div>\n<p><strong>Difficult\u00e9: facile \u00e0 moyenne<\/strong><\/p>\n<p><strong>Dur\u00e9e: 04:00 heures environ<\/strong><\/p>\n<\/div>\n<p><iframe loading=\"lazy\" title=\"YouTube video player\" src=\"https:\/\/www.youtube.com\/embed\/KTktwu0oSzI\" width=\"560\" height=\"315\" frameborder=\"0\" allowfullscreen=\"allowfullscreen\"><\/iframe><\/p>\n","protected":false},"excerpt":{"rendered":"<div class=\"prewrap\">\n<div class=\"prewrap\">\n<div class=\"prewrap\">\n<div class=\"prewrap\">\n<div class=\"prewrap\">\n<div class=\"prewrap\">\n<div class=\"prewrap\">\n<div class=\"prewrap\">\n<div class=\"prewrap\">\n<div class=\"prewrap\">\n<div class=\"prewrap\">\n<div class=\"prewrap\">\n<div class=\"prewrap\">\n<div class=\"prewrap\">\n<div class=\"prewrap\">\n<p>Randonn\u00e9e, 3h30. Petites mont\u00e9es et descentes faciles, la plupart du temps douces. 8 kilom\u00e8tres, for\u00eats de Laurisilva, larges vues sur les vall\u00e9es et l&rsquo;oc\u00e9an Atlantique. Excursion idyllique, dans le massif d&rsquo;Anaga. A d\u00e9guster au coeur du massif<\/p>\n<\/div>\n<div>\n<p><strong>Difficult\u00e9:facile \u00e0 moyenne<\/strong><\/p>\n<p><strong>Dur\u00e9e: 04:00 heures environ<\/strong><\/p>\n<\/div>\n<\/div>\n<div><\/div>\n<div>\n<div><\/div>\n<\/div>\n<\/div>\n<\/div>\n<\/div>\n<\/div>\n<\/div>\n<\/div>\n<\/div>\n<\/div>\n<\/div>\n<\/div>\n<\/div>\n<\/div>\n<\/div>\n<p><iframe loading=\"lazy\" title=\"YouTube video player\" src=\"https:\/\/www.youtube.com\/embed\/KTktwu0oSzI\" width=\"560\" height=\"315\" frameborder=\"0\" allowfullscreen=\"allowfullscreen\"><\/iframe><\/p>\n","protected":false},"featured_media":27272,"comment_status":"open","ping_status":"closed","template":"","meta":[],"product_brand":[],"product_cat":[127],"product_tag":[93,94,128,96],"class_list":{"0":"post-13527","1":"product","2":"type-product","3":"status-publish","4":"has-post-thumbnail","6":"product_cat-randonnee","7":"product_tag-canarias-fr","8":"product_tag-islas-canarias-fr","9":"product_tag-senderismo-fr","10":"product_tag-tenerife-fr","12":"first","13":"instock","14":"virtual","15":"sold-individually","16":"taxable","17":"purchasable","18":"product-type-booking"},"_links":{"self":[{"href":"https:\/\/informacionturisticatenerife.com\/fr\/wp-json\/wp\/v2\/product\/13527","targetHints":{"allow":["GET"]}}],"collection":[{"href":"https:\/\/informacionturisticatenerife.com\/fr\/wp-json\/wp\/v2\/product"}],"about":[{"href":"https:\/\/informacionturisticatenerife.com\/fr\/wp-json\/wp\/v2\/types\/product"}],"replies":[{"embeddable":true,"href":"https:\/\/informacionturisticatenerife.com\/fr\/wp-json\/wp\/v2\/comments?post=13527"}],"wp:featuredmedia":[{"embeddable":true,"href":"https:\/\/informacionturisticatenerife.com\/fr\/wp-json\/wp\/v2\/media\/27272"}],"wp:attachment":[{"href":"https:\/\/informacionturisticatenerife.com\/fr\/wp-json\/wp\/v2\/media?parent=13527"}],"wp:term":[{"taxonomy":"product_brand","embeddable":true,"href":"https:\/\/informacionturisticatenerife.com\/fr\/wp-json\/wp\/v2\/product_brand?post=13527"},{"taxonomy":"product_cat","embeddable":true,"href":"https:\/\/informacionturisticatenerife.com\/fr\/wp-json\/wp\/v2\/product_cat?post=13527"},{"taxonomy":"product_tag","embeddable":true,"href":"https:\/\/informacionturisticatenerife.com\/fr\/wp-json\/wp\/v2\/product_tag?post=13527"}],"curies":[{"name":"wp","href":"https:\/\/api.w.org\/{rel}","templated":true}]}}