{"id":13521,"date":"2019-05-13T17:31:57","date_gmt":"2019-05-13T15:31:57","guid":{"rendered":"http:\/\/informacionturisticatenerife.com\/producto\/senderismo-anaga-el-bosque-encantado\/"},"modified":"2022-06-05T21:36:24","modified_gmt":"2022-06-05T20:36:24","slug":"randonnee-anaga-la-foret-enchantee","status":"publish","type":"product","link":"https:\/\/informacionturisticatenerife.com\/fr\/producto\/randonnee-anaga-la-foret-enchantee\/","title":{"rendered":"Randonn\u00e9e Anaga: La For\u00eat Enchant\u00e9e"},"content":{"rendered":"<div class=\"prewrap\">\n<div>Les anciennes voies commerciales et de transhumance nous conduiront au village isol\u00e9 de Chinimada o\u00f9 se trouvent des grottes encore habit\u00e9es de nos jours. Nous jouirons d\u00b4une grande vari\u00e9t\u00e9 botanique,\u00a0 de magnifiques vues sur les gorges qui plongent dans l\u00b4Atlantique et nous feront une approche de l\u00b4histoire des Guanches.<\/div>\n<div>Dans un petit restaurant traditionnel, nous go\u00fbterons \u00e0 la cuisine typique des Canaries comme par exemple la lapin frit, le pot-au-feu canarien et le vin local<\/div>\n<\/div>\n<div>\n<p>Difficult\u00e9: facile<\/p>\n<p><strong>Dur\u00e9e: 04:00 heures environ.<\/strong><\/p>\n<\/div>\n<div><\/div>\n<div>\n<div>\n<p><iframe loading=\"lazy\" title=\"YouTube video player\" src=\"https:\/\/www.youtube.com\/embed\/V-UTGzjXKdk\" width=\"560\" height=\"315\" frameborder=\"0\" allowfullscreen=\"allowfullscreen\"><\/iframe><\/p>\n<p>&nbsp;<\/p>\n<\/div>\n<\/div>\n","protected":false},"excerpt":{"rendered":"<div class=\"prewrap\">\n<div class=\"prewrap\">\n<div class=\"prewrap\">\n<div class=\"prewrap\">\n<div class=\"prewrap\">\n<div class=\"prewrap\">\n<div class=\"prewrap\">\n<div class=\"prewrap\">\n<div class=\"prewrap\">\n<div class=\"prewrap\">\n<div class=\"prewrap\">\n<div class=\"prewrap\">\n<div class=\"prewrap\">\n<div class=\"prewrap\">\n<div class=\"prewrap\">\n<div class=\"prewrap\">\n<div>Les anciennes voies commerciales et de transhumance nous conduiront au village isol\u00e9 de Chinimada o\u00f9 se trouvent des grottes encore habit\u00e9es de nos jours. Nous jouirons d\u00b4une grande vari\u00e9t\u00e9 botanique,\u00a0 de magnifiques vues sur les gorges qui plongent dans l\u00b4Atlantique et nous feront une approche de l\u00b4histoire des Guanches.<\/div>\n<div>Dans un petit restaurant traditionnel, nous go\u00fbterons \u00e0 la cuisine typique des Canaries comme par exemple la lapin frit, le pot-au-feu canarien et le vin local<\/div>\n<\/div>\n<div>\n<p>Difficult\u00e9: facile<\/p>\n<p><strong>Dur\u00e9e: 04:00 heures environ.<\/strong><\/p>\n<\/div>\n<\/div>\n<\/div>\n<\/div>\n<\/div>\n<\/div>\n<\/div>\n<\/div>\n<\/div>\n<\/div>\n<\/div>\n<\/div>\n<\/div>\n<\/div>\n<\/div>\n<\/div>\n<p><iframe loading=\"lazy\" title=\"YouTube video player\" src=\"https:\/\/www.youtube.com\/embed\/V-UTGzjXKdk\" width=\"560\" height=\"315\" frameborder=\"0\" allowfullscreen=\"allowfullscreen\"><\/iframe><\/p>\n","protected":false},"featured_media":27243,"comment_status":"open","ping_status":"closed","template":"","meta":[],"product_brand":[],"product_cat":[127],"product_tag":[93,94,128,96],"class_list":{"0":"post-13521","1":"product","2":"type-product","3":"status-publish","4":"has-post-thumbnail","6":"product_cat-randonnee","7":"product_tag-canarias-fr","8":"product_tag-islas-canarias-fr","9":"product_tag-senderismo-fr","10":"product_tag-tenerife-fr","12":"first","13":"instock","14":"virtual","15":"sold-individually","16":"taxable","17":"purchasable","18":"product-type-booking"},"_links":{"self":[{"href":"https:\/\/informacionturisticatenerife.com\/fr\/wp-json\/wp\/v2\/product\/13521","targetHints":{"allow":["GET"]}}],"collection":[{"href":"https:\/\/informacionturisticatenerife.com\/fr\/wp-json\/wp\/v2\/product"}],"about":[{"href":"https:\/\/informacionturisticatenerife.com\/fr\/wp-json\/wp\/v2\/types\/product"}],"replies":[{"embeddable":true,"href":"https:\/\/informacionturisticatenerife.com\/fr\/wp-json\/wp\/v2\/comments?post=13521"}],"wp:featuredmedia":[{"embeddable":true,"href":"https:\/\/informacionturisticatenerife.com\/fr\/wp-json\/wp\/v2\/media\/27243"}],"wp:attachment":[{"href":"https:\/\/informacionturisticatenerife.com\/fr\/wp-json\/wp\/v2\/media?parent=13521"}],"wp:term":[{"taxonomy":"product_brand","embeddable":true,"href":"https:\/\/informacionturisticatenerife.com\/fr\/wp-json\/wp\/v2\/product_brand?post=13521"},{"taxonomy":"product_cat","embeddable":true,"href":"https:\/\/informacionturisticatenerife.com\/fr\/wp-json\/wp\/v2\/product_cat?post=13521"},{"taxonomy":"product_tag","embeddable":true,"href":"https:\/\/informacionturisticatenerife.com\/fr\/wp-json\/wp\/v2\/product_tag?post=13521"}],"curies":[{"name":"wp","href":"https:\/\/api.w.org\/{rel}","templated":true}]}}