{"id":13513,"date":"2019-05-13T17:35:12","date_gmt":"2019-05-13T15:35:12","guid":{"rendered":"http:\/\/informacionturisticatenerife.com\/producto\/senderismo-barranco-de-masca\/"},"modified":"2024-11-12T08:27:35","modified_gmt":"2024-11-12T08:27:35","slug":"randonnee-masca-ravin","status":"publish","type":"product","link":"https:\/\/informacionturisticatenerife.com\/fr\/producto\/randonnee-masca-ravin\/","title":{"rendered":"Randonn\u00e9e \u00e0 Masca"},"content":{"rendered":"<div class=\"prewrap\">\n<p>Une randonn\u00e9e \u00e0 faire sur l\u2019\u00eele, c\u2019est celle qui vous emm\u00e8ne du village de Masca jusqu\u2019\u00e0 la plage, d\u00e9paysement assur\u00e9. C\u2019est une des images les plus c\u00e9l\u00e8bres des Canaries, un paysage de carte postale. Le petit village est calme, quelques maisons, quelques artisans et des centaines de touristes qui s\u2019appr\u00eatent \u00e0 descendre dans les gorges. Longue de quatre kilom\u00e8tres et avec un d\u00e9nivel\u00e9 de 580 m\u00e8tres. Cette randonn\u00e9e est c\u00e9l\u00e8bre mais il faut savoir qu\u2019elle est escarp\u00e9e et difficile d\u2019acc\u00e8s en cas d\u2019accident. La randonn\u00e9e en soi n\u2019est pas difficile ni particuli\u00e8rement longue mais il vaut mieux \u00eatre bien \u00e9quip\u00e9 et prendre de bonnes chaussures avant d\u2019entamer la descente de ville.<\/p>\n<\/div>\n<div>\n<p><strong>Dur\u00e9e: 07:00 heures environ<\/strong><\/p>\n<\/div>\n<div>\n<div><\/div>\n<div>\n<p><iframe loading=\"lazy\" title=\"YouTube video player\" src=\"https:\/\/www.youtube.com\/embed\/JN_g_mvJcvY\" width=\"560\" height=\"315\" frameborder=\"0\" allowfullscreen=\"allowfullscreen\"><\/iframe><\/p>\n<\/div>\n<\/div>\n","protected":false},"excerpt":{"rendered":"<div class=\"prewrap\">\n<div class=\"prewrap\">\n<div class=\"prewrap\">\n<div class=\"prewrap\">\n<div class=\"prewrap\">\n<div class=\"prewrap\">\n<div class=\"prewrap\">\n<div class=\"prewrap\">\n<div class=\"prewrap\">\n<div class=\"prewrap\">\n<div class=\"prewrap\">\n<div class=\"prewrap\">\n<div class=\"prewrap\">\n<div class=\"prewrap\">\n<div class=\"prewrap\">\n<div class=\"prewrap\">\n<p>Une randonn\u00e9e \u00e0 faire sur l\u2019\u00eele, c\u2019est celle qui vous emm\u00e8ne du village de Masca jusqu\u2019\u00e0 la plage, d\u00e9paysement assur\u00e9. C\u2019est une des images les plus c\u00e9l\u00e8bres des Canaries, un paysage de carte postale. Le petit village est calme, quelques maisons, quelques artisans et des centaines de touristes qui s\u2019appr\u00eatent \u00e0 descendre dans les gorges. Longue de quatre kilom\u00e8tres et avec un d\u00e9nivel\u00e9 de 580 m\u00e8tres. Cette randonn\u00e9e est c\u00e9l\u00e8bre mais il faut savoir qu\u2019elle est escarp\u00e9e et difficile d\u2019acc\u00e8s en cas d\u2019accident. La randonn\u00e9e en soi n\u2019est pas difficile ni particuli\u00e8rement longue mais il vaut mieux \u00eatre bien \u00e9quip\u00e9 et prendre de bonnes chaussures avant d\u2019entamer la descente de ville.<\/p>\n<\/div>\n<div><strong>Dur\u00e9e: 07:00 heures environ<\/strong><\/div>\n<\/div>\n<\/div>\n<\/div>\n<\/div>\n<\/div>\n<\/div>\n<\/div>\n<\/div>\n<\/div>\n<\/div>\n<\/div>\n<\/div>\n<\/div>\n<\/div>\n<\/div>\n<p><iframe loading=\"lazy\" title=\"YouTube video player\" src=\"https:\/\/www.youtube.com\/embed\/JN_g_mvJcvY\" width=\"560\" height=\"315\" frameborder=\"0\" allowfullscreen=\"allowfullscreen\"><\/iframe><\/p>\n","protected":false},"featured_media":13514,"comment_status":"open","ping_status":"closed","template":"","meta":[],"product_brand":[],"product_cat":[127],"product_tag":[93,94,128,96],"class_list":{"0":"post-13513","1":"product","2":"type-product","3":"status-publish","4":"has-post-thumbnail","6":"product_cat-randonnee","7":"product_tag-canarias-fr","8":"product_tag-islas-canarias-fr","9":"product_tag-senderismo-fr","10":"product_tag-tenerife-fr","12":"first","13":"instock","14":"virtual","15":"sold-individually","16":"taxable","17":"purchasable","18":"product-type-booking"},"_links":{"self":[{"href":"https:\/\/informacionturisticatenerife.com\/fr\/wp-json\/wp\/v2\/product\/13513","targetHints":{"allow":["GET"]}}],"collection":[{"href":"https:\/\/informacionturisticatenerife.com\/fr\/wp-json\/wp\/v2\/product"}],"about":[{"href":"https:\/\/informacionturisticatenerife.com\/fr\/wp-json\/wp\/v2\/types\/product"}],"replies":[{"embeddable":true,"href":"https:\/\/informacionturisticatenerife.com\/fr\/wp-json\/wp\/v2\/comments?post=13513"}],"wp:featuredmedia":[{"embeddable":true,"href":"https:\/\/informacionturisticatenerife.com\/fr\/wp-json\/wp\/v2\/media\/13514"}],"wp:attachment":[{"href":"https:\/\/informacionturisticatenerife.com\/fr\/wp-json\/wp\/v2\/media?parent=13513"}],"wp:term":[{"taxonomy":"product_brand","embeddable":true,"href":"https:\/\/informacionturisticatenerife.com\/fr\/wp-json\/wp\/v2\/product_brand?post=13513"},{"taxonomy":"product_cat","embeddable":true,"href":"https:\/\/informacionturisticatenerife.com\/fr\/wp-json\/wp\/v2\/product_cat?post=13513"},{"taxonomy":"product_tag","embeddable":true,"href":"https:\/\/informacionturisticatenerife.com\/fr\/wp-json\/wp\/v2\/product_tag?post=13513"}],"curies":[{"name":"wp","href":"https:\/\/api.w.org\/{rel}","templated":true}]}}