{"id":13493,"date":"2019-05-13T17:50:47","date_gmt":"2019-05-13T15:50:47","guid":{"rendered":"http:\/\/informacionturisticatenerife.com\/producto\/forestal-park-tenerife\/"},"modified":"2022-06-04T17:18:45","modified_gmt":"2022-06-04T16:18:45","slug":"forestal-park-tenerife","status":"publish","type":"product","link":"https:\/\/informacionturisticatenerife.com\/fr\/producto\/forestal-park-tenerife\/","title":{"rendered":"Forestal Park Tenerife"},"content":{"rendered":"<div class=\"prewrap\">\n<p>Explorez une for\u00eat centenaire de pins des Canaries en vivant une aventure pleine d&rsquo;adr\u00e9naline et d&rsquo;amusement dans le plus grand parc de tyroliennes et de jeux en altitude des \u00eeles Canaries, Forestal Park Tenerife. Plus de 90 jeux suspendus entre les cimes des pins, tels que ponts suspendus, filets, lianes et tyroliennes g\u00e9antes, vous attendent pour tester votre c\u00f4t\u00e9 le plus intr\u00e9pide.<\/p>\n<p>Diff\u00e9rents niveaux de difficult\u00e9 (facile, moyen, difficile et extr\u00eame), des tyroliennes jusqu&rsquo;\u00e0 230 m de long et un espace naturel privil\u00e9gi\u00e9, aux portes du parc national du Teide, o\u00f9 vous pourrez lib\u00e9rer de l&rsquo;adr\u00e9naline et vous amuser comme un enfant.<\/p>\n<p>Forestal Park Tenerife dispose d&rsquo;un syst\u00e8me de s\u00e9curit\u00e9 innovant, la ligne de vie continue, avec laquelle vous serez toujours connect\u00e9 en hauteur, du d\u00e9but \u00e0 la fin de l&rsquo;activit\u00e9. En outre, l&rsquo;\u00e9quipe vous donnera toutes les instructions et tous les conseils n\u00e9cessaires pour que votre exp\u00e9dition \u00e0 travers la canop\u00e9e des pins des \u00eeles Canaries soit totalement s\u00fbre et inoubliable.<\/p>\n<\/div>\n<div>\n<div><\/div>\n<p><iframe loading=\"lazy\" title=\"YouTube video player\" src=\"https:\/\/www.youtube.com\/embed\/pWpvmFDCt_s\" width=\"560\" height=\"315\" frameborder=\"0\" allowfullscreen=\"allowfullscreen\"><\/iframe><\/p>\n<\/div>\n","protected":false},"excerpt":{"rendered":"<div class=\"prewrap\">\n<div class=\"prewrap\">\n<div class=\"prewrap\">\n<div class=\"prewrap\">\n<div class=\"prewrap\">\n<div class=\"prewrap\">\n<div class=\"prewrap\">\n<div class=\"prewrap\">\n<div class=\"prewrap\">\n<div class=\"prewrap\">\n<div class=\"prewrap\">\n<div class=\"prewrap\">\n<div class=\"prewrap\">\n<div class=\"prewrap\">\n<div class=\"prewrap\">\n<div class=\"prewrap\">\n<div class=\"prewrap\">\n<div class=\"prewrap\">\n<p>Explorez une for\u00eat centenaire de pins des Canaries en vivant une aventure pleine d&rsquo;adr\u00e9naline et d&rsquo;amusement dans le plus grand parc de tyroliennes et de jeux en altitude des \u00eeles Canaries, Forestal Park Tenerife. Plus de 90 jeux suspendus entre les cimes des pins, tels que ponts suspendus, filets, lianes et tyroliennes g\u00e9antes, vous attendent pour tester votre c\u00f4t\u00e9 le plus intr\u00e9pide.<\/p>\n<p>Diff\u00e9rents niveaux de difficult\u00e9 (facile, moyen, difficile et extr\u00eame), des tyroliennes jusqu&rsquo;\u00e0 230 m de long et un espace naturel privil\u00e9gi\u00e9, aux portes du parc national du Teide, o\u00f9 vous pourrez lib\u00e9rer de l&rsquo;adr\u00e9naline et vous amuser comme un enfant.<\/p>\n<p>Forestal Park Tenerife dispose d&rsquo;un syst\u00e8me de s\u00e9curit\u00e9 innovant, la ligne de vie continue, avec laquelle vous serez toujours connect\u00e9 en hauteur, du d\u00e9but \u00e0 la fin de l&rsquo;activit\u00e9. En outre, l&rsquo;\u00e9quipe vous donnera toutes les instructions et tous les conseils n\u00e9cessaires pour que votre exp\u00e9dition \u00e0 travers la canop\u00e9e des pins des \u00eeles Canaries soit totalement s\u00fbre et inoubliable.<\/p>\n<\/div>\n<\/div>\n<\/div>\n<\/div>\n<\/div>\n<\/div>\n<\/div>\n<\/div>\n<\/div>\n<\/div>\n<\/div>\n<\/div>\n<\/div>\n<\/div>\n<\/div>\n<\/div>\n<\/div>\n<\/div>\n<p><iframe loading=\"lazy\" title=\"YouTube video player\" src=\"https:\/\/www.youtube.com\/embed\/pWpvmFDCt_s\" width=\"560\" height=\"315\" frameborder=\"0\" allowfullscreen=\"allowfullscreen\"><\/iframe><\/p>\n","protected":false},"featured_media":13494,"comment_status":"open","ping_status":"closed","template":"","meta":[],"product_brand":[],"product_cat":[91],"product_tag":[93,94,95,96],"class_list":{"0":"post-13493","1":"product","2":"type-product","3":"status-publish","4":"has-post-thumbnail","6":"product_cat-aventure-et-nature","7":"product_tag-canarias-fr","8":"product_tag-islas-canarias-fr","9":"product_tag-multiaventuras-fr","10":"product_tag-tenerife-fr","12":"first","13":"instock","14":"virtual","15":"sold-individually","16":"taxable","17":"purchasable","18":"product-type-booking"},"_links":{"self":[{"href":"https:\/\/informacionturisticatenerife.com\/fr\/wp-json\/wp\/v2\/product\/13493","targetHints":{"allow":["GET"]}}],"collection":[{"href":"https:\/\/informacionturisticatenerife.com\/fr\/wp-json\/wp\/v2\/product"}],"about":[{"href":"https:\/\/informacionturisticatenerife.com\/fr\/wp-json\/wp\/v2\/types\/product"}],"replies":[{"embeddable":true,"href":"https:\/\/informacionturisticatenerife.com\/fr\/wp-json\/wp\/v2\/comments?post=13493"}],"wp:featuredmedia":[{"embeddable":true,"href":"https:\/\/informacionturisticatenerife.com\/fr\/wp-json\/wp\/v2\/media\/13494"}],"wp:attachment":[{"href":"https:\/\/informacionturisticatenerife.com\/fr\/wp-json\/wp\/v2\/media?parent=13493"}],"wp:term":[{"taxonomy":"product_brand","embeddable":true,"href":"https:\/\/informacionturisticatenerife.com\/fr\/wp-json\/wp\/v2\/product_brand?post=13493"},{"taxonomy":"product_cat","embeddable":true,"href":"https:\/\/informacionturisticatenerife.com\/fr\/wp-json\/wp\/v2\/product_cat?post=13493"},{"taxonomy":"product_tag","embeddable":true,"href":"https:\/\/informacionturisticatenerife.com\/fr\/wp-json\/wp\/v2\/product_tag?post=13493"}],"curies":[{"name":"wp","href":"https:\/\/api.w.org\/{rel}","templated":true}]}}