{"id":13485,"date":"2019-05-13T17:55:19","date_gmt":"2019-05-13T15:55:19","guid":{"rendered":"http:\/\/informacionturisticatenerife.com\/producto\/submarinismo-en-tenerife\/"},"modified":"2022-06-04T13:16:27","modified_gmt":"2022-06-04T12:16:27","slug":"bapteme-de-plongee","status":"publish","type":"product","link":"https:\/\/informacionturisticatenerife.com\/fr\/producto\/bapteme-de-plongee\/","title":{"rendered":"Essayez la plong\u00e9e sous-marine au Tenerife"},"content":{"rendered":"<div class=\"prewrap\">\n<div class=\"prewrap\">\n<p>Nous organisons la plong\u00e9e pour les d\u00e9butants dans un bel endroit appel\u00e9 Stingray Bay (Baie des raies pastenagues). Il y a plusieurs types de raies ici et aucune n&rsquo;est agressive. Au contraire, elles sont tr\u00e8s paisibles et parfois amicales. Habituellement, elles n&rsquo;ont pas peur des plongeurs, elles se rapprochent donc souvent.<\/p>\n<p>La Stingray Bay (Baie des raies pastenagues) abrite de nombreuses esp\u00e8ces d&rsquo;animaux sous-marins. Une grande partie du fond est couverte par un r\u00e9cif volcanique. C&rsquo;est un endroit pr\u00e9f\u00e9r\u00e9 pour toutes sortes d&rsquo;animaux et de poissons sous-marins. Pendant la plong\u00e9e, nous pouvons observer environ 15 esp\u00e8ces de poissons, raies, tortues, crabes, mur\u00e8nes, poulpes, seiches, crevettes et bien d&rsquo;autres. Nous rencontrons des raies pastenagues ici tous les jours, bien que nous ne le garantissions pas pour chaque plong\u00e9e. Les esp\u00e8ces de raie qui vivent dans notre baie sont les raies pastenagues, les raies-vachettes et les raies papillons.<\/p>\n<p>&nbsp;<\/p>\n<\/div>\n<div>\n<div><iframe loading=\"lazy\" src=\"https:\/\/www.youtube.com\/embed\/SwBmy_mmNo4\" width=\"560\" height=\"315\" frameborder=\"0\" allowfullscreen=\"allowfullscreen\"><\/iframe><\/div>\n<\/div>\n<\/div>\n<div><\/div>\n","protected":false},"excerpt":{"rendered":"<p>Nous organisons la plong\u00e9e pour les d\u00e9butants dans un bel endroit appel\u00e9 Stingray Bay (Baie des raies pastenagues). Il y a plusieurs types de raies ici et aucune n&rsquo;est agressive. Au contraire, elles sont tr\u00e8s paisibles et parfois amicales. Habituellement, elles n&rsquo;ont pas peur des plongeurs, elles se rapprochent donc souvent.<\/p>\n<p>La Stingray Bay (Baie des raies pastenagues) abrite de nombreuses esp\u00e8ces d&rsquo;animaux sous-marins. Une grande partie du fond est couverte par un r\u00e9cif volcanique. C&rsquo;est un endroit pr\u00e9f\u00e9r\u00e9 pour toutes sortes d&rsquo;animaux et de poissons sous-marins. Pendant la plong\u00e9e, nous pouvons observer environ 15 esp\u00e8ces de poissons, raies, tortues, crabes, mur\u00e8nes, poulpes, seiches, crevettes et bien d&rsquo;autres. Nous rencontrons des raies pastenagues ici tous les jours, bien que nous ne le garantissions pas pour chaque plong\u00e9e. Les esp\u00e8ces de raie qui vivent dans notre baie sont les raies pastenagues, les raies-vachettes et les raies papillons.<\/p>\n<p>&nbsp;<\/p>\n<p>&nbsp;<\/p>\n<p><iframe loading=\"lazy\" title=\"YouTube video player\" src=\"https:\/\/www.youtube.com\/embed\/SwBmy_mmNo4\" width=\"560\" height=\"315\" frameborder=\"0\" allowfullscreen=\"allowfullscreen\"><\/iframe><\/p>\n","protected":false},"featured_media":13486,"comment_status":"open","ping_status":"closed","template":"","meta":[],"product_brand":[],"product_cat":[111],"product_tag":[93,94,95,96],"class_list":{"0":"post-13485","1":"product","2":"type-product","3":"status-publish","4":"has-post-thumbnail","6":"product_cat-sports-nautiques","7":"product_tag-canarias-fr","8":"product_tag-islas-canarias-fr","9":"product_tag-multiaventuras-fr","10":"product_tag-tenerife-fr","12":"first","13":"instock","14":"virtual","15":"sold-individually","16":"taxable","17":"purchasable","18":"product-type-booking"},"_links":{"self":[{"href":"https:\/\/informacionturisticatenerife.com\/fr\/wp-json\/wp\/v2\/product\/13485","targetHints":{"allow":["GET"]}}],"collection":[{"href":"https:\/\/informacionturisticatenerife.com\/fr\/wp-json\/wp\/v2\/product"}],"about":[{"href":"https:\/\/informacionturisticatenerife.com\/fr\/wp-json\/wp\/v2\/types\/product"}],"replies":[{"embeddable":true,"href":"https:\/\/informacionturisticatenerife.com\/fr\/wp-json\/wp\/v2\/comments?post=13485"}],"wp:featuredmedia":[{"embeddable":true,"href":"https:\/\/informacionturisticatenerife.com\/fr\/wp-json\/wp\/v2\/media\/13486"}],"wp:attachment":[{"href":"https:\/\/informacionturisticatenerife.com\/fr\/wp-json\/wp\/v2\/media?parent=13485"}],"wp:term":[{"taxonomy":"product_brand","embeddable":true,"href":"https:\/\/informacionturisticatenerife.com\/fr\/wp-json\/wp\/v2\/product_brand?post=13485"},{"taxonomy":"product_cat","embeddable":true,"href":"https:\/\/informacionturisticatenerife.com\/fr\/wp-json\/wp\/v2\/product_cat?post=13485"},{"taxonomy":"product_tag","embeddable":true,"href":"https:\/\/informacionturisticatenerife.com\/fr\/wp-json\/wp\/v2\/product_tag?post=13485"}],"curies":[{"name":"wp","href":"https:\/\/api.w.org\/{rel}","templated":true}]}}