{"id":13474,"date":"2019-05-13T18:03:43","date_gmt":"2019-05-13T16:03:43","guid":{"rendered":"http:\/\/informacionturisticatenerife.com\/producto\/excursion-vip-tour-teide\/"},"modified":"2022-06-04T12:15:49","modified_gmt":"2022-06-04T11:15:49","slug":"jeep-safari-teide","status":"publish","type":"product","link":"https:\/\/informacionturisticatenerife.com\/fr\/producto\/jeep-safari-teide\/","title":{"rendered":"VIP Tour au Teide et \u00e0 Masca"},"content":{"rendered":"<div class=\"prewrap\">\n<p>Laissez-vous conduire par cette excursion \u00e0 Masca (Tenerife) et au parc national. Elle vous surprendra du d\u00e9but \u00e0 la fin gr\u00e2ce aux paysages, aux chemins, aux histoires, \u00e0 la nature et au confort \u00e0 bord d\u2019un monospace avec traction des quatre roues et air climatis\u00e9, le tout accompagn\u00e9 de seulement sept autres passagers.<\/p>\n<p>Le v\u00e9hicule viendra vous chercher \u00e0 votre logement ou \u00e0 proximit\u00e9 pour ce Teide &#8211; Masca Tour. Apr\u00e8s s\u2019\u00eatre rendu au point de rendez-vous \u00e0 Puerto de la Cruz, il vous emm\u00e8nera en des lieux fascinants comme le point de vue de San Pedro ou Garachico, village qui a su rena\u00eetre de ses cendres apr\u00e8s avoir \u00e9t\u00e9 ras\u00e9 par un volcan au XVIII\u00e8me si\u00e8cle. Mais ce n\u2019est pas tout : avant de p\u00e9n\u00e9trer en plein dans le parc national du Teide, vous passerez par Masca, l\u2019une des populations les plus charmantes et charismatiques de l\u2019\u00eele de Tenerife de par ses hameaux et ses constructions rurales d\u2019\u00e9poque.<\/p>\n<p>Apr\u00e8s Masca, vous irez d\u00e9guster la gastronomie canarienne sous forme de plats locaux et vous mettrez ensuite le cap vers le parc national du Teide, d\u00e9clar\u00e9 patrimoine de l\u2019humanit\u00e9. Admirez les paysages pleins de couleurs et les volcans endormis comme celui du Pico Viejo avec son crat\u00e8re de 800 m\u00e8tres de diam\u00e8tre et sa gamme chromatique surprenante.<\/p>\n<p>Vous verrez aussi d\u2019autres \u00e9l\u00e9ments caract\u00e9ristiques du Teide comme les Roques de Garc\u00eda avant de vous dirigez \u00e0 La Orotava, village aux demeures coloniales qui mettra un point final \u00e0 un tour qui vous rapproche du plus sauvage et authentique de la partie nord de Tenerife.<\/p>\n<\/div>\n<div><strong>Dur\u00e9e: 08:00 heures environ<\/strong><\/div>\n<div><\/div>\n<div>\n<div>\n<p><iframe loading=\"lazy\" title=\"YouTube video player\" src=\"https:\/\/www.youtube.com\/embed\/FuWlbsWu-x0\" width=\"560\" height=\"315\" frameborder=\"0\" allowfullscreen=\"allowfullscreen\"><\/iframe><\/p>\n<p>&nbsp;<\/p>\n<\/div>\n<\/div>\n","protected":false},"excerpt":{"rendered":"<div class=\"prewrap\">\n<div class=\"prewrap\">\n<div class=\"prewrap\">\n<div class=\"prewrap\">\n<div class=\"prewrap\">\n<div class=\"prewrap\">\n<div class=\"prewrap\">\n<div class=\"prewrap\">\n<div class=\"prewrap\">\n<div class=\"prewrap\">\n<div class=\"prewrap\">\n<div class=\"prewrap\">\n<div class=\"prewrap\">\n<div class=\"prewrap\">\n<div class=\"prewrap\">\n<div class=\"prewrap\">\n<div class=\"prewrap\">\n<div class=\"prewrap\">\n<div class=\"prewrap\">\n<div class=\"prewrap\">\n<div class=\"prewrap\">\n<p>Laissez-vous conduire par cette excursion \u00e0 Masca (Tenerife) et au parc national. Elle vous surprendra du d\u00e9but \u00e0 la fin gr\u00e2ce aux paysages, aux chemins, aux histoires, \u00e0 la nature et au confort \u00e0 bord d\u2019un monospace avec traction des quatre roues et air climatis\u00e9, le tout accompagn\u00e9 de seulement sept autres passagers.<\/p>\n<p>Le v\u00e9hicule viendra vous chercher \u00e0 votre logement ou \u00e0 proximit\u00e9 pour ce Teide &#8211; Masca Tour. Apr\u00e8s s\u2019\u00eatre rendu au point de rendez-vous \u00e0 Puerto de la Cruz, il vous emm\u00e8nera en des lieux fascinants comme le point de vue de San Pedro ou Garachico, village qui a su rena\u00eetre de ses cendres apr\u00e8s avoir \u00e9t\u00e9 ras\u00e9 par un volcan au XVIII\u00e8me si\u00e8cle. Mais ce n\u2019est pas tout : avant de p\u00e9n\u00e9trer en plein dans le parc national du Teide, vous passerez par Masca, l\u2019une des populations les plus charmantes et charismatiques de l\u2019\u00eele de Tenerife de par ses hameaux et ses constructions rurales d\u2019\u00e9poque.<\/p>\n<\/div>\n<div><strong>Dur\u00e9e: 08:00 heures environ<\/strong><\/div>\n<\/div>\n<\/div>\n<\/div>\n<\/div>\n<\/div>\n<\/div>\n<\/div>\n<\/div>\n<\/div>\n<\/div>\n<\/div>\n<\/div>\n<\/div>\n<\/div>\n<\/div>\n<\/div>\n<\/div>\n<\/div>\n<\/div>\n<\/div>\n<p><iframe loading=\"lazy\" title=\"YouTube video player\" src=\"https:\/\/www.youtube.com\/embed\/FuWlbsWu-x0\" width=\"560\" height=\"315\" frameborder=\"0\" allowfullscreen=\"allowfullscreen\"><\/iframe><\/p>\n","protected":false},"featured_media":13476,"comment_status":"open","ping_status":"closed","template":"","meta":[],"product_brand":[],"product_cat":[54,134],"product_tag":[55,92,93,25,94,41,95,47,96,24],"class_list":{"0":"post-13474","1":"product","2":"type-product","3":"status-publish","4":"has-post-thumbnail","6":"product_cat-jeep-tours","7":"product_cat-jeep-tours-fr","8":"product_tag-aventura-y-naturaleza","9":"product_tag-aventura-y-naturaleza-fr","10":"product_tag-canarias-fr","11":"product_tag-canarias","12":"product_tag-islas-canarias-fr","13":"product_tag-islas-canarias","14":"product_tag-multiaventuras-fr","15":"product_tag-multiaventuras","16":"product_tag-tenerife-fr","17":"product_tag-tenerife","19":"first","20":"instock","21":"virtual","22":"sold-individually","23":"taxable","24":"purchasable","25":"product-type-booking"},"_links":{"self":[{"href":"https:\/\/informacionturisticatenerife.com\/fr\/wp-json\/wp\/v2\/product\/13474","targetHints":{"allow":["GET"]}}],"collection":[{"href":"https:\/\/informacionturisticatenerife.com\/fr\/wp-json\/wp\/v2\/product"}],"about":[{"href":"https:\/\/informacionturisticatenerife.com\/fr\/wp-json\/wp\/v2\/types\/product"}],"replies":[{"embeddable":true,"href":"https:\/\/informacionturisticatenerife.com\/fr\/wp-json\/wp\/v2\/comments?post=13474"}],"wp:featuredmedia":[{"embeddable":true,"href":"https:\/\/informacionturisticatenerife.com\/fr\/wp-json\/wp\/v2\/media\/13476"}],"wp:attachment":[{"href":"https:\/\/informacionturisticatenerife.com\/fr\/wp-json\/wp\/v2\/media?parent=13474"}],"wp:term":[{"taxonomy":"product_brand","embeddable":true,"href":"https:\/\/informacionturisticatenerife.com\/fr\/wp-json\/wp\/v2\/product_brand?post=13474"},{"taxonomy":"product_cat","embeddable":true,"href":"https:\/\/informacionturisticatenerife.com\/fr\/wp-json\/wp\/v2\/product_cat?post=13474"},{"taxonomy":"product_tag","embeddable":true,"href":"https:\/\/informacionturisticatenerife.com\/fr\/wp-json\/wp\/v2\/product_tag?post=13474"}],"curies":[{"name":"wp","href":"https:\/\/api.w.org\/{rel}","templated":true}]}}