{"id":13462,"date":"2019-05-13T18:21:43","date_gmt":"2019-05-13T16:21:43","guid":{"rendered":"http:\/\/informacionturisticatenerife.com\/producto\/excursion-jeep-safari-masca\/"},"modified":"2022-06-04T09:56:28","modified_gmt":"2022-06-04T08:56:28","slug":"jeep-safari-masca","status":"publish","type":"product","link":"https:\/\/informacionturisticatenerife.com\/fr\/producto\/jeep-safari-masca\/","title":{"rendered":"Jeep Safari \u00e0 Masca"},"content":{"rendered":"<div class=\"prewrap\">\n<p>Notre visite commence \u00e0 Puerto de la Cruz, o\u00f9 notre caravane de jeeps partent \u00e0 la d\u00e9couverte vous du c\u00f4t\u00e9 nord de l&rsquo;\u00eele de Tenerife. La plupart des villages typiques visiter: les belles rues de Los Realejos, l&rsquo;ambiance rurale de la Haute Icod, les routes sinueuses de l&rsquo;Guancha, le Icod environnement naturel m\u00e8ne \u00e0 la magnifique village de Masca, terriblement caract\u00e9ristique de par la nature et l\u2019anciennet\u00e9 de ses constructions. Vous visiterez aussi des lieux comme Garachico, le village qui a ressurgi de ses cendres apr\u00e8s avoir \u00e9t\u00e9 ras\u00e9 par un volcan il y a plus de 300 ans, ou Santiago del Teide et les falaises de Los Gigantes. Vous ferez un arr\u00eat pour manger dans un restaurant de El Tanque dans lequel vous pourrez d\u00e9guster la gastronomie canarienne entour\u00e9 de chameaux et, une fois le parcours termin\u00e9, nous vous ram\u00e8nerons confortablement \u00e0 votre point de d\u00e9part.<\/p>\n<\/div>\n<div><strong>Dur\u00e9e: 07:00 heures environ<\/strong><\/div>\n<p><iframe loading=\"lazy\" title=\"YouTube video player\" src=\"https:\/\/www.youtube.com\/embed\/hVry-zgpWWs\" width=\"560\" height=\"315\" frameborder=\"0\" allowfullscreen=\"allowfullscreen\"><\/iframe><\/p>\n","protected":false},"excerpt":{"rendered":"<div class=\"prewrap\">\n<div class=\"prewrap\">\n<div class=\"prewrap\">\n<div class=\"prewrap\">\n<div class=\"prewrap\">\n<div class=\"prewrap\">\n<div class=\"prewrap\">\n<div class=\"prewrap\">\n<div class=\"prewrap\">\n<div class=\"prewrap\">\n<div class=\"prewrap\">\n<div class=\"prewrap\">\n<div class=\"prewrap\">\n<div class=\"prewrap\">\n<div class=\"prewrap\">\n<div class=\"prewrap\">\n<div class=\"prewrap\">\n<div class=\"prewrap\">\n<div class=\"prewrap\">\n<div class=\"prewrap\">\n<div class=\"prewrap\">\n<div class=\"prewrap\">\n<p>Notre visite commence \u00e0 Puerto de la Cruz, o\u00f9 notre caravane de jeeps partent \u00e0 la d\u00e9couverte vous du c\u00f4t\u00e9 nord de l&rsquo;\u00eele de Tenerife. La plupart des villages typiques visiter: les belles rues de Los Realejos, l&rsquo;ambiance rurale de la Haute Icod, les routes sinueuses de l&rsquo;Guancha, le Icod environnement naturel m\u00e8ne \u00e0 la magnifique village de Masca.<\/p>\n<\/div>\n<div><strong>Dur\u00e9e: 07:00 heures environ<\/strong><\/div>\n<\/div>\n<\/div>\n<\/div>\n<\/div>\n<\/div>\n<\/div>\n<\/div>\n<\/div>\n<\/div>\n<\/div>\n<\/div>\n<\/div>\n<\/div>\n<\/div>\n<\/div>\n<\/div>\n<\/div>\n<\/div>\n<\/div>\n<\/div>\n<\/div>\n<p><iframe loading=\"lazy\" title=\"YouTube video player\" src=\"https:\/\/www.youtube.com\/embed\/hVry-zgpWWs\" width=\"560\" height=\"315\" frameborder=\"0\" allowfullscreen=\"allowfullscreen\"><\/iframe><\/p>\n","protected":false},"featured_media":13464,"comment_status":"open","ping_status":"closed","template":"","meta":[],"product_brand":[],"product_cat":[134,54],"product_tag":[55,92,93,25,94,41,95,47,96,24],"class_list":{"0":"post-13462","1":"product","2":"type-product","3":"status-publish","4":"has-post-thumbnail","6":"product_cat-jeep-tours-fr","7":"product_cat-jeep-tours","8":"product_tag-aventura-y-naturaleza","9":"product_tag-aventura-y-naturaleza-fr","10":"product_tag-canarias-fr","11":"product_tag-canarias","12":"product_tag-islas-canarias-fr","13":"product_tag-islas-canarias","14":"product_tag-multiaventuras-fr","15":"product_tag-multiaventuras","16":"product_tag-tenerife-fr","17":"product_tag-tenerife","19":"first","20":"instock","21":"virtual","22":"sold-individually","23":"taxable","24":"purchasable","25":"product-type-booking"},"_links":{"self":[{"href":"https:\/\/informacionturisticatenerife.com\/fr\/wp-json\/wp\/v2\/product\/13462","targetHints":{"allow":["GET"]}}],"collection":[{"href":"https:\/\/informacionturisticatenerife.com\/fr\/wp-json\/wp\/v2\/product"}],"about":[{"href":"https:\/\/informacionturisticatenerife.com\/fr\/wp-json\/wp\/v2\/types\/product"}],"replies":[{"embeddable":true,"href":"https:\/\/informacionturisticatenerife.com\/fr\/wp-json\/wp\/v2\/comments?post=13462"}],"wp:featuredmedia":[{"embeddable":true,"href":"https:\/\/informacionturisticatenerife.com\/fr\/wp-json\/wp\/v2\/media\/13464"}],"wp:attachment":[{"href":"https:\/\/informacionturisticatenerife.com\/fr\/wp-json\/wp\/v2\/media?parent=13462"}],"wp:term":[{"taxonomy":"product_brand","embeddable":true,"href":"https:\/\/informacionturisticatenerife.com\/fr\/wp-json\/wp\/v2\/product_brand?post=13462"},{"taxonomy":"product_cat","embeddable":true,"href":"https:\/\/informacionturisticatenerife.com\/fr\/wp-json\/wp\/v2\/product_cat?post=13462"},{"taxonomy":"product_tag","embeddable":true,"href":"https:\/\/informacionturisticatenerife.com\/fr\/wp-json\/wp\/v2\/product_tag?post=13462"}],"curies":[{"name":"wp","href":"https:\/\/api.w.org\/{rel}","templated":true}]}}