{"id":13453,"date":"2019-05-13T18:27:44","date_gmt":"2019-05-13T16:27:44","guid":{"rendered":"http:\/\/informacionturisticatenerife.com\/producto\/excursion-jeep-safari-gomera\/"},"modified":"2022-06-04T09:25:02","modified_gmt":"2022-06-04T08:25:02","slug":"jeep-safari-gomera","status":"publish","type":"product","link":"https:\/\/informacionturisticatenerife.com\/fr\/producto\/jeep-safari-gomera\/","title":{"rendered":"Jeep Safari \u00e0 La Gomera"},"content":{"rendered":"<div class=\"prewrap\">\n<p>L&rsquo;excursion en jeep \u00e0 la Gomera vous donne l&rsquo;occasion de visiter l&rsquo;\u00eele d&rsquo;une mani\u00e8re diff\u00e9rente. Nous allons laisser partir le sud de Tenerife sur le bateau pour San Sebastian de la Gomera, l&rsquo;\u00eele a beaucoup \u00e0 offrir colombienne: d\u00e9couvrir des paysages magnifiques, son unique parc national de Garajonay, l&rsquo;histoire d&rsquo;une langue ancestrale: Le Sifflet Silbo. Vous avez \u00e9galement le temps de d\u00e9guster une cuisine et des villages typiques. Nos chauffeurs vous informer \u00e0 tout moment des endroits que vous visiterez et vous donner des informations compl\u00e8tes sur chaque arr\u00eat, \u00e0 la d\u00e9couverte de l&rsquo;\u00eele qui \u00e9tait un pont \u00e0 la d\u00e9couverte du nouveau monde.<\/p>\n<\/div>\n<div><strong>Dur\u00e9e: 9:00 heures environ<\/strong><\/div>\n<div>\n<div><\/div>\n<div><iframe loading=\"lazy\" title=\"YouTube video player\" src=\"https:\/\/www.youtube.com\/embed\/hVry-zgpWWs\" width=\"560\" height=\"315\" frameborder=\"0\" allowfullscreen=\"allowfullscreen\"><\/iframe>\n<\/div>\n<\/div>\n","protected":false},"excerpt":{"rendered":"<div class=\"prewrap\">\n<div class=\"prewrap\">\n<div class=\"prewrap\">\n<div class=\"prewrap\">\n<div class=\"prewrap\">\n<div class=\"prewrap\">\n<div class=\"prewrap\">\n<div class=\"prewrap\">\n<div class=\"prewrap\">\n<div class=\"prewrap\">\n<div class=\"prewrap\">\n<div class=\"prewrap\">\n<div class=\"prewrap\">\n<div class=\"prewrap\">\n<div class=\"prewrap\">\n<div class=\"prewrap\">\n<div class=\"prewrap\">\n<div class=\"prewrap\">\n<div class=\"prewrap\">\n<div class=\"prewrap\">\n<div class=\"prewrap\">\n<div class=\"prewrap\">\n<div class=\"prewrap\">\n<p>L&rsquo;excursion en jeep \u00e0 la Gomera vous donne l&rsquo;occasion de visiter l&rsquo;\u00eele d&rsquo;une mani\u00e8re diff\u00e9rente. Nous allons laisser partir le sud de Tenerife sur le bateau pour San Sebastian de la Gomera, l&rsquo;\u00eele a beaucoup \u00e0 offrir colombienne: d\u00e9couvrir des paysages magnifiques, son unique parc national de Garajonay, l&rsquo;histoire d&rsquo;une langue ancestrale.<\/p>\n<\/div>\n<div><strong>Dur\u00e9e: 9:00 heures environ<\/strong><\/div>\n<\/div>\n<\/div>\n<\/div>\n<\/div>\n<\/div>\n<\/div>\n<\/div>\n<\/div>\n<\/div>\n<\/div>\n<\/div>\n<\/div>\n<\/div>\n<\/div>\n<\/div>\n<\/div>\n<\/div>\n<\/div>\n<\/div>\n<\/div>\n<\/div>\n<\/div>\n<p><iframe loading=\"lazy\" title=\"YouTube video player\" src=\"https:\/\/www.youtube.com\/embed\/hVry-zgpWWs\" width=\"560\" height=\"315\" frameborder=\"0\" allowfullscreen=\"allowfullscreen\"><\/iframe><\/p>\n","protected":false},"featured_media":13454,"comment_status":"open","ping_status":"closed","template":"","meta":[],"product_brand":[],"product_cat":[54,134],"product_tag":[55,92,93,25,94,41,95,47,96,24],"class_list":{"0":"post-13453","1":"product","2":"type-product","3":"status-publish","4":"has-post-thumbnail","6":"product_cat-jeep-tours","7":"product_cat-jeep-tours-fr","8":"product_tag-aventura-y-naturaleza","9":"product_tag-aventura-y-naturaleza-fr","10":"product_tag-canarias-fr","11":"product_tag-canarias","12":"product_tag-islas-canarias-fr","13":"product_tag-islas-canarias","14":"product_tag-multiaventuras-fr","15":"product_tag-multiaventuras","16":"product_tag-tenerife-fr","17":"product_tag-tenerife","19":"first","20":"instock","21":"virtual","22":"sold-individually","23":"taxable","24":"purchasable","25":"product-type-booking"},"_links":{"self":[{"href":"https:\/\/informacionturisticatenerife.com\/fr\/wp-json\/wp\/v2\/product\/13453","targetHints":{"allow":["GET"]}}],"collection":[{"href":"https:\/\/informacionturisticatenerife.com\/fr\/wp-json\/wp\/v2\/product"}],"about":[{"href":"https:\/\/informacionturisticatenerife.com\/fr\/wp-json\/wp\/v2\/types\/product"}],"replies":[{"embeddable":true,"href":"https:\/\/informacionturisticatenerife.com\/fr\/wp-json\/wp\/v2\/comments?post=13453"}],"wp:featuredmedia":[{"embeddable":true,"href":"https:\/\/informacionturisticatenerife.com\/fr\/wp-json\/wp\/v2\/media\/13454"}],"wp:attachment":[{"href":"https:\/\/informacionturisticatenerife.com\/fr\/wp-json\/wp\/v2\/media?parent=13453"}],"wp:term":[{"taxonomy":"product_brand","embeddable":true,"href":"https:\/\/informacionturisticatenerife.com\/fr\/wp-json\/wp\/v2\/product_brand?post=13453"},{"taxonomy":"product_cat","embeddable":true,"href":"https:\/\/informacionturisticatenerife.com\/fr\/wp-json\/wp\/v2\/product_cat?post=13453"},{"taxonomy":"product_tag","embeddable":true,"href":"https:\/\/informacionturisticatenerife.com\/fr\/wp-json\/wp\/v2\/product_tag?post=13453"}],"curies":[{"name":"wp","href":"https:\/\/api.w.org\/{rel}","templated":true}]}}