{"id":13445,"date":"2019-05-13T18:33:17","date_gmt":"2019-05-13T16:33:17","guid":{"rendered":"http:\/\/informacionturisticatenerife.com\/producto\/excursion-parapente-tenerife\/"},"modified":"2022-06-01T19:53:41","modified_gmt":"2022-06-01T18:53:41","slug":"parapente-excursion","status":"publish","type":"product","link":"https:\/\/informacionturisticatenerife.com\/fr\/producto\/parapente-excursion\/","title":{"rendered":"Parapente \u00e0 Tenerife"},"content":{"rendered":"<div class=\"prewrap\">\n<p>Sans doute le service le plus de succ\u00e8s que nous avons toujours dans les vols en tandem. C&rsquo;est pour voler de partout o\u00f9 vous voulez, quand les conditions m\u00e9t\u00e9orologiques le permettent, pour un temps merveilleux. C&rsquo;est un sentiment indescriptible. Une exp\u00e9rience fantastique que vous n&rsquo;\u00eates pas un passager qui est accompagn\u00e9 de son chauffeur, mais vous serez avec le pilote de gouvernail du planeur, et en tout temps, vous participerez au cours de celle-ci. Tout le monde est apte \u00e0 voler. Tous les vols sont conduits par un pilote tr\u00e8s exp\u00e9riment\u00e9 reconnu. Vous pouvez utiliser cela pour vous faire oporutnidad photos inoubliables, et si vous pr\u00e9f\u00e9rez, nous allons vous faire des photos de l&rsquo;atterrissage et de d\u00e9collage.<\/p>\n<\/div>\n<div>\n<strong>Dur\u00e9e: 01:00 heures environ<\/strong><\/p>\n<\/div>\n<div>\n<div><\/div>\n<div>\u00a0<iframe loading=\"lazy\" src=\"https:\/\/www.youtube.com\/embed\/CYnXiJh8Yps\" width=\"560\" height=\"315\" frameborder=\"0\" allowfullscreen=\"allowfullscreen\"><\/iframe><\/div>\n<\/div>\n","protected":false},"excerpt":{"rendered":"<div class=\"prewrap\">\n<div class=\"prewrap\">\n<div class=\"prewrap\">\n<div class=\"prewrap\">\n<div class=\"prewrap\">\n<div class=\"prewrap\">\n<div class=\"prewrap\">\n<div class=\"prewrap\">\n<div class=\"prewrap\">\n<div class=\"prewrap\">\n<div class=\"prewrap\">\n<div class=\"prewrap\">\n<div class=\"prewrap\">\n<div class=\"prewrap\">\n<div class=\"prewrap\">\n<div class=\"prewrap\">\n<div class=\"prewrap\">\n<div class=\"prewrap\">\n<div class=\"prewrap\">\n<div class=\"prewrap\">\n<div class=\"prewrap\">\n<div class=\"prewrap\">\n<div class=\"prewrap\">\n<div class=\"prewrap\">\n<div class=\"prewrap\">\n<p>Sans doute le service le plus de succ\u00e8s que nous avons toujours dans les vols en tandem. C&rsquo;est pour voler de partout o\u00f9 vous voulez, quand les conditions m\u00e9t\u00e9orologiques le permettent, pour un temps merveilleux. C&rsquo;est un sentiment indescriptible. Une exp\u00e9rience fantastique que vous n&rsquo;\u00eates pas un passager qui est accompagn\u00e9 de son chauffeur, mais vous serez avec le pilote de gouvernail du planeur, et en tout temps, vous participerez au cours de celle-ci. Tout le monde est apte \u00e0 voler. Tous les vols sont conduits par un pilote tr\u00e8s exp\u00e9riment\u00e9 reconnu. Vous pouvez utiliser cela pour vous faire oporutnidad photos inoubliables, et si vous pr\u00e9f\u00e9rez, nous allons vous faire des photos de l&rsquo;atterrissage et de d\u00e9collage.<\/p>\n<\/div>\n<div><strong>Dur\u00e9e: 01:00 heures environ<\/strong><\/div>\n<\/div>\n<\/div>\n<\/div>\n<\/div>\n<\/div>\n<\/div>\n<\/div>\n<\/div>\n<\/div>\n<\/div>\n<\/div>\n<\/div>\n<\/div>\n<\/div>\n<\/div>\n<\/div>\n<\/div>\n<\/div>\n<\/div>\n<\/div>\n<\/div>\n<\/div>\n<\/div>\n<\/div>\n<p><iframe loading=\"lazy\" title=\"YouTube video player\" src=\"https:\/\/www.youtube.com\/embed\/CYnXiJh8Yps\" width=\"560\" height=\"315\" frameborder=\"0\" allowfullscreen=\"allowfullscreen\"><\/iframe><\/p>\n","protected":false},"featured_media":26962,"comment_status":"open","ping_status":"closed","template":"","meta":[],"product_brand":[],"product_cat":[91],"product_tag":[93,94,95,96],"class_list":{"0":"post-13445","1":"product","2":"type-product","3":"status-publish","4":"has-post-thumbnail","6":"product_cat-aventure-et-nature","7":"product_tag-canarias-fr","8":"product_tag-islas-canarias-fr","9":"product_tag-multiaventuras-fr","10":"product_tag-tenerife-fr","12":"first","13":"instock","14":"virtual","15":"sold-individually","16":"taxable","17":"purchasable","18":"product-type-booking"},"_links":{"self":[{"href":"https:\/\/informacionturisticatenerife.com\/fr\/wp-json\/wp\/v2\/product\/13445","targetHints":{"allow":["GET"]}}],"collection":[{"href":"https:\/\/informacionturisticatenerife.com\/fr\/wp-json\/wp\/v2\/product"}],"about":[{"href":"https:\/\/informacionturisticatenerife.com\/fr\/wp-json\/wp\/v2\/types\/product"}],"replies":[{"embeddable":true,"href":"https:\/\/informacionturisticatenerife.com\/fr\/wp-json\/wp\/v2\/comments?post=13445"}],"wp:featuredmedia":[{"embeddable":true,"href":"https:\/\/informacionturisticatenerife.com\/fr\/wp-json\/wp\/v2\/media\/26962"}],"wp:attachment":[{"href":"https:\/\/informacionturisticatenerife.com\/fr\/wp-json\/wp\/v2\/media?parent=13445"}],"wp:term":[{"taxonomy":"product_brand","embeddable":true,"href":"https:\/\/informacionturisticatenerife.com\/fr\/wp-json\/wp\/v2\/product_brand?post=13445"},{"taxonomy":"product_cat","embeddable":true,"href":"https:\/\/informacionturisticatenerife.com\/fr\/wp-json\/wp\/v2\/product_cat?post=13445"},{"taxonomy":"product_tag","embeddable":true,"href":"https:\/\/informacionturisticatenerife.com\/fr\/wp-json\/wp\/v2\/product_tag?post=13445"}],"curies":[{"name":"wp","href":"https:\/\/api.w.org\/{rel}","templated":true}]}}