{"id":13437,"date":"2019-05-13T18:42:12","date_gmt":"2019-05-13T16:42:12","guid":{"rendered":"http:\/\/informacionturisticatenerife.com\/producto\/excursion-kayak-snorkel-tortugas-turtles\/"},"modified":"2024-03-13T11:26:49","modified_gmt":"2024-03-13T11:26:49","slug":"excursion-en-kayak-et-plongee-en-apnee-avec-les-tortues-a-tenerife","status":"publish","type":"product","link":"https:\/\/informacionturisticatenerife.com\/fr\/producto\/excursion-en-kayak-et-plongee-en-apnee-avec-les-tortues-a-tenerife\/","title":{"rendered":"Excursion en Kayak et plong\u00e9e en apn\u00e9e avec les tortues \u00e0 Tenerife"},"content":{"rendered":"<div class=\"prewrap\">\n<p>Si vous n&rsquo;avez jamais fait de kayak, c&rsquo;est une exp\u00e9rience que je vous recommande vivement et encore plus pendant votre voyage \u00e0 Tenerife.<\/p>\n<p>Qu&rsquo;est-ce que le kayak a de si sp\u00e9cial \u00e0 Tenerife ? Sa vie marine incroyable o\u00f9 vous pouvez voir des dauphins, des tortues, des poissons, des oiseaux et avec un peu de chance une baleine au loin.<\/p>\n<p>(<span class=\"Y2IQFc\" lang=\"fr\">Les observations de tortues ne sont pas garanties)<\/span><\/p>\n<\/div>\n<div>\n<p><strong>Dur\u00e9e: 02:00 heures environ<\/strong><\/p>\n<\/div>\n<div><\/div>\n<p><iframe loading=\"lazy\" title=\"YouTube video player\" src=\"https:\/\/www.youtube.com\/embed\/0oXGmigujc4\" width=\"560\" height=\"315\" frameborder=\"0\" allowfullscreen=\"allowfullscreen\"><\/iframe><\/p>\n","protected":false},"excerpt":{"rendered":"<div class=\"prewrap\">\n<div class=\"prewrap\">\n<div class=\"prewrap\">\n<div class=\"prewrap\">\n<div class=\"prewrap\">\n<div class=\"prewrap\">\n<div class=\"prewrap\">\n<div class=\"prewrap\">\n<div class=\"prewrap\">\n<div class=\"prewrap\">\n<div class=\"prewrap\">\n<div class=\"prewrap\">\n<div class=\"prewrap\">\n<div class=\"prewrap\">\n<div class=\"prewrap\">\n<div class=\"prewrap\">\n<div class=\"prewrap\">\n<div class=\"prewrap\">\n<div class=\"prewrap\">\n<div class=\"prewrap\">\n<div class=\"prewrap\">\n<div class=\"prewrap\">\n<div class=\"prewrap\">\n<div class=\"prewrap\">\n<div class=\"prewrap\">\n<div class=\"prewrap\">\n<p>Si vous n&rsquo;avez jamais fait de kayak, c&rsquo;est une exp\u00e9rience que je vous recommande vivement et encore plus pendant votre voyage \u00e0 Tenerife.<\/p>\n<p>Qu&rsquo;est-ce que le kayak a de si sp\u00e9cial \u00e0 Tenerife ? Sa vie marine incroyable o\u00f9 vous pouvez voir des dauphins, des tortues, des poissons, des oiseaux et avec un peu de chance une baleine au loin.<\/p>\n<\/div>\n<div>\n<div class=\"prewrap\">\n<p>(<span class=\"Y2IQFc\" lang=\"fr\">Les observations de tortues ne sont pas garanties)<\/span><\/p>\n<\/div>\n<div>\n<p><strong>Dur\u00e9e: 02:00 heures environ<\/strong><\/p>\n<\/div>\n<\/div>\n<\/div>\n<\/div>\n<\/div>\n<\/div>\n<\/div>\n<\/div>\n<\/div>\n<\/div>\n<\/div>\n<\/div>\n<\/div>\n<\/div>\n<\/div>\n<\/div>\n<\/div>\n<\/div>\n<\/div>\n<\/div>\n<\/div>\n<\/div>\n<\/div>\n<\/div>\n<\/div>\n<\/div>\n<\/div>\n<p><iframe loading=\"lazy\" title=\"YouTube video player\" src=\"https:\/\/www.youtube.com\/embed\/0oXGmigujc4\" width=\"560\" height=\"315\" frameborder=\"0\" allowfullscreen=\"allowfullscreen\"><\/iframe><\/p>\n","protected":false},"featured_media":13438,"comment_status":"open","ping_status":"closed","template":"","meta":[],"product_brand":[],"product_cat":[111],"product_tag":[93,94,95,96,112],"class_list":{"0":"post-13437","1":"product","2":"type-product","3":"status-publish","4":"has-post-thumbnail","6":"product_cat-sports-nautiques","7":"product_tag-canarias-fr","8":"product_tag-islas-canarias-fr","9":"product_tag-multiaventuras-fr","10":"product_tag-tenerife-fr","11":"product_tag-water-sports-fr","13":"first","14":"instock","15":"virtual","16":"sold-individually","17":"taxable","18":"purchasable","19":"product-type-booking"},"_links":{"self":[{"href":"https:\/\/informacionturisticatenerife.com\/fr\/wp-json\/wp\/v2\/product\/13437","targetHints":{"allow":["GET"]}}],"collection":[{"href":"https:\/\/informacionturisticatenerife.com\/fr\/wp-json\/wp\/v2\/product"}],"about":[{"href":"https:\/\/informacionturisticatenerife.com\/fr\/wp-json\/wp\/v2\/types\/product"}],"replies":[{"embeddable":true,"href":"https:\/\/informacionturisticatenerife.com\/fr\/wp-json\/wp\/v2\/comments?post=13437"}],"wp:featuredmedia":[{"embeddable":true,"href":"https:\/\/informacionturisticatenerife.com\/fr\/wp-json\/wp\/v2\/media\/13438"}],"wp:attachment":[{"href":"https:\/\/informacionturisticatenerife.com\/fr\/wp-json\/wp\/v2\/media?parent=13437"}],"wp:term":[{"taxonomy":"product_brand","embeddable":true,"href":"https:\/\/informacionturisticatenerife.com\/fr\/wp-json\/wp\/v2\/product_brand?post=13437"},{"taxonomy":"product_cat","embeddable":true,"href":"https:\/\/informacionturisticatenerife.com\/fr\/wp-json\/wp\/v2\/product_cat?post=13437"},{"taxonomy":"product_tag","embeddable":true,"href":"https:\/\/informacionturisticatenerife.com\/fr\/wp-json\/wp\/v2\/product_tag?post=13437"}],"curies":[{"name":"wp","href":"https:\/\/api.w.org\/{rel}","templated":true}]}}