{"id":13421,"date":"2019-05-13T18:51:37","date_gmt":"2019-05-13T16:51:37","guid":{"rendered":"http:\/\/informacionturisticatenerife.com\/producto\/excursion-a-caballo-en-tenerife\/"},"modified":"2022-05-25T17:39:10","modified_gmt":"2022-05-25T16:39:10","slug":"excursion-a-cheval","status":"publish","type":"product","link":"https:\/\/informacionturisticatenerife.com\/fr\/producto\/excursion-a-cheval\/","title":{"rendered":"Des balades \u00e0 cheval guid\u00e9es \u00e0 Tenerife"},"content":{"rendered":"<div class=\"prewrap\">\n<p>Des balades \u00e0 cheval guid\u00e9es, des excursions sur des pistes dans les for\u00eats de la vall\u00e9e de la Orotava sans traverser de routes pour tous les niveaux d&rsquo;\u00e9quitation, de la balade douce pour les d\u00e9butants aux itin\u00e9raires experts avec des allures plus rapides.<\/p>\n<p><strong>Dur\u00e9e : 1 heure &#8211; 2 heures &#8211; 3 heures\u00a0<\/strong><\/p>\n<\/div>\n","protected":false},"excerpt":{"rendered":"<div class=\"prewrap\">\n<div class=\"prewrap\">\n<div class=\"prewrap\">\n<div class=\"prewrap\">\n<div class=\"prewrap\">\n<div class=\"prewrap\">\n<div class=\"prewrap\">\n<div class=\"prewrap\">\n<div class=\"prewrap\">\n<div class=\"prewrap\">\n<div class=\"prewrap\">\n<div class=\"prewrap\">\n<div class=\"prewrap\">\n<div class=\"prewrap\">\n<div class=\"prewrap\">\n<div class=\"prewrap\">\n<div class=\"prewrap\">\n<div class=\"prewrap\">\n<div class=\"prewrap\">\n<div class=\"prewrap\">\n<div class=\"prewrap\">\n<div class=\"prewrap\">\n<div class=\"prewrap\">\n<div class=\"prewrap\">\n<div class=\"prewrap\">\n<div class=\"prewrap\">\n<div class=\"prewrap\">\n<div class=\"prewrap\">\n<p>Des balades \u00e0 cheval guid\u00e9es, des excursions sur des pistes dans les for\u00eats de la vall\u00e9e de la Orotava sans traverser de routes pour tous les niveaux d&rsquo;\u00e9quitation, de la balade douce pour les d\u00e9butants aux itin\u00e9raires experts avec des allures plus rapides.<\/p>\n<p><strong>Dur\u00e9e : 1 heure &#8211; 2 heures &#8211; 3 heures\u00a0<\/strong><\/p>\n<\/div>\n<\/div>\n<\/div>\n<\/div>\n<\/div>\n<\/div>\n<\/div>\n<\/div>\n<\/div>\n<\/div>\n<\/div>\n<\/div>\n<\/div>\n<\/div>\n<\/div>\n<\/div>\n<\/div>\n<\/div>\n<\/div>\n<\/div>\n<\/div>\n<\/div>\n<\/div>\n<\/div>\n<\/div>\n<\/div>\n<\/div>\n<\/div>\n","protected":false},"featured_media":26878,"comment_status":"open","ping_status":"closed","template":"","meta":[],"product_brand":[],"product_cat":[91],"product_tag":[93,94,95,96],"class_list":{"0":"post-13421","1":"product","2":"type-product","3":"status-publish","4":"has-post-thumbnail","6":"product_cat-aventure-et-nature","7":"product_tag-canarias-fr","8":"product_tag-islas-canarias-fr","9":"product_tag-multiaventuras-fr","10":"product_tag-tenerife-fr","12":"first","13":"instock","14":"virtual","15":"sold-individually","16":"taxable","17":"purchasable","18":"product-type-booking"},"_links":{"self":[{"href":"https:\/\/informacionturisticatenerife.com\/fr\/wp-json\/wp\/v2\/product\/13421","targetHints":{"allow":["GET"]}}],"collection":[{"href":"https:\/\/informacionturisticatenerife.com\/fr\/wp-json\/wp\/v2\/product"}],"about":[{"href":"https:\/\/informacionturisticatenerife.com\/fr\/wp-json\/wp\/v2\/types\/product"}],"replies":[{"embeddable":true,"href":"https:\/\/informacionturisticatenerife.com\/fr\/wp-json\/wp\/v2\/comments?post=13421"}],"wp:featuredmedia":[{"embeddable":true,"href":"https:\/\/informacionturisticatenerife.com\/fr\/wp-json\/wp\/v2\/media\/26878"}],"wp:attachment":[{"href":"https:\/\/informacionturisticatenerife.com\/fr\/wp-json\/wp\/v2\/media?parent=13421"}],"wp:term":[{"taxonomy":"product_brand","embeddable":true,"href":"https:\/\/informacionturisticatenerife.com\/fr\/wp-json\/wp\/v2\/product_brand?post=13421"},{"taxonomy":"product_cat","embeddable":true,"href":"https:\/\/informacionturisticatenerife.com\/fr\/wp-json\/wp\/v2\/product_cat?post=13421"},{"taxonomy":"product_tag","embeddable":true,"href":"https:\/\/informacionturisticatenerife.com\/fr\/wp-json\/wp\/v2\/product_tag?post=13421"}],"curies":[{"name":"wp","href":"https:\/\/api.w.org\/{rel}","templated":true}]}}