{"id":13389,"date":"2019-05-13T19:11:28","date_gmt":"2019-05-13T17:11:28","guid":{"rendered":"http:\/\/informacionturisticatenerife.com\/producto\/piramides-de-guimar-medio-dia\/"},"modified":"2022-05-25T12:07:12","modified_gmt":"2022-05-25T11:07:12","slug":"parc-a-theme-pyramides-de-guimar","status":"publish","type":"product","link":"https:\/\/informacionturisticatenerife.com\/fr\/producto\/parc-a-theme-pyramides-de-guimar\/","title":{"rendered":"Parc Ethnographique Pir\u00e1mides de G\u00fcimar"},"content":{"rendered":"<div class=\"prewrap\">\n<div class=\"prewrap\">\n<p>Pir\u00e1mides de G\u00fc\u00edmar, dans le sud de T\u00e9n\u00e9rife, est un ensemble de structures pyramidales orient\u00e9es astronomiquement vers les solstices d\u2019\u00e9t\u00e9 et d\u2019hiver. Le Parc offre la possibilit\u00e9 au visiteur de contempler ces constructions \u00e9chelonn\u00e9es qui conservent une \u00e9trange ressemblance architecturale avec celles rencontr\u00e9es en Egypte, M\u00e9sopotamie, Sardaigne, Sicile, Am\u00e9rique Latine et autres parties du monde. Avant d\u2019entreprendre le parcours \u00e0 travers le Parc, entrez \u00e0 l\u2019Auditorium, o\u00f9 une projection vous explique les possibles migrations humaines des temps pass\u00e9s et les surprenantes coincidences entres les cultures de pays situ\u00e9s de chaque c\u00f4t\u00e9 de l\u2019Atlantique, comme le Mexique, le P\u00e9rou, la M\u00e9sopotamie et l\u2019Egypte. Le documentaire relate \u00e9galement les exp\u00e9ditions du prestigieux anthropologue norv\u00e9gien Thor Heyerdahl, initiateur de l\u2019\u00e9tude des pyramides de G\u00fc\u00edmar. De plus, le parc poss\u00e8de un centre de loisir avec caf\u00e9teria, bureau d\u2019information, terrasses avec vue sur la mer, jardins de fleurs autochtones et une boutique \u00e0 th\u00e8mes. Les raisons pour venir visiter le Parc Ethnographique Pir\u00e1mides de G\u00fc\u00edmar sont tr\u00e8s nombreuses. Un mus\u00e9e, situ\u00e9 dans la seigneuriale Casa de Chacona, compl\u00e8te ce parc avec des r\u00e9pliques de sculptures, c\u00e9ramiques, photos, maquettes et autres importants t\u00e9moignages qui soulignent les parall\u00e9lismes entre les anciennes civilisations des pays situ\u00e9s de chaque c\u00f4t\u00e9 de l\u2019Atlantique, l\u2019emplacement des pyramides \u00e9chelonn\u00e9es, l\u2019usage des embarcations de jonque, et les r\u00e9sultats obtenus lors des fouilles. Les doutes sur le possible contact transoc\u00e9anique entre les diff\u00e9rentes cultures laissent libre cours \u00e0 la r\u00e9flexion personnelle durant la visite du mus\u00e9e et le reste du Parc. Il s\u2019agit d\u2019un voyage \u00e9mouvant \u00e0 travers les civilisations anciennes o\u00f9 la seule observation de ce site monumental est d\u00e9j\u00e0 une exp\u00e9rience culturelle extraordinaire.<\/p>\n<\/div>\n<p>&nbsp;<\/p>\n<div><\/div>\n<\/div>\n<p><iframe loading=\"lazy\" title=\"YouTube video player\" src=\"https:\/\/www.youtube.com\/embed\/Fa9V8mXDQlM\" width=\"560\" height=\"315\" frameborder=\"0\" allowfullscreen=\"allowfullscreen\"><\/iframe><\/p>\n","protected":false},"excerpt":{"rendered":"<div class=\"prewrap\">\n<div class=\"prewrap\">\n<div class=\"prewrap\">\n<div class=\"prewrap\">\n<div class=\"prewrap\">\n<div class=\"prewrap\">\n<div class=\"prewrap\">\n<div class=\"prewrap\">\n<div class=\"prewrap\">\n<div class=\"prewrap\">\n<div class=\"prewrap\">\n<div class=\"prewrap\">\n<div class=\"prewrap\">\n<div class=\"prewrap\">\n<div class=\"prewrap\">\n<div class=\"prewrap\">\n<div class=\"prewrap\">\n<div class=\"prewrap\">\n<div class=\"prewrap\">\n<div class=\"prewrap\">\n<div class=\"prewrap\">\n<div class=\"prewrap\">\n<div class=\"prewrap\">\n<div class=\"prewrap\">\n<div class=\"prewrap\">\n<div class=\"prewrap\">\n<div class=\"prewrap\">\n<div class=\"prewrap\">\n<div class=\"prewrap\">\n<div class=\"prewrap\">\n<div class=\"prewrap\">\n<div class=\"prewrap\">\n<div class=\"prewrap\">\n<p>Pir\u00e1mides de G\u00fc\u00edmar, dans le sud de T\u00e9n\u00e9rife, est un ensemble de structures pyramidales orient\u00e9es astronomiquement vers les solstices d\u2019\u00e9t\u00e9 et d\u2019hiver. Le Parc offre la possibilit\u00e9 au visiteur de contempler ces constructions \u00e9chelonn\u00e9es qui conservent une \u00e9trange ressemblance architecturale avec celles rencontr\u00e9es en Egypte, M\u00e9sopotamie, Sardaigne, Sicile, Am\u00e9rique Latine et autres parties du monde. Avant d\u2019entreprendre le parcours \u00e0 travers le Parc, entrez \u00e0 l\u2019Auditorium, o\u00f9 une projection vous explique les possibles migrations humaines des temps pass\u00e9s et les surprenantes coincidences entres les cultures de pays situ\u00e9s de chaque c\u00f4t\u00e9 de l\u2019Atlantique, comme le Mexique, le P\u00e9rou, la M\u00e9sopotamie et l\u2019Egypte.<\/p>\n<\/div>\n<p>&nbsp;<\/p>\n<div><\/div>\n<\/div>\n<\/div>\n<\/div>\n<\/div>\n<\/div>\n<\/div>\n<\/div>\n<\/div>\n<\/div>\n<\/div>\n<\/div>\n<\/div>\n<\/div>\n<\/div>\n<\/div>\n<\/div>\n<\/div>\n<\/div>\n<\/div>\n<\/div>\n<\/div>\n<\/div>\n<\/div>\n<\/div>\n<\/div>\n<\/div>\n<\/div>\n<\/div>\n<\/div>\n<\/div>\n<\/div>\n<\/div>\n<p><iframe loading=\"lazy\" title=\"YouTube video player\" src=\"https:\/\/www.youtube.com\/embed\/Fa9V8mXDQlM\" width=\"560\" height=\"315\" frameborder=\"0\" allowfullscreen=\"allowfullscreen\"><\/iframe><\/p>\n","protected":false},"featured_media":26837,"comment_status":"open","ping_status":"closed","template":"","meta":[],"product_brand":[],"product_cat":[155,49],"product_tag":[93,25,94,41,50,156,24,96],"class_list":{"0":"post-13389","1":"product","2":"type-product","3":"status-publish","4":"has-post-thumbnail","6":"product_cat-parcs-thematiques","7":"product_cat-parques-tematicos","8":"product_tag-canarias-fr","9":"product_tag-canarias","10":"product_tag-islas-canarias-fr","11":"product_tag-islas-canarias","12":"product_tag-parques-tematicos","13":"product_tag-parques-tematicos-fr","14":"product_tag-tenerife","15":"product_tag-tenerife-fr","17":"first","18":"instock","19":"virtual","20":"sold-individually","21":"taxable","22":"purchasable","23":"product-type-booking"},"_links":{"self":[{"href":"https:\/\/informacionturisticatenerife.com\/fr\/wp-json\/wp\/v2\/product\/13389","targetHints":{"allow":["GET"]}}],"collection":[{"href":"https:\/\/informacionturisticatenerife.com\/fr\/wp-json\/wp\/v2\/product"}],"about":[{"href":"https:\/\/informacionturisticatenerife.com\/fr\/wp-json\/wp\/v2\/types\/product"}],"replies":[{"embeddable":true,"href":"https:\/\/informacionturisticatenerife.com\/fr\/wp-json\/wp\/v2\/comments?post=13389"}],"wp:featuredmedia":[{"embeddable":true,"href":"https:\/\/informacionturisticatenerife.com\/fr\/wp-json\/wp\/v2\/media\/26837"}],"wp:attachment":[{"href":"https:\/\/informacionturisticatenerife.com\/fr\/wp-json\/wp\/v2\/media?parent=13389"}],"wp:term":[{"taxonomy":"product_brand","embeddable":true,"href":"https:\/\/informacionturisticatenerife.com\/fr\/wp-json\/wp\/v2\/product_brand?post=13389"},{"taxonomy":"product_cat","embeddable":true,"href":"https:\/\/informacionturisticatenerife.com\/fr\/wp-json\/wp\/v2\/product_cat?post=13389"},{"taxonomy":"product_tag","embeddable":true,"href":"https:\/\/informacionturisticatenerife.com\/fr\/wp-json\/wp\/v2\/product_tag?post=13389"}],"curies":[{"name":"wp","href":"https:\/\/api.w.org\/{rel}","templated":true}]}}