{"id":13384,"date":"2019-05-13T19:15:56","date_gmt":"2019-05-13T17:15:56","guid":{"rendered":"http:\/\/informacionturisticatenerife.com\/producto\/teleferico-del-teide\/"},"modified":"2025-07-15T02:46:25","modified_gmt":"2025-07-15T01:46:25","slug":"telepherique-du-teide","status":"publish","type":"product","link":"https:\/\/informacionturisticatenerife.com\/fr\/producto\/telepherique-du-teide\/","title":{"rendered":"Mont\u00e9e au Pic du Teide avec ticket de T\u00e9l\u00e9ph\u00e9rique"},"content":{"rendered":"<div class=\"prewrap\">\n<div class=\"prewrap\">\n<p>Monter au Pic du Teide est une exp\u00e9rience unique que vous ne devriez pas manquer lors de votre visite \u00e0 Tenerife.<\/p>\n<p>En montant en T\u00e9l\u00e9ph\u00e9rique et avec une randonn\u00e9 d\u2019une heure environ, vous atteindrez le crat\u00e8re du Teide et vous profiterez comme jamais auparavant (si les conditions m\u00e9t\u00e9orologique sont favorables) du pic le plus \u00e9lev\u00e9 d\u2019Espagne et des vues sur les sommets des \u00eeles voisines de : La Gomera, El Hierro, La Palma et Gran Canaria.<\/p>\n<p>Prenez le T\u00e9l\u00e9ph\u00e9rique du Teide pour franchir les 1 999 m\u00e8tres de d\u00e9nivel\u00e9 entre las station du bas et la station d\u2019arriv\u00e9e, se situant \u00e0 3 555 m\u00e8tres d\u2019altitude et d\u2019o\u00f9 commence la randonn\u00e9e palpitante par le sentier n\u00ba10 du Parc National, le sentier de Telesforo Bravo qui vous m\u00e8nera jusqu\u2019au crat\u00e8re du Teide pour admirer l\u2019un des paysages les plus spectaculaires au monde.<\/p>\n<p>N\u2019oubliez pas que la permission d\u2019atteindre le crat\u00e8re du Teide est incluse lors de la r\u00e9servation de cette activit\u00e9.<\/p>\n<\/div>\n<\/div>\n<div>\n<div><\/div>\n<\/div>\n<p><iframe loading=\"lazy\" title=\"YouTube video player\" src=\"https:\/\/www.youtube.com\/embed\/AYvNkEThPNU\" width=\"560\" height=\"315\" frameborder=\"0\" allowfullscreen=\"allowfullscreen\"><\/iframe><\/p>\n","protected":false},"excerpt":{"rendered":"<div class=\"prewrap\">\n<div class=\"prewrap\">\n<div class=\"prewrap\">\n<div class=\"prewrap\">\n<div class=\"prewrap\">\n<div class=\"prewrap\">\n<div class=\"prewrap\">\n<div class=\"prewrap\">\n<div class=\"prewrap\">\n<div class=\"prewrap\">\n<div class=\"prewrap\">\n<div class=\"prewrap\">\n<div class=\"prewrap\">\n<div class=\"prewrap\">\n<div class=\"prewrap\">\n<div class=\"prewrap\">\n<div class=\"prewrap\">\n<div class=\"prewrap\">\n<div class=\"prewrap\">\n<div class=\"prewrap\">\n<div class=\"prewrap\">\n<div class=\"prewrap\">\n<div class=\"prewrap\">\n<div class=\"prewrap\">\n<div class=\"prewrap\">\n<div class=\"prewrap\">\n<div class=\"prewrap\">\n<div class=\"prewrap\">\n<div class=\"prewrap\">\n<div class=\"prewrap\">\n<div class=\"prewrap\">\n<div class=\"prewrap\">\n<div class=\"prewrap\">\n<p>Monter au Pic du Teide est une exp\u00e9rience unique que vous ne devriez pas manquer lors de votre visite \u00e0 Tenerife.<\/p>\n<p>En montant en T\u00e9l\u00e9ph\u00e9rique et avec une randonn\u00e9 d\u2019une heure environ, vous atteindrez le crat\u00e8re du Teide et vous profiterez comme jamais auparavant (si les conditions m\u00e9t\u00e9orologique sont favorables) du pic le plus \u00e9lev\u00e9 d\u2019Espagne et des vues sur les sommets des \u00eeles voisines de : La Gomera, El Hierro, La Palma et Gran Canaria.<\/p>\n<p>N\u2019oubliez pas que la permission d\u2019atteindre le crat\u00e8re du Teide est incluse lors de la r\u00e9servation de cette activit\u00e9.<\/p>\n<\/div>\n<p>&nbsp;<\/p>\n<\/div>\n<\/div>\n<\/div>\n<\/div>\n<\/div>\n<\/div>\n<\/div>\n<\/div>\n<\/div>\n<\/div>\n<\/div>\n<\/div>\n<\/div>\n<\/div>\n<\/div>\n<\/div>\n<\/div>\n<\/div>\n<\/div>\n<\/div>\n<\/div>\n<\/div>\n<\/div>\n<\/div>\n<\/div>\n<\/div>\n<\/div>\n<\/div>\n<\/div>\n<\/div>\n<\/div>\n<\/div>\n<p><iframe loading=\"lazy\" title=\"YouTube video player\" src=\"https:\/\/www.youtube.com\/embed\/AYvNkEThPNU\" width=\"560\" height=\"315\" frameborder=\"0\" allowfullscreen=\"allowfullscreen\"><\/iframe><\/p>\n","protected":false},"featured_media":26791,"comment_status":"open","ping_status":"closed","template":"","meta":[],"product_brand":[],"product_cat":[140],"product_tag":[93,94,156,96],"class_list":{"0":"post-13384","1":"product","2":"type-product","3":"status-publish","4":"has-post-thumbnail","6":"product_cat-terrestre-fr","7":"product_tag-canarias-fr","8":"product_tag-islas-canarias-fr","9":"product_tag-parques-tematicos-fr","10":"product_tag-tenerife-fr","12":"first","13":"instock","14":"virtual","15":"sold-individually","16":"taxable","17":"purchasable","18":"product-type-booking"},"_links":{"self":[{"href":"https:\/\/informacionturisticatenerife.com\/fr\/wp-json\/wp\/v2\/product\/13384","targetHints":{"allow":["GET"]}}],"collection":[{"href":"https:\/\/informacionturisticatenerife.com\/fr\/wp-json\/wp\/v2\/product"}],"about":[{"href":"https:\/\/informacionturisticatenerife.com\/fr\/wp-json\/wp\/v2\/types\/product"}],"replies":[{"embeddable":true,"href":"https:\/\/informacionturisticatenerife.com\/fr\/wp-json\/wp\/v2\/comments?post=13384"}],"wp:featuredmedia":[{"embeddable":true,"href":"https:\/\/informacionturisticatenerife.com\/fr\/wp-json\/wp\/v2\/media\/26791"}],"wp:attachment":[{"href":"https:\/\/informacionturisticatenerife.com\/fr\/wp-json\/wp\/v2\/media?parent=13384"}],"wp:term":[{"taxonomy":"product_brand","embeddable":true,"href":"https:\/\/informacionturisticatenerife.com\/fr\/wp-json\/wp\/v2\/product_brand?post=13384"},{"taxonomy":"product_cat","embeddable":true,"href":"https:\/\/informacionturisticatenerife.com\/fr\/wp-json\/wp\/v2\/product_cat?post=13384"},{"taxonomy":"product_tag","embeddable":true,"href":"https:\/\/informacionturisticatenerife.com\/fr\/wp-json\/wp\/v2\/product_tag?post=13384"}],"curies":[{"name":"wp","href":"https:\/\/api.w.org\/{rel}","templated":true}]}}