{"id":13333,"date":"2020-09-09T19:49:44","date_gmt":"2019-05-10T18:11:44","guid":{"rendered":"http:\/\/informacionturisticatenerife.com\/producto\/catamaran-royal-dolphin\/"},"modified":"2025-08-12T11:28:03","modified_gmt":"2025-08-12T10:28:03","slug":"royal-dolphin-catamaran","status":"publish","type":"product","link":"https:\/\/informacionturisticatenerife.com\/fr\/producto\/royal-dolphin-catamaran\/","title":{"rendered":"Royal Dolphin Catamaran avec visi\u00f3n sousmarine"},"content":{"rendered":"<div class=\"prewrap\">\n<div class=\"prewrap\">\n<div class=\"prewrap\">\n<div class=\"prewrap\">\n<div class=\"prewrap\">\n<div class=\"prewrap\">\n<div class=\"prewrap\">\n<div class=\"prewrap\">\n<div class=\"prewrap\">\n<div class=\"prewrap\">\n<div class=\"prewrap\">\n<p>Le Royal Delfin est un catamaran dot\u00e9 d&rsquo;une vision sous-marine qui vous emm\u00e8nera le long de l&rsquo;unique c\u00f4te sud-ouest de Tenerife.<br \/>\nPendant l&rsquo;excursion, vous aurez l&rsquo;occasion d&rsquo;observer les c\u00e9tac\u00e9s dans leur habitat naturel : des familles de globic\u00e9phales et de dauphins qui ont choisi les eaux de Tenerife comme r\u00e9sidence habituelle tout au long de l&rsquo;ann\u00e9e.<\/p>\n<p>Ne manquez pas l&rsquo;occasion de naviguer \u00e0 bord du Royal Delfin lors de votre visite \u00e0 Tenerife!<\/p>\n<p>Choisissez parmi les trois types d&rsquo;excursions propos\u00e9<\/p>\n<\/div>\n<div>\n<p><strong>Dur\u00e9e: 04:30 environ<\/strong><\/p>\n<\/div>\n<\/div>\n<\/div>\n<\/div>\n<\/div>\n<\/div>\n<\/div>\n<\/div>\n<\/div>\n<\/div>\n<\/div>\n<p><iframe loading=\"lazy\" title=\"YouTube video player\" src=\"https:\/\/www.youtube.com\/embed\/4Q4DJN6qSuo\" width=\"560\" height=\"315\" frameborder=\"0\" allowfullscreen=\"allowfullscreen\"><\/iframe><\/p>\n","protected":false},"excerpt":{"rendered":"<div class=\"prewrap\">\n<div class=\"prewrap\">\n<div class=\"prewrap\">\n<div class=\"prewrap\">\n<div class=\"prewrap\">\n<div class=\"prewrap\">\n<div class=\"prewrap\">\n<p>Le Royal Delfin est un catamaran dot\u00e9 d&rsquo;une vision sous-marine qui vous emm\u00e8nera le long de l&rsquo;unique c\u00f4te sud-ouest de Tenerife.<\/p>\n<\/div>\n<div>\n<p><strong>Dur\u00e9e: 04:30 environ<\/strong><\/p>\n<\/div>\n<\/div>\n<\/div>\n<\/div>\n<\/div>\n<\/div>\n<\/div>\n<p><iframe loading=\"lazy\" title=\"YouTube video player\" src=\"https:\/\/www.youtube.com\/embed\/4Q4DJN6qSuo\" width=\"560\" height=\"315\" frameborder=\"0\" allowfullscreen=\"allowfullscreen\"><\/iframe><\/p>\n","protected":false},"featured_media":13335,"comment_status":"open","ping_status":"closed","template":"","meta":[],"product_brand":[],"product_cat":[211],"product_tag":[93,212,94,96],"class_list":{"0":"post-13333","1":"product","2":"type-product","3":"status-publish","4":"has-post-thumbnail","6":"product_cat-maritime","7":"product_tag-canarias-fr","8":"product_tag-excursiones-maritimas-fr","9":"product_tag-islas-canarias-fr","10":"product_tag-tenerife-fr","12":"first","13":"instock","14":"virtual","15":"sold-individually","16":"taxable","17":"purchasable","18":"product-type-booking"},"_links":{"self":[{"href":"https:\/\/informacionturisticatenerife.com\/fr\/wp-json\/wp\/v2\/product\/13333","targetHints":{"allow":["GET"]}}],"collection":[{"href":"https:\/\/informacionturisticatenerife.com\/fr\/wp-json\/wp\/v2\/product"}],"about":[{"href":"https:\/\/informacionturisticatenerife.com\/fr\/wp-json\/wp\/v2\/types\/product"}],"replies":[{"embeddable":true,"href":"https:\/\/informacionturisticatenerife.com\/fr\/wp-json\/wp\/v2\/comments?post=13333"}],"wp:featuredmedia":[{"embeddable":true,"href":"https:\/\/informacionturisticatenerife.com\/fr\/wp-json\/wp\/v2\/media\/13335"}],"wp:attachment":[{"href":"https:\/\/informacionturisticatenerife.com\/fr\/wp-json\/wp\/v2\/media?parent=13333"}],"wp:term":[{"taxonomy":"product_brand","embeddable":true,"href":"https:\/\/informacionturisticatenerife.com\/fr\/wp-json\/wp\/v2\/product_brand?post=13333"},{"taxonomy":"product_cat","embeddable":true,"href":"https:\/\/informacionturisticatenerife.com\/fr\/wp-json\/wp\/v2\/product_cat?post=13333"},{"taxonomy":"product_tag","embeddable":true,"href":"https:\/\/informacionturisticatenerife.com\/fr\/wp-json\/wp\/v2\/product_tag?post=13333"}],"curies":[{"name":"wp","href":"https:\/\/api.w.org\/{rel}","templated":true}]}}