{"id":13324,"date":"2019-05-10T20:10:37","date_gmt":"2019-05-10T18:10:37","guid":{"rendered":"http:\/\/informacionturisticatenerife.com\/producto\/velero-shogun\/"},"modified":"2024-06-16T19:26:00","modified_gmt":"2024-06-16T18:26:00","slug":"shogun-voilier","status":"publish","type":"product","link":"https:\/\/informacionturisticatenerife.com\/fr\/producto\/shogun-voilier\/","title":{"rendered":"Excursion en bateau \u00e0 Tenerife avec Shogun Voilier"},"content":{"rendered":"<div class=\"prewrap\">\n<div class=\"prewrap\">\n<p>Vivez la diff\u00e9rence \u00e0 bord d&rsquo;un authentique voilier oriental, compl\u00eatement construit en bois noble de teck, pour l&rsquo;usage priv\u00e9 d&rsquo;un \u00e9mir arabe. Luxe, espace et confort, le Shogun vous fera profiter d&rsquo;un contact \u00e9troit avec la nature. Ce voilier offre \u00e9galement un pont avec zone ensoleill\u00e9e et zone d&rsquo;ombre, ainsi qu&rsquo;un salon-caf\u00e9taria, un bar \u00e0 ciel ouvert, et 3 wc complets. Il dispose aussi d&rsquo;un pont sup\u00e9rieur, id\u00e9al pour bronzer.<\/p>\n<p>Vivez la diff\u00e9rence \u00e0 bord d\u2019un authentique voilier oriental,\u00a0enti\u00e8rement construit en bois noble de Teck, pour l\u2019usage priv\u00e9 d\u2019un prince arabe.\u00a0Un voyage qui vous m\u00e8nera \u00e0 la rencontre de baleines pilotes et dauphins prot\u00e9g\u00e9s par les normes et accords internationaux.<\/p>\n<p>Le SHOGUN\u00a0applique ces normes et poss\u00e8de le drapeau jaune avec une distinction \u00a0-bateau bleue &#8211; qui garantit presque toujours l\u2019approche des c\u00e9tac\u00e9s.Par sa position g\u00e9ographique, l\u2019action des Aliz\u00e9s et la haute altitude du Teide, l\u2019archipel canarien et plus pr\u00e9cis\u00e9ment le sud de T\u00e9n\u00e9rife poss\u00e8de une eau variant de 17 \u00e0 24 degr\u00e9s.<\/p>\n<p>Cela garantit la pr\u00e9sence permanente de groupes de c\u00e9tac\u00e9s comme par exemple :\u00a0Baleine globic\u00e9phale et le Grand dauphin, mais aussi d\u2019autres esp\u00e8ces migrantes telles que : le Roqual,le Cachalot, l\u2019 Orque, le Dauphin tachet\u00e9, le Dauphin Commun et le Dauphin \u00e0 rostre \u00e9troit.Apr\u00e8s avoir observ\u00e9 ces merveilleux animaux, nous jetterons l\u2019ancre dans la baie de Masca et\u00a0les impressionnantes falaises de Los Gigantes\u00a0o\u00f9 vous pourrez profiter d\u2019une magnifique baignade et d\u2019un excellent repas \u00e0 bord.<\/p>\n<\/div>\n<div>\n<div><\/div>\n<div>\n<p><iframe loading=\"lazy\" title=\"YouTube video player\" src=\"https:\/\/www.youtube.com\/embed\/by48--bu0dA\" width=\"560\" height=\"315\" frameborder=\"0\" allowfullscreen=\"allowfullscreen\"><\/iframe><\/p>\n<p>&nbsp;<\/p>\n<\/div>\n<\/div>\n<\/div>\n","protected":false},"excerpt":{"rendered":"<div class=\"prewrap\">\n<div class=\"prewrap\">\n<div class=\"prewrap\">\n<div class=\"prewrap\">\n<div class=\"prewrap\">\n<div class=\"prewrap\">\n<div class=\"prewrap\">\n<div class=\"prewrap\">\n<div class=\"prewrap\">\n<div class=\"prewrap\">\n<div class=\"prewrap\">\n<p>Vivez la diff\u00e9rence \u00e0 bord d&rsquo;un authentique voilier oriental, compl\u00eatement construit en bois noble de teck, pour l&rsquo;usage priv\u00e9 d&rsquo;un \u00e9mir arabe. Luxe, espace et confort, le Shogun vous fera profiter d&rsquo;un contact \u00e9troit avec la nature. Ce voilier offre \u00e9galement un pont avec zone ensoleill\u00e9e et zone d&rsquo;ombre, ainsi qu&rsquo;un salon-caf\u00e9taria, un bar \u00e0 ciel ouvert, et 3 wc complets. Il dispose aussi d&rsquo;un pont sup\u00e9rieur, id\u00e9al pour bronzer.<\/p>\n<p>Vivez la diff\u00e9rence \u00e0 bord d\u2019un authentique voilier oriental,\u00a0enti\u00e8rement construit en bois noble de Teck, pour l\u2019usage priv\u00e9 d\u2019un prince arabe.\u00a0Un voyage qui vous m\u00e8nera \u00e0 la rencontre de baleines pilotes et dauphins prot\u00e9g\u00e9s par les normes et accords internationaux.<\/p>\n<p>Le SHOGUN\u00a0applique ces normes et poss\u00e8de le drapeau jaune avec une distinction \u00a0-bateau bleue &#8211; qui garantit presque toujours l\u2019approche des c\u00e9tac\u00e9s.Par sa position g\u00e9ographique, l\u2019action des Aliz\u00e9s et la haute altitude du Teide, l\u2019archipel canarien et plus pr\u00e9cis\u00e9ment le sud de T\u00e9n\u00e9rife poss\u00e8de une eau variant de 17 \u00e0 24 degr\u00e9s.<\/p>\n<p>Cela garantit la pr\u00e9sence permanente de groupes de c\u00e9tac\u00e9s comme par exemple :\u00a0Baleine globic\u00e9phale et le Grand dauphin, mais aussi d\u2019autres esp\u00e8ces migrantes telles que : le Roqual,le Cachalot, l\u2019 Orque, le Dauphin tachet\u00e9, le Dauphin Commun et le Dauphin \u00e0 rostre \u00e9troit.Apr\u00e8s avoir observ\u00e9 ces merveilleux animaux, nous jetterons l\u2019ancre dans la baie de Masca et\u00a0les impressionnantes falaises de Los Gigantes\u00a0o\u00f9 vous pourrez profiter d\u2019une magnifique baignade et d\u2019un excellent repas \u00e0 bord.<\/p>\n<\/div>\n<\/div>\n<\/div>\n<\/div>\n<\/div>\n<\/div>\n<\/div>\n<\/div>\n<\/div>\n<\/div>\n<\/div>\n<p><iframe loading=\"lazy\" title=\"YouTube video player\" src=\"https:\/\/www.youtube.com\/embed\/by48--bu0dA\" width=\"560\" height=\"315\" frameborder=\"0\" allowfullscreen=\"allowfullscreen\"><\/iframe><\/p>\n","protected":false},"featured_media":13325,"comment_status":"open","ping_status":"closed","template":"","meta":[],"product_brand":[],"product_cat":[211],"product_tag":[93,212,94,96],"class_list":{"0":"post-13324","1":"product","2":"type-product","3":"status-publish","4":"has-post-thumbnail","6":"product_cat-maritime","7":"product_tag-canarias-fr","8":"product_tag-excursiones-maritimas-fr","9":"product_tag-islas-canarias-fr","10":"product_tag-tenerife-fr","12":"first","13":"instock","14":"virtual","15":"sold-individually","16":"taxable","17":"purchasable","18":"product-type-booking"},"_links":{"self":[{"href":"https:\/\/informacionturisticatenerife.com\/fr\/wp-json\/wp\/v2\/product\/13324","targetHints":{"allow":["GET"]}}],"collection":[{"href":"https:\/\/informacionturisticatenerife.com\/fr\/wp-json\/wp\/v2\/product"}],"about":[{"href":"https:\/\/informacionturisticatenerife.com\/fr\/wp-json\/wp\/v2\/types\/product"}],"replies":[{"embeddable":true,"href":"https:\/\/informacionturisticatenerife.com\/fr\/wp-json\/wp\/v2\/comments?post=13324"}],"wp:featuredmedia":[{"embeddable":true,"href":"https:\/\/informacionturisticatenerife.com\/fr\/wp-json\/wp\/v2\/media\/13325"}],"wp:attachment":[{"href":"https:\/\/informacionturisticatenerife.com\/fr\/wp-json\/wp\/v2\/media?parent=13324"}],"wp:term":[{"taxonomy":"product_brand","embeddable":true,"href":"https:\/\/informacionturisticatenerife.com\/fr\/wp-json\/wp\/v2\/product_brand?post=13324"},{"taxonomy":"product_cat","embeddable":true,"href":"https:\/\/informacionturisticatenerife.com\/fr\/wp-json\/wp\/v2\/product_cat?post=13324"},{"taxonomy":"product_tag","embeddable":true,"href":"https:\/\/informacionturisticatenerife.com\/fr\/wp-json\/wp\/v2\/product_tag?post=13324"}],"curies":[{"name":"wp","href":"https:\/\/api.w.org\/{rel}","templated":true}]}}