{"id":13316,"date":"2019-05-10T20:04:32","date_gmt":"2019-05-10T18:04:32","guid":{"rendered":"http:\/\/informacionturisticatenerife.com\/producto\/excursion-de-pesca-en-tenerife\/"},"modified":"2022-06-20T20:03:42","modified_gmt":"2022-06-20T19:03:42","slug":"excursions-de-peche-tenerife","status":"publish","type":"product","link":"https:\/\/informacionturisticatenerife.com\/fr\/producto\/excursions-de-peche-tenerife\/","title":{"rendered":"Tour en bateau \u00e0 voile VIP \u00e0 Tenerife"},"content":{"rendered":"<p>Montez \u00e0 bord d\u2019un un voilier de luxe et observez des baleines et des dauphins dans leur habitat naturel.<\/p>\n<p>Profitez d\u2019une visite personnalis\u00e9e en petit groupe de 8 passagers au maximum\u00e0 bord tout en admirant la magnifique vue sur la c\u00f4te sud de Tenerife.<\/p>\n<p>B\u00e9n\u00e9ficiez d\u2019en-cas et de boissons gratuites. Vous aurez le temps de faire de la plong\u00e9e en apn\u00e9e dans une baie isol\u00e9e, o\u00f9 les tortues ont leur habitat naturel.<\/p>\n<p>&nbsp;<\/p>\n<p>&nbsp;<\/p>\n<p><iframe loading=\"lazy\" src=\"https:\/\/www.youtube.com\/embed\/cI2jvJe1d14\" width=\"560\" height=\"315\" frameborder=\"0\" allowfullscreen=\"allowfullscreen\"><\/iframe><\/p>\n","protected":false},"excerpt":{"rendered":"<p>Montez \u00e0 bord d\u2019un un voilier de luxe et observez des baleines et des dauphins dans leur habitat naturel.<\/p>\n<p>Profitez d\u2019une visite personnalis\u00e9e en petit groupe de 8 passagers au maximum\u00e0 bord tout en admirant la magnifique vue sur la c\u00f4te sud de Tenerife.<\/p>\n<p>B\u00e9n\u00e9ficiez d\u2019en-cas et de boissons gratuites. Vous aurez le temps de faire de la plong\u00e9e en apn\u00e9e dans une baie isol\u00e9e, o\u00f9 les tortues ont leur habitat naturel.<\/p>\n<p><iframe loading=\"lazy\" src=\"https:\/\/www.youtube.com\/embed\/cI2jvJe1d14\" width=\"560\" height=\"315\" frameborder=\"0\" allowfullscreen=\"allowfullscreen\"><\/iframe><\/p>\n","protected":false},"featured_media":17658,"comment_status":"open","ping_status":"closed","template":"","meta":[],"product_brand":[],"product_cat":[211],"product_tag":[93,212,94,96],"class_list":{"0":"post-13316","1":"product","2":"type-product","3":"status-publish","4":"has-post-thumbnail","6":"product_cat-maritime","7":"product_tag-canarias-fr","8":"product_tag-excursiones-maritimas-fr","9":"product_tag-islas-canarias-fr","10":"product_tag-tenerife-fr","12":"first","13":"instock","14":"virtual","15":"sold-individually","16":"taxable","17":"purchasable","18":"product-type-booking"},"_links":{"self":[{"href":"https:\/\/informacionturisticatenerife.com\/fr\/wp-json\/wp\/v2\/product\/13316","targetHints":{"allow":["GET"]}}],"collection":[{"href":"https:\/\/informacionturisticatenerife.com\/fr\/wp-json\/wp\/v2\/product"}],"about":[{"href":"https:\/\/informacionturisticatenerife.com\/fr\/wp-json\/wp\/v2\/types\/product"}],"replies":[{"embeddable":true,"href":"https:\/\/informacionturisticatenerife.com\/fr\/wp-json\/wp\/v2\/comments?post=13316"}],"wp:featuredmedia":[{"embeddable":true,"href":"https:\/\/informacionturisticatenerife.com\/fr\/wp-json\/wp\/v2\/media\/17658"}],"wp:attachment":[{"href":"https:\/\/informacionturisticatenerife.com\/fr\/wp-json\/wp\/v2\/media?parent=13316"}],"wp:term":[{"taxonomy":"product_brand","embeddable":true,"href":"https:\/\/informacionturisticatenerife.com\/fr\/wp-json\/wp\/v2\/product_brand?post=13316"},{"taxonomy":"product_cat","embeddable":true,"href":"https:\/\/informacionturisticatenerife.com\/fr\/wp-json\/wp\/v2\/product_cat?post=13316"},{"taxonomy":"product_tag","embeddable":true,"href":"https:\/\/informacionturisticatenerife.com\/fr\/wp-json\/wp\/v2\/product_tag?post=13316"}],"curies":[{"name":"wp","href":"https:\/\/api.w.org\/{rel}","templated":true}]}}