{"id":13308,"date":"2019-05-10T19:57:43","date_gmt":"2019-05-10T17:57:43","guid":{"rendered":"http:\/\/informacionturisticatenerife.com\/producto\/submarine-safaris\/"},"modified":"2022-05-12T09:31:18","modified_gmt":"2022-05-12T08:31:18","slug":"submarine-safaris","status":"publish","type":"product","link":"https:\/\/informacionturisticatenerife.com\/fr\/producto\/submarine-safaris\/","title":{"rendered":"Submarine Safaris"},"content":{"rendered":"<div class=\"prewrap\">\n<div class=\"prewrap\">\n<div class=\"prewrap\">\n<div class=\"prewrap\">\n<div class=\"prewrap\">\n<div class=\"prewrap\">\n<div class=\"prewrap\">\n<div class=\"prewrap\">\n<div class=\"prewrap\">\n<div class=\"prewrap\">\n<div class=\"prewrap\">\n<div class=\"prewrap\">\n<div class=\"prewrap\">\n<p>Submarine Safaris Rejoignez-nous sur le safari sous-marin de votre vie. Vivez la sensation d&rsquo;immersion \u00e0 bord d&rsquo;un v\u00e9ritable sous-marin qui vous emm\u00e8ne dans les eaux inexplor\u00e9es dans les environs de San Miguel Marina. Submarine Safaris SL, est situ\u00e9 sur la magnifique \u00eele de Tenerife, et organise des visites dans l&rsquo;un des sous-marins touristiques les plus sophistiqu\u00e9s du monde exclusif de San Miguel Marina port de plaisance. Les eaux claires et la vie marine sur l&rsquo;\u00eele de Tenerife, qui rend notre plong\u00e9e une exp\u00e9rience vraiment unique dans la vie.<\/p>\n<\/div>\n<div><strong>Disponible: mercredi<\/strong><br \/>\n<strong>Dur\u00e9e: 01:00 environ<\/strong><br \/>\n<strong>Prix adulte:<\/strong> 65,00 \u20ac <strong>Prix enfant:<\/strong> 39,00 \u20ac<\/div>\n<div>\n<div><iframe loading=\"lazy\" src=\"https:\/\/www.youtube.com\/embed\/QBXfQvLRPOI\" width=\"560\" height=\"315\" frameborder=\"0\" allowfullscreen=\"allowfullscreen\"><\/iframe><\/div>\n<\/div>\n<\/div>\n<\/div>\n<\/div>\n<\/div>\n<\/div>\n<\/div>\n<\/div>\n<\/div>\n<\/div>\n<\/div>\n<\/div>\n<\/div>\n","protected":false},"excerpt":{"rendered":"<div class=\"prewrap\">\n<div class=\"prewrap\">\n<div class=\"prewrap\">\n<div class=\"prewrap\">\n<div class=\"prewrap\">\n<div class=\"prewrap\">\n<div class=\"prewrap\">\n<div class=\"prewrap\">\n<div class=\"prewrap\">\n<p>Vivez la sensation d&rsquo;immersion \u00e0 bord d&rsquo;un v\u00e9ritable sous-marin qui vous emm\u00e8ne dans les eaux inexplor\u00e9es dans les environs de San Miguel Marina. Submarine Safaris SL, est situ\u00e9 sur la magnifique \u00eele de Tenerife, et organise des visites dans l&rsquo;un des sous-marins touristiques les plus sophistiqu\u00e9s du monde exclusif de San Miguel Marina port de plaisance. Les eaux claires et la vie marine sur l&rsquo;\u00eele de Tenerife, qui rend notre plong\u00e9e une exp\u00e9rience vraiment unique dans la vie.<\/p>\n<\/div>\n<div><strong>Disponible: mercredi<\/strong><br \/>\n<strong>Dur\u00e9e: 01:00 environ<\/strong><br \/>\n<strong>Prix adulte:<\/strong> 65,00 \u20ac <strong>Prix enfant:<\/strong> 39,00 \u20ac<\/div>\n<\/div>\n<div class=\"clearfix\"><\/div>\n<div class=\"fb-like fb_iframe_widget\" data-href=\"http:\/\/www.informacionturisticatenerife.com\/products\/view\/44\" data-send=\"false\" data-width=\"450\" data-show-faces=\"true\" data-font=\"arial\"><\/div>\n<\/div>\n<\/div>\n<\/div>\n<\/div>\n<\/div>\n<\/div>\n<\/div>\n","protected":false},"featured_media":13309,"comment_status":"open","ping_status":"closed","template":"","meta":[],"product_brand":[],"product_cat":[34,211],"product_tag":[25,93,212,40,41,94,96,24],"class_list":{"0":"post-13308","1":"product","2":"type-product","3":"status-publish","4":"has-post-thumbnail","6":"product_cat-maritimas","7":"product_cat-maritime","8":"product_tag-canarias","9":"product_tag-canarias-fr","10":"product_tag-excursiones-maritimas-fr","11":"product_tag-excursiones-maritimas","12":"product_tag-islas-canarias","13":"product_tag-islas-canarias-fr","14":"product_tag-tenerife-fr","15":"product_tag-tenerife","17":"first","18":"instock","19":"virtual","20":"sold-individually","21":"taxable","22":"purchasable","23":"product-type-booking"},"_links":{"self":[{"href":"https:\/\/informacionturisticatenerife.com\/fr\/wp-json\/wp\/v2\/product\/13308","targetHints":{"allow":["GET"]}}],"collection":[{"href":"https:\/\/informacionturisticatenerife.com\/fr\/wp-json\/wp\/v2\/product"}],"about":[{"href":"https:\/\/informacionturisticatenerife.com\/fr\/wp-json\/wp\/v2\/types\/product"}],"replies":[{"embeddable":true,"href":"https:\/\/informacionturisticatenerife.com\/fr\/wp-json\/wp\/v2\/comments?post=13308"}],"wp:featuredmedia":[{"embeddable":true,"href":"https:\/\/informacionturisticatenerife.com\/fr\/wp-json\/wp\/v2\/media\/13309"}],"wp:attachment":[{"href":"https:\/\/informacionturisticatenerife.com\/fr\/wp-json\/wp\/v2\/media?parent=13308"}],"wp:term":[{"taxonomy":"product_brand","embeddable":true,"href":"https:\/\/informacionturisticatenerife.com\/fr\/wp-json\/wp\/v2\/product_brand?post=13308"},{"taxonomy":"product_cat","embeddable":true,"href":"https:\/\/informacionturisticatenerife.com\/fr\/wp-json\/wp\/v2\/product_cat?post=13308"},{"taxonomy":"product_tag","embeddable":true,"href":"https:\/\/informacionturisticatenerife.com\/fr\/wp-json\/wp\/v2\/product_tag?post=13308"}],"curies":[{"name":"wp","href":"https:\/\/api.w.org\/{rel}","templated":true}]}}