{"id":13300,"date":"2019-05-10T19:56:10","date_gmt":"2019-05-10T17:56:10","guid":{"rendered":"http:\/\/informacionturisticatenerife.com\/producto\/catamaran-freebird-one\/"},"modified":"2024-06-16T19:09:16","modified_gmt":"2024-06-16T18:09:16","slug":"freebird-one-catamaran","status":"publish","type":"product","link":"https:\/\/informacionturisticatenerife.com\/fr\/producto\/freebird-one-catamaran\/","title":{"rendered":"Freebird One Catamaran"},"content":{"rendered":"<div class=\"prewrap\">\n<div class=\"prewrap\">\n<div class=\"prewrap\">\n<div class=\"prewrap\">\n<div class=\"prewrap\">\n<div class=\"prewrap\">\n<div class=\"prewrap\">\n<div class=\"prewrap\">\n<div class=\"prewrap\">\n<div class=\"prewrap\">\n<div class=\"prewrap\">\n<div class=\"prewrap\">\n<p>R\u00e9servez votre passage sur le catamaran le plus luxueux d\u00b4Europe, le Freebird One. On vous propose un buffet et des boissons \u00e0 volont\u00e9. Entrez dans l\u00b4environnment naturel des baleines et dauphins. Les vues panoramiques et une baignade en mer dans une baie prot\u00e9g\u00e9e vous donne une journe\u00e9 extraordinaire.<\/p>\n<\/div>\n<div><strong>Dur\u00e9e: 04:30 environ<\/strong><\/div>\n<\/div>\n<\/div>\n<\/div>\n<\/div>\n<\/div>\n<div>\n<div><\/div>\n<div><iframe loading=\"lazy\" src=\"https:\/\/www.youtube.com\/embed\/TZcLu3C4hv8\" width=\"560\" height=\"315\" frameborder=\"0\" allowfullscreen=\"allowfullscreen\"><\/iframe><\/div>\n<div class=\"prewrap\">\n<p>&nbsp;<\/p>\n<\/div>\n<\/div>\n<\/div>\n<\/div>\n<\/div>\n<\/div>\n<\/div>\n<\/div>\n","protected":false},"excerpt":{"rendered":"<div class=\"prewrap\">\n<div class=\"prewrap\">\n<div class=\"prewrap\">\n<div class=\"prewrap\">\n<div class=\"prewrap\">\n<div class=\"prewrap\">\n<div class=\"prewrap\">\n<div class=\"prewrap\">\n<p>On vous propose un buffet et des boissons \u00e0 volont\u00e9. Entrez dans l\u00b4environnment naturel des baleines et dauphins. Les vues panoramiques et une baignade en mer dans une baie prot\u00e9g\u00e9e vous donne une journe\u00e9 extraordinaire.<\/p>\n<\/div>\n<div><strong>Dur\u00e9e: 04:30 environ<\/strong><\/p>\n<\/div>\n<div class=\"clearfix\"><\/div>\n<div class=\"fb-like fb_iframe_widget\" data-href=\"http:\/\/www.informacionturisticatenerife.com\/products\/view\/44\" data-send=\"false\" data-width=\"450\" data-show-faces=\"true\" data-font=\"arial\"><\/div>\n<\/div>\n<\/div>\n<\/div>\n<\/div>\n<\/div>\n<\/div>\n<\/div>\n","protected":false},"featured_media":14295,"comment_status":"open","ping_status":"closed","template":"","meta":[],"product_brand":[],"product_cat":[211],"product_tag":[93,212,94,96],"class_list":{"0":"post-13300","1":"product","2":"type-product","3":"status-publish","4":"has-post-thumbnail","6":"product_cat-maritime","7":"product_tag-canarias-fr","8":"product_tag-excursiones-maritimas-fr","9":"product_tag-islas-canarias-fr","10":"product_tag-tenerife-fr","12":"first","13":"instock","14":"virtual","15":"sold-individually","16":"taxable","17":"purchasable","18":"product-type-booking"},"_links":{"self":[{"href":"https:\/\/informacionturisticatenerife.com\/fr\/wp-json\/wp\/v2\/product\/13300","targetHints":{"allow":["GET"]}}],"collection":[{"href":"https:\/\/informacionturisticatenerife.com\/fr\/wp-json\/wp\/v2\/product"}],"about":[{"href":"https:\/\/informacionturisticatenerife.com\/fr\/wp-json\/wp\/v2\/types\/product"}],"replies":[{"embeddable":true,"href":"https:\/\/informacionturisticatenerife.com\/fr\/wp-json\/wp\/v2\/comments?post=13300"}],"wp:featuredmedia":[{"embeddable":true,"href":"https:\/\/informacionturisticatenerife.com\/fr\/wp-json\/wp\/v2\/media\/14295"}],"wp:attachment":[{"href":"https:\/\/informacionturisticatenerife.com\/fr\/wp-json\/wp\/v2\/media?parent=13300"}],"wp:term":[{"taxonomy":"product_brand","embeddable":true,"href":"https:\/\/informacionturisticatenerife.com\/fr\/wp-json\/wp\/v2\/product_brand?post=13300"},{"taxonomy":"product_cat","embeddable":true,"href":"https:\/\/informacionturisticatenerife.com\/fr\/wp-json\/wp\/v2\/product_cat?post=13300"},{"taxonomy":"product_tag","embeddable":true,"href":"https:\/\/informacionturisticatenerife.com\/fr\/wp-json\/wp\/v2\/product_tag?post=13300"}],"curies":[{"name":"wp","href":"https:\/\/api.w.org\/{rel}","templated":true}]}}