{"id":13269,"date":"2019-04-15T20:45:40","date_gmt":"2019-04-15T18:45:40","guid":{"rendered":"http:\/\/informacionturisticatenerife.com\/producto\/excursion-la-laguna-santa-cruz-taganana\/"},"modified":"2025-10-09T09:02:01","modified_gmt":"2025-10-09T08:02:01","slug":"excursion-la-laguna-santa-cruz-taganana","status":"publish","type":"product","link":"https:\/\/informacionturisticatenerife.com\/fr\/producto\/excursion-la-laguna-santa-cruz-taganana\/","title":{"rendered":"Excursion La Laguna &#8211; Santa Cruz &#8211; Taganana"},"content":{"rendered":"<p>Nous allons par l\u2019autoroute vers la capitale, une ville gaie et commerciale, avec son port, un des plus importants d\u00b4Espagne. Nous avons du temps libre pour faire des achats, visiter les monuments et les mus\u00e9es. En passant par San Crist\u00f3bal de La Laguna nous entrons dans le Monte de Las Mercedes avec ses points de vue Jardina et Pico del Ingl\u00e9s. Par la cordill\u00e8re d Anaga nous arrivons \u00e1 Taganana avec sa belle vall\u00e9e et ses plages de el Roque et Taganana. Temps libre pour d\u00e9jeuner ou pique-nique (en option). Nous retournons par El Bailadero El la plage de Teresitas, d\u00b4o\u00f9 nous continuons ries, la \u00ab\u00a0Vierge de Candelaria\u00a0\u00bb.<\/p>\n<p><strong>Dur\u00e9e: 7:3h\u00a0 environ<\/strong><\/p>\n","protected":false},"excerpt":{"rendered":"<div class=\"prewrap\">\n<p>Nous avons du temps libre pour faire des achats, visiter les monuments et les mus\u00e9es. En passant par San Crist\u00f3bal de La Laguna nous entrons dans le Monte de Las Mercedes avec ses points de vue Jardina et Pico del Ingl\u00e9s. Par la cordill\u00e8re d Anaga nous arrivons \u00e1 Taganana avec sa belle vall\u00e9e et ses plages de el Roque et Taganana. Temps libre pour d\u00e9jeuner ou pique-nique (en option). Nous retournons par El Bailadero El la plage de Teresitas, d\u00b4o\u00f9 nous continuons ries, la \u00ab\u00a0Vierge de Candelaria\u00a0\u00bb.<\/p>\n<p><strong>Dur\u00e9e: 7:3h\u00a0 environ<\/strong><\/p>\n<\/div>\n","protected":false},"featured_media":13271,"comment_status":"open","ping_status":"closed","template":"","meta":[],"product_brand":[],"product_cat":[140],"product_tag":[93,199,166,200,96,142],"class_list":{"0":"post-13269","1":"product","2":"type-product","3":"status-publish","4":"has-post-thumbnail","6":"product_cat-terrestre-fr","7":"product_tag-canarias-fr","8":"product_tag-san-cristobal-de-la-laguna-fr","9":"product_tag-santa-cruz-de-tenerife-fr","10":"product_tag-taganana-fr","11":"product_tag-tenerife-fr","12":"product_tag-tour-fr","14":"first","15":"instock","16":"virtual","17":"sold-individually","18":"taxable","19":"purchasable","20":"product-type-booking"},"_links":{"self":[{"href":"https:\/\/informacionturisticatenerife.com\/fr\/wp-json\/wp\/v2\/product\/13269","targetHints":{"allow":["GET"]}}],"collection":[{"href":"https:\/\/informacionturisticatenerife.com\/fr\/wp-json\/wp\/v2\/product"}],"about":[{"href":"https:\/\/informacionturisticatenerife.com\/fr\/wp-json\/wp\/v2\/types\/product"}],"replies":[{"embeddable":true,"href":"https:\/\/informacionturisticatenerife.com\/fr\/wp-json\/wp\/v2\/comments?post=13269"}],"wp:featuredmedia":[{"embeddable":true,"href":"https:\/\/informacionturisticatenerife.com\/fr\/wp-json\/wp\/v2\/media\/13271"}],"wp:attachment":[{"href":"https:\/\/informacionturisticatenerife.com\/fr\/wp-json\/wp\/v2\/media?parent=13269"}],"wp:term":[{"taxonomy":"product_brand","embeddable":true,"href":"https:\/\/informacionturisticatenerife.com\/fr\/wp-json\/wp\/v2\/product_brand?post=13269"},{"taxonomy":"product_cat","embeddable":true,"href":"https:\/\/informacionturisticatenerife.com\/fr\/wp-json\/wp\/v2\/product_cat?post=13269"},{"taxonomy":"product_tag","embeddable":true,"href":"https:\/\/informacionturisticatenerife.com\/fr\/wp-json\/wp\/v2\/product_tag?post=13269"}],"curies":[{"name":"wp","href":"https:\/\/api.w.org\/{rel}","templated":true}]}}