{"id":13260,"date":"2019-04-15T20:44:40","date_gmt":"2019-04-15T18:44:40","guid":{"rendered":"http:\/\/informacionturisticatenerife.com\/producto\/excursion-teide-masca-icod-garachico\/"},"modified":"2025-10-09T08:56:44","modified_gmt":"2025-10-09T07:56:44","slug":"excursion-teide-masca-icod-garachico","status":"publish","type":"product","link":"https:\/\/informacionturisticatenerife.com\/fr\/producto\/excursion-teide-masca-icod-garachico\/","title":{"rendered":"Excursion Teide &#8211; Masca &#8211; Icod &#8211; Garachico"},"content":{"rendered":"<div class=\"prewrap\">\n<div class=\"prewrap\">\n<div class=\"prewrap\">\n<p>D\u00e9part de Puerto de la Cruz en direction de Icod de los Vinos, o\u00f9 se trouve le fameux et l\u00e9gendaire Dragonnier Mill\u00e9naire. Nous irons ensuite au Belv\u00e9d\u00e8re de Garachico afin d\u2019admirer une merveilleuse vue sur ce village, ras\u00e9 par l&rsquo;\u00e9ruption de Arenas Negras (1706). Ensuite nous monterons vers les sommets de Erjos pour arriver \u00e0 Santiago del Teide, d\u2019o\u00f9 nous descendrons jusqu&rsquo;au hameau de Masca (600-700 m au dessus du niveau de la mer), o\u00f9 nous disposerons de temps libre pour visiter le hameau. Puis nous nous dirigerons vers Garachico, qui connut un grand essor commercial aux XVIe et XVIIe si\u00e8cles et dont le style architectural typiquement canarien fait que ce village soit tr\u00e8s int\u00e9ressant \u00e0 visiter. Temps libre pour le repas (optionnel). Retour \u00e0 Puerto de la Cruz.<\/p>\n<\/div>\n<div><strong>Dur\u00e9e: 08:00 environ<\/strong><\/div>\n<\/div>\n<\/div>\n","protected":false},"excerpt":{"rendered":"<div class=\"prewrap\">\n<div class=\"prewrap\">\n<p>D\u00e9part de Puerto de la Cruz en direction de Icod de los Vinos, o\u00f9 se trouve le fameux et l\u00e9gendaire Dragonnier Mill\u00e9naire.<\/p>\n<\/div>\n<div class=\"clearfix\"><strong>Dur\u00e9e: 08:00 environ<\/strong><\/div>\n<\/div>\n","protected":false},"featured_media":13261,"comment_status":"open","ping_status":"closed","template":"","meta":[],"product_brand":[],"product_cat":[140],"product_tag":[93,175,176,177,162,96,142],"class_list":{"0":"post-13260","1":"product","2":"type-product","3":"status-publish","4":"has-post-thumbnail","6":"product_cat-terrestre-fr","7":"product_tag-canarias-fr","8":"product_tag-drago-milenario-fr","9":"product_tag-garachico-fr","10":"product_tag-icod-de-los-vinos-fr","11":"product_tag-teide-fr","12":"product_tag-tenerife-fr","13":"product_tag-tour-fr","15":"first","16":"instock","17":"virtual","18":"sold-individually","19":"taxable","20":"purchasable","21":"product-type-booking"},"_links":{"self":[{"href":"https:\/\/informacionturisticatenerife.com\/fr\/wp-json\/wp\/v2\/product\/13260","targetHints":{"allow":["GET"]}}],"collection":[{"href":"https:\/\/informacionturisticatenerife.com\/fr\/wp-json\/wp\/v2\/product"}],"about":[{"href":"https:\/\/informacionturisticatenerife.com\/fr\/wp-json\/wp\/v2\/types\/product"}],"replies":[{"embeddable":true,"href":"https:\/\/informacionturisticatenerife.com\/fr\/wp-json\/wp\/v2\/comments?post=13260"}],"wp:featuredmedia":[{"embeddable":true,"href":"https:\/\/informacionturisticatenerife.com\/fr\/wp-json\/wp\/v2\/media\/13261"}],"wp:attachment":[{"href":"https:\/\/informacionturisticatenerife.com\/fr\/wp-json\/wp\/v2\/media?parent=13260"}],"wp:term":[{"taxonomy":"product_brand","embeddable":true,"href":"https:\/\/informacionturisticatenerife.com\/fr\/wp-json\/wp\/v2\/product_brand?post=13260"},{"taxonomy":"product_cat","embeddable":true,"href":"https:\/\/informacionturisticatenerife.com\/fr\/wp-json\/wp\/v2\/product_cat?post=13260"},{"taxonomy":"product_tag","embeddable":true,"href":"https:\/\/informacionturisticatenerife.com\/fr\/wp-json\/wp\/v2\/product_tag?post=13260"}],"curies":[{"name":"wp","href":"https:\/\/api.w.org\/{rel}","templated":true}]}}