{"id":13228,"date":"2020-09-09T19:49:07","date_gmt":"2019-04-15T18:41:07","guid":{"rendered":"http:\/\/informacionturisticatenerife.com\/producto\/excursion-al-teide-teleferico\/"},"modified":"2024-05-25T14:30:14","modified_gmt":"2024-05-25T13:30:14","slug":"parc-national-du-teide-teleferico-facultatif","status":"publish","type":"product","link":"https:\/\/informacionturisticatenerife.com\/fr\/producto\/parc-national-du-teide-teleferico-facultatif\/","title":{"rendered":"Parc national du Teide + Teleferico (facultatif)"},"content":{"rendered":"<div class=\"prewrap\">\n<div class=\"prewrap\">\n<div class=\"prewrap\">\n<div class=\"prewrap\">\n<div class=\"prewrap\">\n<p>Cette excursion vous m\u00e8nera \u00e0 travers les hauteurs pour vivre une exp\u00e9rience unique, conna\u00eetre le\u00a0<strong>plus haut sommet d&rsquo;Espagne<\/strong>:\u00a0<strong>El Teide<\/strong>.<\/p>\n<p>Nous traverserons les for\u00eats de\u00a0<strong>pins des Canaries<\/strong>\u00a0jusqu&rsquo;\u00e0 atteindre le\u00a0<strong>parc national du Teide<\/strong>, situ\u00e9 \u00e0 environ 2000 m\u00e8tres d&rsquo;altitude. Cet espace naturel a \u00e9t\u00e9 d\u00e9clar\u00e9 parc national en 1954, dans le but de prot\u00e9ger ce paysage d&rsquo;une incroyable beaut\u00e9 et d&rsquo;une haute valeur \u00e9cologique.<\/p>\n<p>En chemin, nous ferons quelques arr\u00eats pour que vous puissiez admirer tout ce que cet espace naturel offre. Les Ca\u00f1adas del Teide forment une caldeira de 17 km. sur lequel se trouve le sommet du volcan. Un paysage qui avec ses c\u00f4nes, ses coul\u00e9es de lave et ses grottes semble venir d&rsquo;une autre plan\u00e8te.<\/p>\n<p>Plus tard, nous irons \u00e0 la base du t\u00e9l\u00e9ph\u00e9rique o\u00f9 vous pourrez profiter d&rsquo;une vue magnifique sur la\u00a0<strong>vall\u00e9e d&rsquo;Ucanca<\/strong>.<\/p>\n<p>Vous aurez ensuite du temps libre pour\u00a0<strong>d\u00e9jeuner<\/strong>\u00a0seul ou pour profiter de la gastronomie canarienne en d\u00e9gustant l&rsquo;un des menus que nous vous recommandons dans certains des restaurants de la r\u00e9gion\u00a0<strong>d&rsquo;El Portillo<\/strong>.<\/p>\n<p>En option,et\u00a0soumis \u00e0 disponibilit\u00e9, vous pouvez monter sur le\u00a0<strong>t\u00e9l\u00e9ph\u00e9rique du Teide<\/strong>\u00a0jusqu&rsquo;\u00e0 la station La Rambleta, situ\u00e9e \u00e0 3550 m d&rsquo;altitude, \u00e0 quelques m\u00e8tres du plus haut sommet d&rsquo;Espagne.<\/p>\n<p>Nous visiterons les\u00a0<strong>Roques de Garc\u00eda<\/strong>, o\u00f9 vous verrez l&rsquo;une des images les plus embl\u00e9matiques de Tenerife, ainsi que d&rsquo;autres attractions importantes du parc national.<\/p>\n<\/div>\n<div><strong><strong><strong>Disponible: mardi et samedi<\/strong><\/strong><strong><strong><br \/>\n<\/strong><\/strong><\/strong><strong><strong><br \/>\n<\/strong><\/strong><strong>Dur\u00e9e: 08:00 environ<\/strong><\/div>\n<div><\/div>\n<\/div>\n<\/div>\n<\/div>\n<\/div>\n<p><iframe loading=\"lazy\" title=\"YouTube video player\" src=\"https:\/\/www.youtube.com\/embed\/2ajqbQWkBGk\" width=\"560\" height=\"315\" frameborder=\"0\" allowfullscreen=\"allowfullscreen\"><\/iframe><\/p>\n","protected":false},"excerpt":{"rendered":"<div class=\"prewrap\">\n<div class=\"prewrap\">\n<div class=\"prewrap\">\n<div class=\"prewrap\">\n<p>Cette excursion vous m\u00e8nera \u00e0 travers les hauteurs pour vivre une exp\u00e9rience unique, conna\u00eetre le\u00a0<strong>plus haut sommet d&rsquo;Espagne<\/strong>:\u00a0<strong>El Teide<\/strong>.<\/p>\n<p>Nous traverserons les for\u00eats de\u00a0<strong>pins des Canaries<\/strong>\u00a0jusqu&rsquo;\u00e0 atteindre le\u00a0<strong>parc national du Teide<\/strong>, situ\u00e9 \u00e0 environ 2000 m\u00e8tres d&rsquo;altitude. Cet espace naturel a \u00e9t\u00e9 d\u00e9clar\u00e9 parc national en 1954, dans le but de prot\u00e9ger ce paysage d&rsquo;une incroyable beaut\u00e9 et d&rsquo;une haute valeur \u00e9cologique.<\/p>\n<p>&nbsp;<\/p>\n<\/div>\n<div><strong>Disponible: mardi et samedi<br \/>\n<\/strong><strong><br \/>\n<\/strong><strong>Dur\u00e9e: 08:00 environ<\/strong><\/div>\n<\/div>\n<div><\/div>\n<\/div>\n<\/div>\n<p><iframe loading=\"lazy\" title=\"YouTube video player\" src=\"https:\/\/www.youtube.com\/embed\/2ajqbQWkBGk\" width=\"560\" height=\"315\" frameborder=\"0\" allowfullscreen=\"allowfullscreen\"><\/iframe><\/p>\n","protected":false},"featured_media":13229,"comment_status":"open","ping_status":"closed","template":"","meta":[],"product_brand":[],"product_cat":[140],"product_tag":[93,162,96,142],"class_list":{"0":"post-13228","1":"product","2":"type-product","3":"status-publish","4":"has-post-thumbnail","6":"product_cat-terrestre-fr","7":"product_tag-canarias-fr","8":"product_tag-teide-fr","9":"product_tag-tenerife-fr","10":"product_tag-tour-fr","12":"first","13":"instock","14":"virtual","15":"sold-individually","16":"taxable","17":"purchasable","18":"product-type-booking"},"_links":{"self":[{"href":"https:\/\/informacionturisticatenerife.com\/fr\/wp-json\/wp\/v2\/product\/13228","targetHints":{"allow":["GET"]}}],"collection":[{"href":"https:\/\/informacionturisticatenerife.com\/fr\/wp-json\/wp\/v2\/product"}],"about":[{"href":"https:\/\/informacionturisticatenerife.com\/fr\/wp-json\/wp\/v2\/types\/product"}],"replies":[{"embeddable":true,"href":"https:\/\/informacionturisticatenerife.com\/fr\/wp-json\/wp\/v2\/comments?post=13228"}],"wp:featuredmedia":[{"embeddable":true,"href":"https:\/\/informacionturisticatenerife.com\/fr\/wp-json\/wp\/v2\/media\/13229"}],"wp:attachment":[{"href":"https:\/\/informacionturisticatenerife.com\/fr\/wp-json\/wp\/v2\/media?parent=13228"}],"wp:term":[{"taxonomy":"product_brand","embeddable":true,"href":"https:\/\/informacionturisticatenerife.com\/fr\/wp-json\/wp\/v2\/product_brand?post=13228"},{"taxonomy":"product_cat","embeddable":true,"href":"https:\/\/informacionturisticatenerife.com\/fr\/wp-json\/wp\/v2\/product_cat?post=13228"},{"taxonomy":"product_tag","embeddable":true,"href":"https:\/\/informacionturisticatenerife.com\/fr\/wp-json\/wp\/v2\/product_tag?post=13228"}],"curies":[{"name":"wp","href":"https:\/\/api.w.org\/{rel}","templated":true}]}}