{"id":13192,"date":"2019-04-15T20:37:56","date_gmt":"2019-04-15T18:37:56","guid":{"rendered":"http:\/\/informacionturisticatenerife.com\/producto\/santa-cruz-shopping-medio-dia\/"},"modified":"2024-06-16T20:50:51","modified_gmt":"2024-06-16T19:50:51","slug":"santa-cruz-shopping-excursion-depart-du-sud-de-tenerife","status":"publish","type":"product","link":"https:\/\/informacionturisticatenerife.com\/fr\/producto\/santa-cruz-shopping-excursion-depart-du-sud-de-tenerife\/","title":{"rendered":"Santa Cruz Shopping Excursion (D\u00e9part du sud de Tenerife)"},"content":{"rendered":"<div class=\"prewrap\">\n<div class=\"prewrap\">\n<div class=\"prewrap\">\n<div class=\"prewrap\">\n<p>La capitale de Tenerife a \u00e9t\u00e9 fond\u00e9e en 1494. Il a gagn\u00e9 une r\u00e9putation comme un emplacement de premier choix pour faire du shopping en Europe. Nous allons profiter de la vie commerciale de la ville et la gentillesse de ses habitants, avec le temps pour faire du shopping et visiter les lieux de grand int\u00e9r\u00eat. Beaut\u00e9 de cette ville avec ses magnifiques parcs et quelques b\u00e2timents d&rsquo;avant-garde qui ne laisse personne indiff\u00e9rent \u00a0(l&rsquo;Auditorio de Tenerife, Place d&rsquo;Espagne, l&rsquo;\u00e9glise de la Conception et de la zone Noria).<\/p>\n<\/div>\n<div><strong>Dur\u00e9e: 05:00 enviro<\/strong><\/div>\n<\/div>\n<\/div>\n<\/div>\n","protected":false},"excerpt":{"rendered":"<div class=\"prewrap\">\n<div class=\"prewrap\">\n<div class=\"prewrap\">\n<div class=\"prewrap\">\n<p>Il a gagn\u00e9 une r\u00e9putation comme un emplacement de premier choix pour faire du shopping en Europe. Nous allons profiter de la vie commerciale de la ville et la gentillesse de ses habitants, avec le temps pour faire du shopping et visiter les lieux de grand int\u00e9r\u00eat. Beaut\u00e9 de cette ville avec ses magnifiques parcs et quelques b\u00e2timents d&rsquo;avant-garde qui ne laisse personne indiff\u00e9rent \u00a0(l&rsquo;Auditorio de Tenerife, Place d&rsquo;Espagne, l&rsquo;\u00e9glise de la Conception et de la zone Noria).<\/p>\n<\/div>\n<div><strong>Dur\u00e9e: 05:00 environ<\/strong><\/p>\n<\/div>\n<\/div>\n<\/div>\n<\/div>\n","protected":false},"featured_media":13193,"comment_status":"open","ping_status":"closed","template":"","meta":[],"product_brand":[],"product_cat":[140],"product_tag":[93,166,96,142],"class_list":{"0":"post-13192","1":"product","2":"type-product","3":"status-publish","4":"has-post-thumbnail","6":"product_cat-terrestre-fr","7":"product_tag-canarias-fr","8":"product_tag-santa-cruz-de-tenerife-fr","9":"product_tag-tenerife-fr","10":"product_tag-tour-fr","12":"first","13":"instock","14":"virtual","15":"sold-individually","16":"taxable","17":"purchasable","18":"product-type-booking"},"_links":{"self":[{"href":"https:\/\/informacionturisticatenerife.com\/fr\/wp-json\/wp\/v2\/product\/13192","targetHints":{"allow":["GET"]}}],"collection":[{"href":"https:\/\/informacionturisticatenerife.com\/fr\/wp-json\/wp\/v2\/product"}],"about":[{"href":"https:\/\/informacionturisticatenerife.com\/fr\/wp-json\/wp\/v2\/types\/product"}],"replies":[{"embeddable":true,"href":"https:\/\/informacionturisticatenerife.com\/fr\/wp-json\/wp\/v2\/comments?post=13192"}],"wp:featuredmedia":[{"embeddable":true,"href":"https:\/\/informacionturisticatenerife.com\/fr\/wp-json\/wp\/v2\/media\/13193"}],"wp:attachment":[{"href":"https:\/\/informacionturisticatenerife.com\/fr\/wp-json\/wp\/v2\/media?parent=13192"}],"wp:term":[{"taxonomy":"product_brand","embeddable":true,"href":"https:\/\/informacionturisticatenerife.com\/fr\/wp-json\/wp\/v2\/product_brand?post=13192"},{"taxonomy":"product_cat","embeddable":true,"href":"https:\/\/informacionturisticatenerife.com\/fr\/wp-json\/wp\/v2\/product_cat?post=13192"},{"taxonomy":"product_tag","embeddable":true,"href":"https:\/\/informacionturisticatenerife.com\/fr\/wp-json\/wp\/v2\/product_tag?post=13192"}],"curies":[{"name":"wp","href":"https:\/\/api.w.org\/{rel}","templated":true}]}}