{"id":13172,"date":"2019-04-15T20:34:38","date_gmt":"2019-04-15T18:34:38","guid":{"rendered":"http:\/\/informacionturisticatenerife.com\/producto\/astronomic-tour\/"},"modified":"2024-06-16T20:58:35","modified_gmt":"2024-06-16T19:58:35","slug":"couchers-de-soleil-et-ciel-etoile","status":"publish","type":"product","link":"https:\/\/informacionturisticatenerife.com\/fr\/producto\/couchers-de-soleil-et-ciel-etoile\/","title":{"rendered":"Astronomic Tour au Tenerife avec Visite de l\u2019Observatoire"},"content":{"rendered":"<div class=\"prewrap\">\n<div class=\"prewrap\">\n<div class=\"prewrap\">\n<div class=\"prewrap\">\n<div class=\"prewrap\">\n<div class=\"prewrap\">\n<div class=\"prewrap\">\n<div class=\"prewrap\">\n<div class=\"prewrap\">\n<div class=\"prewrap\">\n<p>C&rsquo;est une excursion parfaite pour les amateurs d&rsquo;astronomie.<\/p>\n<p>Vous commencerez la visite \u00e0\u00a0l&rsquo;observatoire du Teide, o\u00f9 vous ferez une visite guid\u00e9e dans l&rsquo;apr\u00e8s-midi. L\u00e0-bas, votre\u00a0guide Starlight\u00a0(sp\u00e9cialiste de l&rsquo;observation du ciel nocturne) vous expliquera l&rsquo;importance du ciel canarien, des\u00a0t\u00e9lescopes de l&rsquo;observatoire et des diff\u00e9rents projets de\u00a0l&rsquo;Institut d&rsquo;astrophysique des \u00eeles Canaries. Vous pourrez \u00e9galement profiter du soleil comme jamais auparavant, car vous pouvez observer ses taches et ses fus\u00e9es \u00e9clairantes \u00e0 travers le t\u00e9lescope.<\/p>\n<p>Vous d\u00e9couvrirez des \u00e9toiles, des plan\u00e8tes, des galaxies et des amas comme vous ne l\u2019avez jamais imagin\u00e9, tandis que votre guide Starlight vous apprend les constellations, la carte c\u00e9leste et vous fournit des informations int\u00e9ressantes sur les objets que vous observez. \u00c9merveillez-vous devant l&rsquo;immensit\u00e9 de l&rsquo;univers et vivez une exp\u00e9rience sans \u00e9gale dans l&rsquo;un des parcs nationaux les plus visit\u00e9s au monde.<\/p>\n<\/div>\n<div>\n<p><strong>Dur\u00e9e: 05:00 environ<\/strong><\/p>\n<\/div>\n<\/div>\n<\/div>\n<\/div>\n<\/div>\n<\/div>\n<\/div>\n<\/div>\n<\/div>\n<\/div>\n","protected":false},"excerpt":{"rendered":"<div class=\"prewrap\">\n<div class=\"prewrap\">\n<div class=\"prewrap\">\n<div class=\"prewrap\">\n<div class=\"prewrap\">\n<div class=\"prewrap\">\n<div class=\"prewrap\">\n<div class=\"prewrap\">\n<p>Vous commencerez la visite \u00e0\u00a0l&rsquo;observatoire du Teide, o\u00f9 vous ferez une visite guid\u00e9e dans l&rsquo;apr\u00e8s-midi. L\u00e0-bas, votre\u00a0guide Starlight\u00a0(sp\u00e9cialiste de l&rsquo;observation du ciel nocturne) vous expliquera l&rsquo;importance du ciel canarien, des\u00a0t\u00e9lescopes de l&rsquo;observatoire et des diff\u00e9rents projets de\u00a0l&rsquo;Institut d&rsquo;astrophysique des \u00eeles Canaries. Vous pourrez \u00e9galement profiter du soleil comme jamais auparavant, car vous pouvez observer ses taches et ses fus\u00e9es \u00e9clairantes \u00e0 travers le t\u00e9lescope.<\/p>\n<p>\u00c0 la fin du repas, nous irons au pied du Teleferico del Teide et, loin de la pollution lumineuse des zones urbaines, vous d\u00e9couvrirez les secrets du ciel en observation astronomique \u00e0 l&rsquo;\u0153il nu et avec un t\u00e9lescope \u00e0 longue port\u00e9e. Et est-ce que depuis El Teide, vous pouvez voir 83 des 88 constellations officiellement reconnues.<\/p>\n<p>Vous d\u00e9couvrirez des \u00e9toiles, des plan\u00e8tes, des galaxies et des amas comme vous ne l\u2019avez jamais imagin\u00e9, tandis que votre guide Starlight vous apprend les constellations, la carte c\u00e9leste et vous fournit des informations int\u00e9ressantes sur les objets que vous observez. \u00c9merveillez-vous devant l&rsquo;immensit\u00e9 de l&rsquo;univers et vivez une exp\u00e9rience sans \u00e9gale dans l&rsquo;un des parcs nationaux les plus visit\u00e9s au monde.<\/p>\n<\/div>\n<div><strong>Dur\u00e9e: 05:00 environ<\/strong><\/div>\n<\/div>\n<\/div>\n<\/div>\n<\/div>\n<\/div>\n<\/div>\n<\/div>\n","protected":false},"featured_media":13173,"comment_status":"open","ping_status":"closed","template":"","meta":[],"product_brand":[],"product_cat":[140],"product_tag":[93,162,96,142],"class_list":{"0":"post-13172","1":"product","2":"type-product","3":"status-publish","4":"has-post-thumbnail","6":"product_cat-terrestre-fr","7":"product_tag-canarias-fr","8":"product_tag-teide-fr","9":"product_tag-tenerife-fr","10":"product_tag-tour-fr","12":"first","13":"instock","14":"virtual","15":"sold-individually","16":"taxable","17":"purchasable","18":"product-type-booking"},"_links":{"self":[{"href":"https:\/\/informacionturisticatenerife.com\/fr\/wp-json\/wp\/v2\/product\/13172","targetHints":{"allow":["GET"]}}],"collection":[{"href":"https:\/\/informacionturisticatenerife.com\/fr\/wp-json\/wp\/v2\/product"}],"about":[{"href":"https:\/\/informacionturisticatenerife.com\/fr\/wp-json\/wp\/v2\/types\/product"}],"replies":[{"embeddable":true,"href":"https:\/\/informacionturisticatenerife.com\/fr\/wp-json\/wp\/v2\/comments?post=13172"}],"wp:featuredmedia":[{"embeddable":true,"href":"https:\/\/informacionturisticatenerife.com\/fr\/wp-json\/wp\/v2\/media\/13173"}],"wp:attachment":[{"href":"https:\/\/informacionturisticatenerife.com\/fr\/wp-json\/wp\/v2\/media?parent=13172"}],"wp:term":[{"taxonomy":"product_brand","embeddable":true,"href":"https:\/\/informacionturisticatenerife.com\/fr\/wp-json\/wp\/v2\/product_brand?post=13172"},{"taxonomy":"product_cat","embeddable":true,"href":"https:\/\/informacionturisticatenerife.com\/fr\/wp-json\/wp\/v2\/product_cat?post=13172"},{"taxonomy":"product_tag","embeddable":true,"href":"https:\/\/informacionturisticatenerife.com\/fr\/wp-json\/wp\/v2\/product_tag?post=13172"}],"curies":[{"name":"wp","href":"https:\/\/api.w.org\/{rel}","templated":true}]}}