{"id":13164,"date":"2019-05-13T19:23:26","date_gmt":"2019-05-13T17:23:26","guid":{"rendered":"http:\/\/informacionturisticatenerife.com\/producto\/siam-park\/"},"modified":"2024-10-14T12:05:45","modified_gmt":"2024-10-14T11:05:45","slug":"siam-park","status":"publish","type":"product","link":"https:\/\/informacionturisticatenerife.com\/fr\/producto\/siam-park\/","title":{"rendered":"Siam Park Tickets"},"content":{"rendered":"<div class=\"prewrap\">\n<div class=\"prewrap\">\n<p>Le Siam Park, situ\u00e9 sur la c\u00f4te surnomm\u00e9e Costa Adeje (sud de T\u00e9n\u00e9rife), est une des plus grandes nouveaut\u00e9s de l\u2019\u00eele en 2008. Ce parc aquatique int\u00e8gre les technologies les plus avanc\u00e9es dans le myst\u00e8re exotique de l\u2019ancien royaume de Siam. Chaque attraction, dans un m\u00e9lange parfait d\u2019amusement, d\u2019\u00e9motion et d\u2019adr\u00e9naline, fera vivre \u00e0 tous ceux qui oseront s\u2019y aventurer des exp\u00e9riences uniques au monde. L\u2019aventure est servie aux visiteurs de tout \u00e2ge. Les enfants s\u2019amusent dans des espaces pens\u00e9s exclusivement pour eux tels que \u00abLa Ciudad Perdida\u00bb. Les personnes d\u00e9sirant mettre \u00e0 l\u2019\u00e9preuve leur vitesse peuvent monter dans le \u00abNaga Racer\u00bb, la meilleure fa\u00e7on de vivre une course de toboggans en famille. La chute incroyable de la \u00abTorre de Poder\u00bb, le puissant \u00abGigante\u00bb et le spectaculaire \u00abDrag\u00f3n\u00bb feront vivre des \u00e9motions fortes aux plus grands et courageux. Pour ceux qui pr\u00e9f\u00e8rent se reposer, Siam Park propose une plage de sable blanc avec des vues exotiques et des promenades relaxantes dans les eaux cristallines d\u2019un fleuve tranquille. Le parc a aussi une \u00e9cole de surf et une piscine spectaculaire \u00e0 vagues artificielles de plus de trois m\u00e8tres de haut. Siam Park est un endroit unique pour f\u00eater des anniversaires, organiser des f\u00eates priv\u00e9es ou tout type d\u2019\u00e9v\u00e8nement professionnel. La taille de ses installations permet, de plus, d\u2019organiser des \u00e9v\u00e8nements sp\u00e9ciaux tels que des barbecues sur la plage pour plusieurs milliers de personnes. Il dispose aussi d\u2019un amphith\u00e9\u00e2tre avec une capacit\u00e9 de 1500 personnes ainsi que cinq bars et restaurants, dont un tha\u00eflandais et un autre sur la plage. Les \u00eeles paradisiaques sont id\u00e9ales pour des groupes plus petits et les cabanes de luxe VIP, \u00e9quip\u00e9es de mini-bar, WIFI et acc\u00e8s privil\u00e9gi\u00e9 aux attractions du parc, entre autres, permettent de passer une journ\u00e9e dans un environnement exclusif et unique.<\/p>\n<\/div>\n<\/div>\n<div><\/div>\n<div><\/div>\n<div><\/div>\n<div><\/div>\n<div><\/div>\n<div>\n<div><iframe loading=\"lazy\" title=\"YouTube video player\" src=\"https:\/\/www.youtube.com\/embed\/41_RN-XTtkY\" width=\"560\" height=\"315\" frameborder=\"0\" allowfullscreen=\"allowfullscreen\"><\/iframe><\/div>\n<\/div>\n","protected":false},"excerpt":{"rendered":"<div class=\"prewrap\">\n<div class=\"prewrap\">\n<div class=\"prewrap\">\n<div class=\"prewrap\">\n<div class=\"prewrap\">\n<div class=\"prewrap\">\n<div class=\"prewrap\">\n<div class=\"prewrap\">\n<div class=\"prewrap\">\n<div class=\"prewrap\">\n<div class=\"prewrap\">\n<div class=\"prewrap\">\n<div class=\"prewrap\">\n<div class=\"prewrap\">\n<div class=\"prewrap\">\n<div class=\"prewrap\">\n<div class=\"prewrap\">\n<div class=\"prewrap\">\n<div class=\"prewrap\">\n<div class=\"prewrap\">\n<div class=\"prewrap\">\n<div class=\"prewrap\">\n<div class=\"prewrap\">\n<div class=\"prewrap\">\n<div class=\"prewrap\">\n<div class=\"prewrap\">\n<div class=\"prewrap\">\n<div class=\"prewrap\">\n<div class=\"prewrap\">\n<div class=\"prewrap\">\n<div class=\"prewrap\">\n<div class=\"prewrap\">\n<div class=\"prewrap\">\n<div class=\"prewrap\">\n<div class=\"prewrap\">\n<div class=\"prewrap\">\n<div class=\"prewrap\">\n<p>Le Siam Park, situ\u00e9 sur la c\u00f4te surnomm\u00e9e Costa Adeje (sud de T\u00e9n\u00e9rife), est une des plus grandes nouveaut\u00e9s de l\u2019\u00eele en 2008. Ce parc aquatique int\u00e8gre les technologies les plus avanc\u00e9es dans le myst\u00e8re exotique de l\u2019ancien royaume de Siam. Chaque attraction, dans un m\u00e9lange parfait d\u2019amusement, d\u2019\u00e9motion et d\u2019adr\u00e9naline, fera vivre \u00e0 tous ceux qui oseront s\u2019y aventurer des exp\u00e9riences uniques au monde. L\u2019aventure est servie aux visiteurs de tout \u00e2ge. Les enfants s\u2019amusent dans des espaces pens\u00e9s exclusivement pour eux tels que \u00abLa Ciudad Perdida\u00bb. Les personnes d\u00e9sirant mettre \u00e0 l\u2019\u00e9preuve leur vitesse peuvent monter dans le \u00abNaga Racer\u00bb, la meilleure fa\u00e7on de vivre une course de toboggans en famille. La chute incroyable de la \u00abTorre de Poder\u00bb, le puissant \u00abGigante\u00bb et le spectaculaire \u00abDrag\u00f3n\u00bb feront vivre des \u00e9motions fortes aux plus grands et courageux. Pour ceux qui pr\u00e9f\u00e8rent se reposer, Siam Park propose une plage de sable blanc avec des vues exotiques et des promenades relaxantes dans les eaux cristallines d\u2019un fleuve tranquille. Le parc a aussi une \u00e9cole de surf et une piscine spectaculaire \u00e0 vagues artificielles de plus de trois m\u00e8tres de haut. Siam Park est un endroit unique pour f\u00eater des anniversaires, organiser des f\u00eates priv\u00e9es ou tout type d\u2019\u00e9v\u00e8nement professionnel. La taille de ses installations permet, de plus, d\u2019organiser des \u00e9v\u00e8nements sp\u00e9ciaux tels que des barbecues sur la plage pour plusieurs milliers de personnes. Il dispose aussi d\u2019un amphith\u00e9\u00e2tre avec une capacit\u00e9 de 1500 personnes ainsi que cinq bars et restaurants, dont un tha\u00eflandais et un autre sur la plage. Les \u00eeles paradisiaques sont id\u00e9ales pour des groupes plus petits et les cabanes de luxe VIP, \u00e9quip\u00e9es de mini-bar, WIFI et acc\u00e8s privil\u00e9gi\u00e9 aux attractions du parc, entre autres, permettent de passer une journ\u00e9e dans un environnement exclusif et unique.<\/p>\n<\/div>\n<div><\/div>\n<\/div>\n<\/div>\n<div class=\"prewrap\">\n<div><\/div>\n<\/div>\n<\/div>\n<\/div>\n<\/div>\n<\/div>\n<\/div>\n<\/div>\n<\/div>\n<\/div>\n<\/div>\n<\/div>\n<\/div>\n<\/div>\n<\/div>\n<\/div>\n<\/div>\n<\/div>\n<\/div>\n<\/div>\n<\/div>\n<\/div>\n<\/div>\n<\/div>\n<\/div>\n<\/div>\n<\/div>\n<\/div>\n<\/div>\n<\/div>\n<\/div>\n<\/div>\n<\/div>\n<\/div>\n<\/div>\n<\/div>\n<p><iframe loading=\"lazy\" title=\"YouTube video player\" src=\"https:\/\/www.youtube.com\/embed\/41_RN-XTtkY\" width=\"560\" height=\"315\" frameborder=\"0\" allowfullscreen=\"allowfullscreen\"><\/iframe><\/p>\n","protected":false},"featured_media":14375,"comment_status":"open","ping_status":"closed","template":"","meta":[],"product_brand":[],"product_cat":[155],"product_tag":[93,94,156,96],"class_list":{"0":"post-13164","1":"product","2":"type-product","3":"status-publish","4":"has-post-thumbnail","6":"product_cat-parcs-thematiques","7":"product_tag-canarias-fr","8":"product_tag-islas-canarias-fr","9":"product_tag-parques-tematicos-fr","10":"product_tag-tenerife-fr","12":"first","13":"instock","14":"virtual","15":"sold-individually","16":"taxable","17":"purchasable","18":"product-type-booking"},"_links":{"self":[{"href":"https:\/\/informacionturisticatenerife.com\/fr\/wp-json\/wp\/v2\/product\/13164","targetHints":{"allow":["GET"]}}],"collection":[{"href":"https:\/\/informacionturisticatenerife.com\/fr\/wp-json\/wp\/v2\/product"}],"about":[{"href":"https:\/\/informacionturisticatenerife.com\/fr\/wp-json\/wp\/v2\/types\/product"}],"replies":[{"embeddable":true,"href":"https:\/\/informacionturisticatenerife.com\/fr\/wp-json\/wp\/v2\/comments?post=13164"}],"wp:featuredmedia":[{"embeddable":true,"href":"https:\/\/informacionturisticatenerife.com\/fr\/wp-json\/wp\/v2\/media\/14375"}],"wp:attachment":[{"href":"https:\/\/informacionturisticatenerife.com\/fr\/wp-json\/wp\/v2\/media?parent=13164"}],"wp:term":[{"taxonomy":"product_brand","embeddable":true,"href":"https:\/\/informacionturisticatenerife.com\/fr\/wp-json\/wp\/v2\/product_brand?post=13164"},{"taxonomy":"product_cat","embeddable":true,"href":"https:\/\/informacionturisticatenerife.com\/fr\/wp-json\/wp\/v2\/product_cat?post=13164"},{"taxonomy":"product_tag","embeddable":true,"href":"https:\/\/informacionturisticatenerife.com\/fr\/wp-json\/wp\/v2\/product_tag?post=13164"}],"curies":[{"name":"wp","href":"https:\/\/api.w.org\/{rel}","templated":true}]}}