{"id":13156,"date":"2019-05-13T19:27:00","date_gmt":"2019-05-13T17:27:00","guid":{"rendered":"http:\/\/informacionturisticatenerife.com\/producto\/aqualand\/"},"modified":"2022-05-23T17:26:26","modified_gmt":"2022-05-23T16:26:26","slug":"aqualand","status":"publish","type":"product","link":"https:\/\/informacionturisticatenerife.com\/fr\/producto\/aqualand\/","title":{"rendered":"Aqualand Costa Adeje"},"content":{"rendered":"<div class=\"prewrap\">\n<div class=\"prewrap\">\n<p>Parc aquatique situ\u00e9 dans l&rsquo;\u00eele la plus tropicale qui suppose une excellente zone des loisirs et de divertissement combin\u00e9e avec un delphinarium.<\/p>\n<p>Une large gamme d&rsquo;attractions pour tous les \u00e0ges, plus particuli\u00e8rement, o\u00f9 vous pourras profiter du Kamikaze, de le Slalom Super Twister, de l\u00b4Anaconda, du Crazy Race et du parc Mini.Ils ont r\u00e9cemment inaugur\u00e9 la derni\u00e8re attraction appel\u00e9e Boomerang.<\/p>\n<p>En plus, Il offre \u00e9galement un spectacle de dauphins qui \u00e9tonnant : des sauts, des acrobaties, se d\u00e9place \u00e0\u00a0 puce &#8230; Les dauphins sont les \u00e9toiles du parc.Aqualand a 10 dauphins des diff\u00e9rents esp\u00e8ces, dont 5 sont n\u00e9s dans des installations du parc.<\/p>\n<\/div>\n<div>\n<div class=\"dfd-single-description-wrap\">\n<div class=\"woocommerce-product-details__short-description\">\n<div class=\"prewrap\">\n<div class=\"prewrap\">\n<div class=\"prewrap\">\n<div class=\"prewrap\">\n<div class=\"prewrap\">\n<div class=\"prewrap\">\n<div class=\"prewrap\">\n<div class=\"prewrap\">\n<div class=\"prewrap\">\n<div class=\"prewrap\">\n<div class=\"prewrap\">\n<div class=\"prewrap\">\n<div class=\"prewrap\">\n<div class=\"prewrap\">\n<div class=\"prewrap\">\n<div class=\"prewrap\">\n<div class=\"prewrap\">\n<div class=\"prewrap\">\n<div class=\"prewrap\">\n<div class=\"prewrap\">\n<div class=\"prewrap\">\n<div class=\"prewrap\">\n<div class=\"prewrap\">\n<div class=\"prewrap\">\n<div class=\"prewrap\">\n<div class=\"prewrap\">\n<div class=\"prewrap\">\n<div class=\"prewrap\">\n<div><\/div>\n<\/div>\n<\/div>\n<\/div>\n<\/div>\n<\/div>\n<\/div>\n<\/div>\n<\/div>\n<\/div>\n<\/div>\n<\/div>\n<\/div>\n<\/div>\n<\/div>\n<\/div>\n<\/div>\n<\/div>\n<\/div>\n<\/div>\n<\/div>\n<\/div>\n<\/div>\n<\/div>\n<\/div>\n<\/div>\n<\/div>\n<\/div>\n<\/div>\n<\/div>\n<\/div>\n<\/div>\n<\/div>\n<div>\n<div><\/div>\n<div>\n<p><iframe loading=\"lazy\" title=\"YouTube video player\" src=\"https:\/\/www.youtube.com\/embed\/0zKobSn_t1A\" width=\"560\" height=\"315\" frameborder=\"0\" allowfullscreen=\"allowfullscreen\"><\/iframe><\/p>\n<\/div>\n<\/div>\n","protected":false},"excerpt":{"rendered":"<p>Parc aquatique situ\u00e9 dans l&rsquo;\u00eele la plus tropicale qui suppose une excellente zone des loisirs et de divertissement combin\u00e9e avec un delphinarium.<\/p>\n<p>Une large gamme d&rsquo;attractions pour tous les \u00e0ges, plus particuli\u00e8rement, o\u00f9 vous pourras profiter du Kamikaze, de le Slalom Super Twister, de l\u00b4Anaconda, du Crazy Race et du parc Mini.Ils ont r\u00e9cemment inaugur\u00e9 la derni\u00e8re attraction appel\u00e9e Boomerang.<\/p>\n<p>En plus, Il offre \u00e9galement un spectacle de dauphins qui \u00e9tonnant : des sauts, des acrobaties, se d\u00e9place \u00e0\u00a0 puce &#8230; Les dauphins sont les \u00e9toiles du parc.Aqualand a 10 dauphins des diff\u00e9rents esp\u00e8ces, dont 5 sont n\u00e9s dans des installations du parc.<\/p>\n<p>&nbsp;<\/p>\n<p>&nbsp;<\/p>\n<p><iframe loading=\"lazy\" title=\"YouTube video player\" src=\"https:\/\/www.youtube.com\/embed\/0zKobSn_t1A\" width=\"560\" height=\"315\" frameborder=\"0\" allowfullscreen=\"allowfullscreen\"><\/iframe><\/p>\n","protected":false},"featured_media":14411,"comment_status":"open","ping_status":"closed","template":"","meta":[],"product_brand":[],"product_cat":[155,49],"product_tag":[41,94,156,50,24,96],"class_list":{"0":"post-13156","1":"product","2":"type-product","3":"status-publish","4":"has-post-thumbnail","6":"product_cat-parcs-thematiques","7":"product_cat-parques-tematicos","8":"product_tag-islas-canarias","9":"product_tag-islas-canarias-fr","10":"product_tag-parques-tematicos-fr","11":"product_tag-parques-tematicos","12":"product_tag-tenerife","13":"product_tag-tenerife-fr","15":"first","16":"instock","17":"virtual","18":"sold-individually","19":"taxable","20":"purchasable","21":"product-type-booking"},"_links":{"self":[{"href":"https:\/\/informacionturisticatenerife.com\/fr\/wp-json\/wp\/v2\/product\/13156","targetHints":{"allow":["GET"]}}],"collection":[{"href":"https:\/\/informacionturisticatenerife.com\/fr\/wp-json\/wp\/v2\/product"}],"about":[{"href":"https:\/\/informacionturisticatenerife.com\/fr\/wp-json\/wp\/v2\/types\/product"}],"replies":[{"embeddable":true,"href":"https:\/\/informacionturisticatenerife.com\/fr\/wp-json\/wp\/v2\/comments?post=13156"}],"wp:featuredmedia":[{"embeddable":true,"href":"https:\/\/informacionturisticatenerife.com\/fr\/wp-json\/wp\/v2\/media\/14411"}],"wp:attachment":[{"href":"https:\/\/informacionturisticatenerife.com\/fr\/wp-json\/wp\/v2\/media?parent=13156"}],"wp:term":[{"taxonomy":"product_brand","embeddable":true,"href":"https:\/\/informacionturisticatenerife.com\/fr\/wp-json\/wp\/v2\/product_brand?post=13156"},{"taxonomy":"product_cat","embeddable":true,"href":"https:\/\/informacionturisticatenerife.com\/fr\/wp-json\/wp\/v2\/product_cat?post=13156"},{"taxonomy":"product_tag","embeddable":true,"href":"https:\/\/informacionturisticatenerife.com\/fr\/wp-json\/wp\/v2\/product_tag?post=13156"}],"curies":[{"name":"wp","href":"https:\/\/api.w.org\/{rel}","templated":true}]}}