{"id":13148,"date":"2020-09-09T19:50:07","date_gmt":"2019-05-13T17:30:07","guid":{"rendered":"http:\/\/informacionturisticatenerife.com\/producto\/loro-parque\/"},"modified":"2025-08-12T11:10:35","modified_gmt":"2025-08-12T10:10:35","slug":"loro-parque","status":"publish","type":"product","link":"https:\/\/informacionturisticatenerife.com\/fr\/producto\/loro-parque\/","title":{"rendered":"Loro Parque"},"content":{"rendered":"<div class=\"prewrap\">\n<div class=\"prewrap\">\n<p>Le \u201cmust\u201d des Canaries Loro Parque, une aventure de renomm\u00e9e mondiale et le Parc d\u2019Animaux le plus aim\u00e9 des Canaries. Un paradis naturel gr\u00e2ce auquel vous garderez \u00e0 jamais un souvenir inoubliable de vos vacances. Des exp\u00e9riences extraordinaires vous attendent lorsque vous entrerez en contact avec nos animaux et l\u2019am\u00e9nagement m\u00e9ticuleux de leurs habitats naturels qui vous submergeront compl\u00e8tement dans le r\u00e8gne animal. D\u00e9couvrez l\u2019Antarctique \u00e0 Planet Penguin, avec un iceberg qui abrite plus de 200 pingouins. Installez-vous pour assister \u00e0 notre spectacle Orca Ocean o\u00f9 vous serez \u00e9bahis par la force et l\u2019agilit\u00e9 de nos orques. Nos dauphins, d\u00e9fiant la pesanteur avec leurs acrobaties, vont vous stup\u00e9fier. Que dire de nos lions marins qui vous feront rire tandis que des perroquets aux couleurs \u00e9clatantes voleront autour de vous. Et ne manquez pas de vous promener par des all\u00e9es d\u2019une exub\u00e9rante v\u00e9g\u00e9tation o\u00f9 vous d\u00e9couvrirez des oiseaux et autres animaux des quatre coins du monde. Ne perdez pas l\u2019attraction KATANDRA TREETOPS qui vous surprendra avec le chant des oiseaux \u00e0 la cime des arbres. Voyagez avec nous jusqu\u2019en Australie, traversez des ponts suspendus dans les arbres et des sentiers dans la jungle, \u00e0 la recherche des esp\u00e8ces les plus originales. Les oiseaux viendront \u00e0 votre rencontre pour manger dans vos mains et vous serez les t\u00e9moins du spectacle de leurs plumages color\u00e9s pendant qu\u2019ils voleront en libert\u00e9. Vous pourrez d\u00e9couvrir beaucoup de leurs secrets. Vous vous retrouverez nez \u00e0 nez avec les animaux australiens les plus rares et myst\u00e9rieux.<\/p>\n<\/div>\n<p>&nbsp;<\/p>\n<\/div>\n<div><\/div>\n<div><\/div>\n<div>\n<div><\/div>\n<div><iframe loading=\"lazy\" title=\"YouTube video player\" src=\"https:\/\/www.youtube.com\/embed\/qbMTpEz40Y8\" width=\"560\" height=\"315\" frameborder=\"0\" allowfullscreen=\"allowfullscreen\"><\/iframe><\/div>\n<\/div>\n","protected":false},"excerpt":{"rendered":"<div class=\"prewrap\">\n<div class=\"prewrap\">\n<div class=\"prewrap\">\n<div class=\"prewrap\">\n<div class=\"prewrap\">\n<div class=\"prewrap\">\n<div class=\"prewrap\">\n<div class=\"prewrap\">\n<div class=\"prewrap\">\n<div class=\"prewrap\">\n<div class=\"prewrap\">\n<div class=\"prewrap\">\n<div class=\"prewrap\">\n<div class=\"prewrap\">\n<div class=\"prewrap\">\n<div class=\"prewrap\">\n<div class=\"prewrap\">\n<div class=\"prewrap\">\n<div class=\"prewrap\">\n<div class=\"prewrap\">\n<div class=\"prewrap\">\n<div class=\"prewrap\">\n<div class=\"prewrap\">\n<div class=\"prewrap\">\n<div class=\"prewrap\">\n<div class=\"prewrap\">\n<div class=\"prewrap\">\n<div class=\"prewrap\">\n<div class=\"prewrap\">\n<div class=\"prewrap\">\n<div class=\"prewrap\">\n<div class=\"prewrap\">\n<div class=\"prewrap\">\n<div class=\"prewrap\">\n<div class=\"prewrap\">\n<div class=\"prewrap\">\n<div class=\"prewrap\">\n<p>Le \u201cmust\u201d des Canaries Loro Parque, une aventure de renomm\u00e9e mondiale et le Parc d\u2019Animaux le plus aim\u00e9 des Canaries. Un paradis naturel gr\u00e2ce auquel vous garderez \u00e0 jamais un souvenir inoubliable de vos vacances. Des exp\u00e9riences extraordinaires vous attendent lorsque vous entrerez en contact avec nos animaux et l\u2019am\u00e9nagement m\u00e9ticuleux de leurs habitats naturels qui vous submergeront compl\u00e8tement dans le r\u00e8gne animal. D\u00e9couvrez l\u2019Antarctique \u00e0 Planet Penguin, avec un iceberg qui abrite plus de 200 pingouins. Installez-vous pour assister \u00e0 notre spectacle Orca Ocean o\u00f9 vous serez \u00e9bahis par la force et l\u2019agilit\u00e9 de nos orques. Nos dauphins, d\u00e9fiant la pesanteur avec leurs acrobaties, vont vous stup\u00e9fier. Que dire de nos lions marins qui vous feront rire tandis que des perroquets aux couleurs \u00e9clatantes voleront autour de vous. Et ne manquez pas de vous promener par des all\u00e9es d\u2019une exub\u00e9rante v\u00e9g\u00e9tation o\u00f9 vous d\u00e9couvrirez des oiseaux et autres animaux des quatre coins du monde. Ne perdez pas l\u2019attraction KATANDRA TREETOPS qui vous surprendra avec le chant des oiseaux \u00e0 la cime des arbres. Voyagez avec nous jusqu\u2019en Australie, traversez des ponts suspendus dans les arbres et des sentiers dans la jungle, \u00e0 la recherche des esp\u00e8ces les plus originales. Les oiseaux viendront \u00e0 votre rencontre pour manger dans vos mains et vous serez les t\u00e9moins du spectacle de leurs plumages color\u00e9s pendant qu\u2019ils voleront en libert\u00e9. Vous pourrez d\u00e9couvrir beaucoup de leurs secrets. Vous vous retrouverez nez \u00e0 nez avec les animaux australiens les plus rares et myst\u00e9rieux.<\/p>\n<\/div>\n<div class=\"prewrap\"><\/div>\n<div><\/div>\n<div><\/div>\n<\/div>\n<\/div>\n<\/div>\n<\/div>\n<\/div>\n<\/div>\n<\/div>\n<\/div>\n<\/div>\n<\/div>\n<\/div>\n<\/div>\n<\/div>\n<\/div>\n<\/div>\n<\/div>\n<\/div>\n<\/div>\n<\/div>\n<\/div>\n<\/div>\n<\/div>\n<\/div>\n<\/div>\n<\/div>\n<\/div>\n<\/div>\n<\/div>\n<\/div>\n<\/div>\n<\/div>\n<\/div>\n<\/div>\n<\/div>\n<\/div>\n<\/div>\n<p><iframe loading=\"lazy\" title=\"YouTube video player\" src=\"https:\/\/www.youtube.com\/embed\/qbMTpEz40Y8\" width=\"560\" height=\"315\" frameborder=\"0\" allowfullscreen=\"allowfullscreen\"><\/iframe><\/p>\n","protected":false},"featured_media":13149,"comment_status":"open","ping_status":"closed","template":"","meta":[],"product_brand":[],"product_cat":[155],"product_tag":[94,156,96],"class_list":{"0":"post-13148","1":"product","2":"type-product","3":"status-publish","4":"has-post-thumbnail","6":"product_cat-parcs-thematiques","7":"product_tag-islas-canarias-fr","8":"product_tag-parques-tematicos-fr","9":"product_tag-tenerife-fr","11":"first","12":"instock","13":"virtual","14":"sold-individually","15":"taxable","16":"purchasable","17":"product-type-booking"},"_links":{"self":[{"href":"https:\/\/informacionturisticatenerife.com\/fr\/wp-json\/wp\/v2\/product\/13148","targetHints":{"allow":["GET"]}}],"collection":[{"href":"https:\/\/informacionturisticatenerife.com\/fr\/wp-json\/wp\/v2\/product"}],"about":[{"href":"https:\/\/informacionturisticatenerife.com\/fr\/wp-json\/wp\/v2\/types\/product"}],"replies":[{"embeddable":true,"href":"https:\/\/informacionturisticatenerife.com\/fr\/wp-json\/wp\/v2\/comments?post=13148"}],"wp:featuredmedia":[{"embeddable":true,"href":"https:\/\/informacionturisticatenerife.com\/fr\/wp-json\/wp\/v2\/media\/13149"}],"wp:attachment":[{"href":"https:\/\/informacionturisticatenerife.com\/fr\/wp-json\/wp\/v2\/media?parent=13148"}],"wp:term":[{"taxonomy":"product_brand","embeddable":true,"href":"https:\/\/informacionturisticatenerife.com\/fr\/wp-json\/wp\/v2\/product_brand?post=13148"},{"taxonomy":"product_cat","embeddable":true,"href":"https:\/\/informacionturisticatenerife.com\/fr\/wp-json\/wp\/v2\/product_cat?post=13148"},{"taxonomy":"product_tag","embeddable":true,"href":"https:\/\/informacionturisticatenerife.com\/fr\/wp-json\/wp\/v2\/product_tag?post=13148"}],"curies":[{"name":"wp","href":"https:\/\/api.w.org\/{rel}","templated":true}]}}