{"id":13097,"date":"2019-07-08T17:03:29","date_gmt":"2019-07-08T15:03:29","guid":{"rendered":"http:\/\/informacionturisticatenerife.com\/producto\/visita-platanera-banana-tour\/"},"modified":"2022-05-23T16:14:30","modified_gmt":"2022-05-23T15:14:30","slug":"visita-platanera-banana-tour","status":"publish","type":"product","link":"https:\/\/informacionturisticatenerife.com\/fr\/producto\/visita-platanera-banana-tour\/","title":{"rendered":"Visita Platanera | Banana Tour"},"content":{"rendered":"<div class=\"prewrap\">\n<div class=\"prewrap\">\n<p>FINCA LAS MARGARITAS repose sur une extension importante de coul\u00e9es de lave appel\u00e9es \u00ab malpa\u00eds \u00bb, traduit comme \u00ab mauvais pays \u00bb, il s\u2019ag\u00eet d\u2019un mat\u00e9riel volcanique tr\u00e8s difficile \u00e0 exploiter. Il y a 3 ou 4 millions d\u2019ann\u00e9es, cette roche volcanique a couvert la Plateforme c\u00f4ti\u00e8re de Las Galletas. Dans ce grand espace agricole de 825 Ha, se trouve la superficie de bananeraie sous serre la plus importante de Tenerife et d\u2019ici part chaque ann\u00e9e un volume de plus de 26 mille tonnes \u00e0 l\u2019exportation.<\/p>\n<p><strong>Dur\u00e9e: 01:15 heures environ.<\/strong><\/p>\n<p>&nbsp;<\/p>\n<\/div>\n<\/div>\n<p><iframe loading=\"lazy\" title=\"YouTube video player\" src=\"https:\/\/www.youtube.com\/embed\/uM3DUAOl-5I\" width=\"560\" height=\"315\" frameborder=\"0\" allowfullscreen=\"allowfullscreen\"><\/iframe><\/p>\n","protected":false},"excerpt":{"rendered":"<div class=\"prewrap\">\n<div class=\"prewrap\">\n<p>FINCA LAS MARGARITAS repose sur une extension importante de coul\u00e9es de lave appel\u00e9es \u00ab malpa\u00eds \u00bb, traduit comme \u00ab mauvais pays \u00bb, il s\u2019ag\u00eet d\u2019un mat\u00e9riel volcanique tr\u00e8s difficile \u00e0 exploiter. Il y a 3 ou 4 millions d\u2019ann\u00e9es, cette roche volcanique a couvert la Plateforme c\u00f4ti\u00e8re de Las Galletas. Dans ce grand espace agricole de 825 Ha, se trouve la superficie de bananeraie sous serre la plus importante de Tenerife et d\u2019ici part chaque ann\u00e9e un volume de plus de 26 mille tonnes \u00e0 l\u2019exportation.<\/p>\n<p><strong>Dur\u00e9e: 01:15 heures environ.<\/strong><\/p>\n<p>&nbsp;<\/p>\n<\/div>\n<\/div>\n<p><iframe loading=\"lazy\" title=\"YouTube video player\" src=\"https:\/\/www.youtube.com\/embed\/uM3DUAOl-5I\" width=\"560\" height=\"315\" frameborder=\"0\" allowfullscreen=\"allowfullscreen\"><\/iframe><\/p>\n","protected":false},"featured_media":13099,"comment_status":"open","ping_status":"closed","template":"","meta":[],"product_brand":[],"product_cat":[23,140],"product_tag":[150,52,24,96,142,22],"class_list":{"0":"post-13097","1":"product","2":"type-product","3":"status-publish","4":"has-post-thumbnail","6":"product_cat-terrestre","7":"product_cat-terrestre-fr","8":"product_tag-plataneras-fr","9":"product_tag-plataneras","10":"product_tag-tenerife","11":"product_tag-tenerife-fr","12":"product_tag-tour-fr","13":"product_tag-tour","15":"first","16":"instock","17":"virtual","18":"sold-individually","19":"taxable","20":"purchasable","21":"product-type-booking"},"_links":{"self":[{"href":"https:\/\/informacionturisticatenerife.com\/fr\/wp-json\/wp\/v2\/product\/13097","targetHints":{"allow":["GET"]}}],"collection":[{"href":"https:\/\/informacionturisticatenerife.com\/fr\/wp-json\/wp\/v2\/product"}],"about":[{"href":"https:\/\/informacionturisticatenerife.com\/fr\/wp-json\/wp\/v2\/types\/product"}],"replies":[{"embeddable":true,"href":"https:\/\/informacionturisticatenerife.com\/fr\/wp-json\/wp\/v2\/comments?post=13097"}],"wp:featuredmedia":[{"embeddable":true,"href":"https:\/\/informacionturisticatenerife.com\/fr\/wp-json\/wp\/v2\/media\/13099"}],"wp:attachment":[{"href":"https:\/\/informacionturisticatenerife.com\/fr\/wp-json\/wp\/v2\/media?parent=13097"}],"wp:term":[{"taxonomy":"product_brand","embeddable":true,"href":"https:\/\/informacionturisticatenerife.com\/fr\/wp-json\/wp\/v2\/product_brand?post=13097"},{"taxonomy":"product_cat","embeddable":true,"href":"https:\/\/informacionturisticatenerife.com\/fr\/wp-json\/wp\/v2\/product_cat?post=13097"},{"taxonomy":"product_tag","embeddable":true,"href":"https:\/\/informacionturisticatenerife.com\/fr\/wp-json\/wp\/v2\/product_tag?post=13097"}],"curies":[{"name":"wp","href":"https:\/\/api.w.org\/{rel}","templated":true}]}}