{"id":13076,"date":"2019-07-08T17:28:10","date_gmt":"2019-07-08T15:28:10","guid":{"rendered":"http:\/\/informacionturisticatenerife.com\/producto\/excursion-jeep-vip-tour-la-laguna\/"},"modified":"2022-05-23T10:08:58","modified_gmt":"2022-05-23T09:08:58","slug":"excursion-en-jeep-vip-la-laguna-tour","status":"publish","type":"product","link":"https:\/\/informacionturisticatenerife.com\/fr\/producto\/excursion-en-jeep-vip-la-laguna-tour\/","title":{"rendered":"VIP Tour \u00e0 Anaga et La Laguna"},"content":{"rendered":"<div class=\"prewrap\">\n<div class=\"prewrap\">\n<p>D\u00e9couvrez deux des visages les plus fascinants de Tenerife avec ce VIP Tour \u00e0 Anaga et La Laguna, s\u00fbrement deux des embl\u00e8mes les plus authentiques de l\u2019\u00eele. Faites-le confortablement \u00e0 bord d\u2019un monospace \u00e0 traction sur quatre roues et air climatis\u00e9, seulement accompagn\u00e9 de sept personnes de plus. Vous vouliez un traitement VIP, n\u2019est-ce pas ?<\/p>\n<p>Lorsque le monospace viendra vous prendre \u00e0 votre logement ou point proche, vous mettrez le cap vers San Crist\u00f3bal de La Laguna, ville d\u00e9clar\u00e9e patrimoine de l\u2019humanit\u00e9 qui r\u00e9unit traditions, l\u00e9gendes et beaut\u00e9 \u00e0 chaque coin. D\u00e9couvrez tout \u00e0 propos de cette population singuli\u00e8re avec les explications de l\u2019\u00e9quipe de Tamar\u00e1n qui vous conduit aussi en excursion \u00e0 Anaga.<\/p>\n<p>Agana est une formation volcanique vieille de 7 \u00e0 9 millions d\u2019ann\u00e9es. On y trouve la for\u00eat de laurisylve, des dragonniers des Canaries et des euphorbes des Canaries les plus importants au monde et \u00e0 chaque m\u00e8tre parcouru, vous vous sentirez faire de plus en plus partie d\u2019une atmosph\u00e8re simplement magique. Pendant cette excursion Anaga, vous verrez que cette partie nord poss\u00e8de quelque chose de particulier et vous vous en rendrez compte en y allant.<\/p>\n<p>Ce VIP Tour \u00e0 travers Anaga et La Laguna n\u2019oublie rien : il vous emm\u00e8ne aussi manger jusqu\u2019\u00e0 Plage de Las Teresita et \u00e0 Taganana pour ainsi d\u00e9guster la gastronomie canarienne : tout y est ! Lancez-vous dans cette aventure tr\u00e8s confortable sur quatre roues et ressentez ce que signifie \u00eatre du nord.<\/p>\n<\/div>\n<p><strong>Dur\u00e9e: 08:00 heures environ<\/strong><\/p>\n<p>&nbsp;<\/p>\n<\/div>\n<div>\n<div><\/div>\n<div><\/div>\n<div class=\"prewrap\">\n<p>&nbsp;<\/p>\n<\/div>\n<\/div>\n","protected":false},"excerpt":{"rendered":"<div class=\"prewrap\">\n<div class=\"prewrap\">\n<div class=\"prewrap\">\n<div class=\"prewrap\">\n<div class=\"prewrap\">\n<div class=\"prewrap\">\n<div class=\"prewrap\">\n<div class=\"prewrap\">\n<div class=\"prewrap\">\n<div class=\"prewrap\">\n<div class=\"prewrap\">\n<div class=\"prewrap\">\n<div class=\"prewrap\">\n<div class=\"prewrap\">\n<div class=\"prewrap\">\n<div class=\"prewrap\">\n<div class=\"prewrap\">\n<div class=\"prewrap\">\n<div class=\"prewrap\">\n<div class=\"prewrap\">\n<div class=\"prewrap\">\n<div class=\"prewrap\">\n<div class=\"prewrap\">\n<p>D\u00e9couvrez deux des visages les plus fascinants de Tenerife avec ce VIP Tour \u00e0 Anaga et La Laguna, s\u00fbrement deux des embl\u00e8mes les plus authentiques de l\u2019\u00eele. Faites-le confortablement \u00e0 bord d\u2019un monospace \u00e0 traction sur quatre roues et air climatis\u00e9, seulement accompagn\u00e9 de sept personnes de plus. Vous vouliez un traitement VIP, n\u2019est-ce pas ?<\/p>\n<p>Ce VIP Tour \u00e0 travers Anaga et La Laguna n\u2019oublie rien : il vous emm\u00e8ne aussi manger jusqu\u2019\u00e0 Plage de Las Teresita et \u00e0 Taganana pour ainsi d\u00e9guster la gastronomie canarienne : tout y est ! Lancez-vous dans cette aventure tr\u00e8s confortable sur quatre roues et ressentez ce que signifie \u00eatre du nord.<\/p>\n<\/div>\n<p><strong>Dur\u00e9e: 08:00 heures environ<\/strong><\/p>\n<\/div>\n<\/div>\n<\/div>\n<\/div>\n<\/div>\n<\/div>\n<\/div>\n<\/div>\n<\/div>\n<\/div>\n<\/div>\n<\/div>\n<\/div>\n<\/div>\n<\/div>\n<\/div>\n<\/div>\n<\/div>\n<\/div>\n<\/div>\n<\/div>\n<\/div>\n","protected":false},"featured_media":26423,"comment_status":"open","ping_status":"closed","template":"","meta":[],"product_brand":[],"product_cat":[54,134],"product_tag":[55,92,41,94,96,24],"class_list":{"0":"post-13076","1":"product","2":"type-product","3":"status-publish","4":"has-post-thumbnail","6":"product_cat-jeep-tours","7":"product_cat-jeep-tours-fr","8":"product_tag-aventura-y-naturaleza","9":"product_tag-aventura-y-naturaleza-fr","10":"product_tag-islas-canarias","11":"product_tag-islas-canarias-fr","12":"product_tag-tenerife-fr","13":"product_tag-tenerife","15":"first","16":"instock","17":"virtual","18":"sold-individually","19":"taxable","20":"purchasable","21":"product-type-booking"},"_links":{"self":[{"href":"https:\/\/informacionturisticatenerife.com\/fr\/wp-json\/wp\/v2\/product\/13076","targetHints":{"allow":["GET"]}}],"collection":[{"href":"https:\/\/informacionturisticatenerife.com\/fr\/wp-json\/wp\/v2\/product"}],"about":[{"href":"https:\/\/informacionturisticatenerife.com\/fr\/wp-json\/wp\/v2\/types\/product"}],"replies":[{"embeddable":true,"href":"https:\/\/informacionturisticatenerife.com\/fr\/wp-json\/wp\/v2\/comments?post=13076"}],"wp:featuredmedia":[{"embeddable":true,"href":"https:\/\/informacionturisticatenerife.com\/fr\/wp-json\/wp\/v2\/media\/26423"}],"wp:attachment":[{"href":"https:\/\/informacionturisticatenerife.com\/fr\/wp-json\/wp\/v2\/media?parent=13076"}],"wp:term":[{"taxonomy":"product_brand","embeddable":true,"href":"https:\/\/informacionturisticatenerife.com\/fr\/wp-json\/wp\/v2\/product_brand?post=13076"},{"taxonomy":"product_cat","embeddable":true,"href":"https:\/\/informacionturisticatenerife.com\/fr\/wp-json\/wp\/v2\/product_cat?post=13076"},{"taxonomy":"product_tag","embeddable":true,"href":"https:\/\/informacionturisticatenerife.com\/fr\/wp-json\/wp\/v2\/product_tag?post=13076"}],"curies":[{"name":"wp","href":"https:\/\/api.w.org\/{rel}","templated":true}]}}