{"id":13042,"date":"2019-07-08T18:34:12","date_gmt":"2019-07-08T16:34:12","guid":{"rendered":"http:\/\/informacionturisticatenerife.com\/producto\/castillo-san-miguel-medieval-show\/"},"modified":"2024-10-14T11:48:30","modified_gmt":"2024-10-14T10:48:30","slug":"castillo-san-miguel-medieval-show","status":"publish","type":"product","link":"https:\/\/informacionturisticatenerife.com\/fr\/producto\/castillo-san-miguel-medieval-show\/","title":{"rendered":"Castillo San Miguel | Medieval Show"},"content":{"rendered":"<div>\n<p>Combats, joutes et tournois m\u00e9di\u00e9vaux.\u00a0Deux \u00e9quipes s&rsquo;affronteront, six chevaliers se battront pour l&rsquo;honneur sur leurs chevaux javelots \u00e0 la main, tandis que vous, en tant qu&rsquo;invit\u00e9 du comte, aurez le plaisir d&rsquo;assister au spectacle depuis la loge, avec d\u00eener, vin et eau compris !\u00a0Mangez, buvez, criez et encouragez votre chevalier comme vous l&rsquo;auriez fait au Moyen \u00c2ge.<\/p>\n<p><strong>Dur\u00e9e: 02:15 heures<\/strong><\/p>\n<\/div>\n<div>\n<div class=\"prewrap\">\n<p>&nbsp;<\/p>\n<\/div>\n<\/div>\n<div><iframe loading=\"lazy\" src=\"https:\/\/www.youtube.com\/embed\/6pFSZ8PzJXw\" width=\"560\" height=\"315\" frameborder=\"0\" allowfullscreen=\"allowfullscreen\"><\/iframe><\/div>\n","protected":false},"excerpt":{"rendered":"<div class=\"prewrap\">\n<div class=\"prewrap\">\n<div class=\"prewrap\">\n<div class=\"prewrap\">\n<div class=\"prewrap\">\n<div class=\"prewrap\">\n<div class=\"prewrap\">\n<div class=\"prewrap\">\n<div class=\"prewrap\">\n<div class=\"prewrap\">\n<div class=\"prewrap\">\n<div class=\"prewrap\">\n<div class=\"prewrap\">\n<div class=\"prewrap\">\n<div class=\"prewrap\">\n<div class=\"prewrap\">\n<div class=\"prewrap\">\n<div class=\"prewrap\">\n<div class=\"prewrap\">\n<div class=\"prewrap\">\n<div class=\"prewrap\">\n<div class=\"prewrap\">\n<div class=\"prewrap\">\n<div class=\"prewrap\">\n<div class=\"prewrap\">\n<div class=\"prewrap\">\n<div class=\"prewrap\">\n<div class=\"prewrap\">\n<div class=\"prewrap\">\n<div class=\"prewrap\">\n<div class=\"prewrap\">\n<div class=\"prewrap\">\n<div class=\"prewrap\">\n<div class=\"prewrap\">\n<div class=\"prewrap\">\n<div class=\"prewrap\">\n<div class=\"prewrap\">\n<div class=\"prewrap\">\n<div class=\"prewrap\">\n<div class=\"prewrap\">\n<div>\n<p>Combats, joutes et tournois m\u00e9di\u00e9vaux.\u00a0Deux \u00e9quipes s&rsquo;affronteront, six chevaliers se battront pour l&rsquo;honneur sur leurs chevaux javelots \u00e0 la main, tandis que vous, en tant qu&rsquo;invit\u00e9 du comte, aurez le plaisir d&rsquo;assister au spectacle depuis la loge, avec d\u00eener, vin et eau compris !\u00a0Mangez, buvez, criez et encouragez votre chevalier comme vous l&rsquo;auriez fait au Moyen \u00c2ge.<\/p>\n<p><strong>Dur\u00e9e: 02:15 heures<\/strong><\/p>\n<\/div>\n<p>&nbsp;<\/p>\n<div><\/div>\n<\/div>\n<\/div>\n<\/div>\n<\/div>\n<\/div>\n<\/div>\n<\/div>\n<\/div>\n<\/div>\n<\/div>\n<\/div>\n<\/div>\n<\/div>\n<\/div>\n<\/div>\n<\/div>\n<\/div>\n<\/div>\n<\/div>\n<\/div>\n<\/div>\n<\/div>\n<\/div>\n<\/div>\n<\/div>\n<\/div>\n<\/div>\n<\/div>\n<\/div>\n<\/div>\n<\/div>\n<\/div>\n<\/div>\n<\/div>\n<\/div>\n<\/div>\n<\/div>\n<\/div>\n<\/div>\n<\/div>\n<p><iframe loading=\"lazy\" title=\"YouTube video player\" src=\"https:\/\/www.youtube.com\/embed\/6pFSZ8PzJXw\" width=\"560\" height=\"315\" frameborder=\"0\" allowfullscreen=\"allowfullscreen\"><\/iframe><\/p>\n","protected":false},"featured_media":13044,"comment_status":"open","ping_status":"closed","template":"","meta":[],"product_brand":[],"product_cat":[119,140],"product_tag":[120,94,96],"class_list":{"0":"post-13042","1":"product","2":"type-product","3":"status-publish","4":"has-post-thumbnail","6":"product_cat-des-spectacles","7":"product_cat-terrestre-fr","8":"product_tag-espectaculo-fr","9":"product_tag-islas-canarias-fr","10":"product_tag-tenerife-fr","12":"first","13":"instock","14":"virtual","15":"sold-individually","16":"taxable","17":"purchasable","18":"product-type-booking"},"_links":{"self":[{"href":"https:\/\/informacionturisticatenerife.com\/fr\/wp-json\/wp\/v2\/product\/13042","targetHints":{"allow":["GET"]}}],"collection":[{"href":"https:\/\/informacionturisticatenerife.com\/fr\/wp-json\/wp\/v2\/product"}],"about":[{"href":"https:\/\/informacionturisticatenerife.com\/fr\/wp-json\/wp\/v2\/types\/product"}],"replies":[{"embeddable":true,"href":"https:\/\/informacionturisticatenerife.com\/fr\/wp-json\/wp\/v2\/comments?post=13042"}],"wp:featuredmedia":[{"embeddable":true,"href":"https:\/\/informacionturisticatenerife.com\/fr\/wp-json\/wp\/v2\/media\/13044"}],"wp:attachment":[{"href":"https:\/\/informacionturisticatenerife.com\/fr\/wp-json\/wp\/v2\/media?parent=13042"}],"wp:term":[{"taxonomy":"product_brand","embeddable":true,"href":"https:\/\/informacionturisticatenerife.com\/fr\/wp-json\/wp\/v2\/product_brand?post=13042"},{"taxonomy":"product_cat","embeddable":true,"href":"https:\/\/informacionturisticatenerife.com\/fr\/wp-json\/wp\/v2\/product_cat?post=13042"},{"taxonomy":"product_tag","embeddable":true,"href":"https:\/\/informacionturisticatenerife.com\/fr\/wp-json\/wp\/v2\/product_tag?post=13042"}],"curies":[{"name":"wp","href":"https:\/\/api.w.org\/{rel}","templated":true}]}}